{"id":28,"date":"2019-05-24T10:51:57","date_gmt":"2019-05-24T08:51:57","guid":{"rendered":"http:\/\/spolky.csvts.cz\/czs\/?page_id=28"},"modified":"2022-02-21T10:38:28","modified_gmt":"2022-02-21T09:38:28","slug":"akce","status":"publish","type":"page","link":"http:\/\/www.spolky-csvts.cz\/czs\/uvod\/akce\/","title":{"rendered":"Akce"},"content":{"rendered":"\n<h2 class=\"wp-block-heading\" id=\"plan-odbornych-akci-ceske-zemedelske-spolecnosti-z-s-na-1-pololeti-2022\"><strong>Pl\u00e1n odborn\u00fdch akc\u00ed \u010cesk\u00e9 zem\u011bd\u011blsk\u00e9 spole\u010dnosti z. s. na 1. pololet\u00ed 2022<\/strong><\/h2>\n\n\n\n<p>N\u00e1zev akce:\u00a0\u00a0\u00a0\u00a0\u00a0\u00a0\u00a0\u00a0 \u00a0<strong>Chmela\u0159sk\u00fd kongres<\/strong><br>Term\u00edn:\u00a0\u00a0\u00a0\u00a0\u00a0\u00a0\u00a0\u00a0\u00a0\u00a0\u00a0\u00a0\u00a0\u00a0\u00a0 \u00a025. &#8211; 27. 1. 2022<br>M\u00edsto:\u00a0\u00a0\u00a0\u00a0\u00a0\u00a0\u00a0\u00a0\u00a0\u00a0\u00a0\u00a0\u00a0\u00a0\u00a0\u00a0\u00a0\u00a0\u00a0 Hotel Sen, Senohraby<br>Odborn\u00fd garant:\u00a0 \u00a0\u00a0doc. Ing. Adolf Rybka, CSc.<br>Kontakt:\u00a0\u00a0\u00a0\u00a0\u00a0\u00a0\u00a0\u00a0\u00a0\u00a0\u00a0\u00a0\u00a0\u00a0 \u00a0Ing. Anton\u00edn Svoboda, tel. 221\u00a0082\u00a0270, mobil: 608\u00a0525\u00a0662, e-mail: <a href=\"mailto:antsvoboda@seznam.cz\">antsvoboda@seznam.cz<\/a>; <a href=\"mailto:czs@csvts.cz\">czs<\/a>@admin<\/p>\n\n\n\n<p>N\u00e1zev akce:\u00a0\u00a0\u00a0\u00a0\u00a0\u00a0\u00a0\u00a0 \u00a0<strong>Semin\u00e1\u0159: Semin\u00e1\u0159 k\u00a0agrotechnice chmele<\/strong><br>Term\u00edn:\u00a0\u00a0\u00a0\u00a0\u00a0\u00a0\u00a0\u00a0\u00a0\u00a0\u00a0\u00a0\u00a0\u00a0\u00a0 \u00a03. 2. 2022<br>M\u00edsto:\u00a0\u00a0\u00a0\u00a0\u00a0\u00a0\u00a0\u00a0\u00a0\u00a0\u00a0\u00a0\u00a0\u00a0\u00a0\u00a0\u00a0\u00a0\u00a0 Chmela\u0159sk\u00fd institut s.r.o. \u017datec<br>Odborn\u00fd garant:\u00a0 \u00a0\u00a0doc. Ing. Adolf Rybka, CSc.<br>Kontakt:\u00a0\u00a0\u00a0\u00a0\u00a0\u00a0\u00a0\u00a0\u00a0\u00a0\u00a0\u00a0\u00a0\u00a0 \u00a0Ing. Anton\u00edn Svoboda, tel. 221\u00a0082\u00a0270, mobil: 608\u00a0525\u00a0662,<br>e-mail: <a href=\"mailto:antsvoboda@seznam.cz\">antsvoboda@seznam.cz<\/a>; <a href=\"mailto:czs@csvts.cz\">czs@csvts.cz<\/a><\/p>\n\n\n\n<p>N\u00e1zev akce:&nbsp;&nbsp;&nbsp;&nbsp;&nbsp;&nbsp;&nbsp; &nbsp;<strong>Semin\u00e1\u0159: \u00da\u010detn\u00ed a da\u0148ov\u00e1 uz\u00e1v\u011brka zem\u011bd\u011blsk\u00e9ho podniku za r. 2021 a<\/strong><\/p>\n\n\n\n<p><strong>&nbsp;&nbsp;&nbsp;&nbsp;&nbsp;&nbsp;&nbsp;&nbsp;&nbsp;&nbsp;&nbsp;&nbsp;&nbsp;&nbsp;&nbsp;&nbsp;&nbsp;&nbsp;&nbsp;&nbsp;&nbsp;&nbsp;&nbsp;&nbsp;&nbsp;&nbsp;&nbsp; &nbsp;o\u010dek\u00e1van\u00e9 zm\u011bny pro r. 2022<\/strong><\/p>\n\n\n\n<p>Term\u00edn:&nbsp;&nbsp;&nbsp;&nbsp;&nbsp;&nbsp;&nbsp;&nbsp;&nbsp;&nbsp;&nbsp;&nbsp;&nbsp;&nbsp; &nbsp;16. 2. 2022<\/p>\n\n\n\n<p>M\u00edsto:&nbsp;&nbsp;&nbsp;&nbsp;&nbsp;&nbsp;&nbsp;&nbsp;&nbsp;&nbsp;&nbsp;&nbsp;&nbsp;&nbsp;&nbsp;&nbsp; &nbsp;&nbsp;St\u0159edn\u00ed zem\u011bd\u011blsk\u00e1 technick\u00e1 \u0161kola v Pod\u011bbradech<\/p>\n\n\n\n<p>Odborn\u00ed garanti:&nbsp; &nbsp;Ing. V\u011bra Hor\u00e1kov\u00e1, Ing. Bohum\u00edr Hole\u010dek<\/p>\n\n\n\n<p>Kontakt:&nbsp;&nbsp;&nbsp;&nbsp;&nbsp;&nbsp;&nbsp;&nbsp;&nbsp;&nbsp;&nbsp;&nbsp;&nbsp;&nbsp; Ing. Anton\u00edn Svoboda, tel. 221&nbsp;082&nbsp;270, mobil: 608&nbsp;525&nbsp;662,<\/p>\n\n\n\n<p>&nbsp;&nbsp;&nbsp;&nbsp;&nbsp;&nbsp;&nbsp;&nbsp;&nbsp;&nbsp;&nbsp;&nbsp;&nbsp;&nbsp;&nbsp;&nbsp;&nbsp;&nbsp;&nbsp;&nbsp;&nbsp;&nbsp;&nbsp;&nbsp;&nbsp;&nbsp;&nbsp;&nbsp; e-mail: <a href=\"mailto:antsvoboda@seznam.cz\">antsvoboda@seznam.cz<\/a>; <a href=\"mailto:czs@csvts.cz\">czs@csvts.cz<\/a><\/p>\n\n\n\n<p>N\u00e1zev akce:&nbsp;&nbsp;&nbsp;&nbsp;&nbsp;&nbsp;&nbsp;&nbsp;&nbsp; <a><strong>Semin\u00e1\u0159: <\/strong><strong>Pohled p\u0159es hranice<\/strong><\/a><\/p>\n\n\n\n<p><strong>&nbsp;&nbsp;&nbsp;&nbsp;&nbsp;&nbsp;&nbsp;&nbsp;&nbsp;&nbsp;&nbsp;&nbsp;&nbsp;&nbsp;&nbsp;&nbsp;&nbsp;&nbsp;&nbsp;&nbsp;&nbsp;&nbsp;&nbsp;&nbsp;&nbsp;&nbsp;&nbsp;&nbsp;&nbsp; <\/strong>ve spolupr\u00e1ci s&nbsp;\u010ceskou spole\u010dnost\u00ed rostlinol\u00e9ka\u0159skou z.s.<\/p>\n\n\n\n<p>Term\u00edn:&nbsp;&nbsp;&nbsp;&nbsp;&nbsp;&nbsp;&nbsp;&nbsp;&nbsp;&nbsp;&nbsp;&nbsp;&nbsp;&nbsp;&nbsp;&nbsp; 23. &#8211; 24. 3. 2022<\/p>\n\n\n\n<p>M\u00edsto:&nbsp;&nbsp;&nbsp;&nbsp;&nbsp;&nbsp;&nbsp;&nbsp;&nbsp;&nbsp;&nbsp;&nbsp;&nbsp;&nbsp;&nbsp;&nbsp;&nbsp;&nbsp; Doln\u00ed Dunajovice<\/p>\n\n\n\n<p>Odborn\u00fd garant:&nbsp;&nbsp; Ing. Petr Hara\u0161ta, Ph.D.&nbsp;&nbsp;<\/p>\n\n\n\n<p>Kontakt:&nbsp;&nbsp;&nbsp;&nbsp;&nbsp;&nbsp;&nbsp;&nbsp;&nbsp;&nbsp;&nbsp;&nbsp;&nbsp;&nbsp;&nbsp; Ing. Anton\u00edn Svoboda, tel. 221&nbsp;082&nbsp;270, mobil: 608&nbsp;525&nbsp;662,<\/p>\n\n\n\n<p>&nbsp;&nbsp;&nbsp;&nbsp;&nbsp;&nbsp;&nbsp;&nbsp;&nbsp;&nbsp;&nbsp;&nbsp;&nbsp;&nbsp;&nbsp;&nbsp;&nbsp;&nbsp;&nbsp;&nbsp;&nbsp;&nbsp;&nbsp;&nbsp;&nbsp;&nbsp;&nbsp;&nbsp;&nbsp; e-mail: <a href=\"mailto:antsvoboda@seznam.cz\">antsvoboda@seznam.cz<\/a>; <a href=\"mailto:czs@csvts.cz\">czs@csvts.cz<\/a><\/p>\n\n\n\n<p>N\u00e1zev akce:&nbsp;&nbsp;&nbsp;&nbsp;&nbsp;&nbsp;&nbsp;&nbsp;&nbsp;&nbsp; <strong>Semin\u00e1\u0159: Osivo a zalo\u017een\u00ed porost\u016f lnu a konop\u00ed<\/strong><\/p>\n\n\n\n<p>Term\u00edn: &nbsp;&nbsp;&nbsp;&nbsp;&nbsp;&nbsp;&nbsp;&nbsp;&nbsp;&nbsp;&nbsp;&nbsp;&nbsp;&nbsp;&nbsp;&nbsp;&nbsp;b\u0159ezen 2022<\/p>\n\n\n\n<p>M\u00edsto: &nbsp;&nbsp;&nbsp;&nbsp;&nbsp;&nbsp;&nbsp;&nbsp;&nbsp;&nbsp;&nbsp;&nbsp;&nbsp;&nbsp;&nbsp;&nbsp;&nbsp;&nbsp;&nbsp;&nbsp;Litomy\u0161l<\/p>\n\n\n\n<p>Odborn\u00fd garant: &nbsp;&nbsp;&nbsp;&nbsp;Ing. Prokop \u0160mirous, CSc.<\/p>\n\n\n\n<p>Kontakt: &nbsp;&nbsp;&nbsp;&nbsp;&nbsp;&nbsp;&nbsp;&nbsp;&nbsp;&nbsp;&nbsp;&nbsp;&nbsp;&nbsp;&nbsp;&nbsp;Ing. Anton\u00edn Svoboda, tel. 221 082 270, mobil: 608 525&nbsp;662,<\/p>\n\n\n\n<p>&nbsp;&nbsp;&nbsp;&nbsp;&nbsp;&nbsp;&nbsp;&nbsp;&nbsp;&nbsp;&nbsp;&nbsp;&nbsp;&nbsp;&nbsp;&nbsp;&nbsp;&nbsp;&nbsp;&nbsp;&nbsp;&nbsp;&nbsp;&nbsp;&nbsp;&nbsp;&nbsp;&nbsp;&nbsp;&nbsp;&nbsp; e-mail: <a href=\"mailto:antsvoboda@seznam.cz\">antsvoboda@seznam.cz<\/a>; <a href=\"mailto:czs@csvts.cz\">czs@csvts.cz<\/a><\/p>\n\n\n\n<p>N\u00e1zev akce<strong>:&nbsp;&nbsp;&nbsp;&nbsp;&nbsp;&nbsp;&nbsp;&nbsp;&nbsp; Doprovodn\u00e9 akce p\u0159i veletrz\u00edch: Silva Regina a Biomasa<\/strong><\/p>\n\n\n\n<p>Term\u00edn:&nbsp;&nbsp;&nbsp;&nbsp;&nbsp;&nbsp;&nbsp;&nbsp;&nbsp;&nbsp;&nbsp;&nbsp;&nbsp;&nbsp;&nbsp;&nbsp;&nbsp; 3. &#8211; 6. 4. 2022<\/p>\n\n\n\n<p>M\u00edsto:&nbsp;&nbsp;&nbsp;&nbsp;&nbsp;&nbsp;&nbsp;&nbsp;&nbsp;&nbsp;&nbsp;&nbsp;&nbsp;&nbsp;&nbsp;&nbsp;&nbsp;&nbsp;&nbsp; BVV Veletrhy Brno<\/p>\n\n\n\n<p>Odborn\u00fd garant:&nbsp;&nbsp;&nbsp; doc. Ing. Adolf Rybka, CSc.<\/p>\n\n\n\n<p>Kontakt:&nbsp;&nbsp;&nbsp;&nbsp;&nbsp;&nbsp;&nbsp;&nbsp;&nbsp;&nbsp;&nbsp;&nbsp;&nbsp;&nbsp;&nbsp;&nbsp; Ing. Anton\u00edn Svoboda, tel. 221&nbsp;082&nbsp;270, mobil: 608&nbsp;525&nbsp;662,<\/p>\n\n\n\n<p>&nbsp;&nbsp;&nbsp;&nbsp;&nbsp;&nbsp;&nbsp;&nbsp;&nbsp;&nbsp;&nbsp;&nbsp;&nbsp;&nbsp;&nbsp;&nbsp;&nbsp;&nbsp;&nbsp;&nbsp;&nbsp;&nbsp;&nbsp;&nbsp;&nbsp;&nbsp;&nbsp;&nbsp;&nbsp;&nbsp; e-mail: <a href=\"mailto:antsvoboda@seznam.cz\">antsvoboda@seznam.cz<\/a>; czs@csvts.cz<\/p>\n\n\n\n<p>N\u00e1zev akce:&nbsp;&nbsp;&nbsp;&nbsp;&nbsp;&nbsp;&nbsp;&nbsp;&nbsp;&nbsp; <strong>15. ro\u010dn\u00edk sout\u011b\u017ee: \u017d\u00edt krajinou&nbsp;&nbsp;&nbsp;&nbsp;&nbsp;&nbsp;&nbsp;&nbsp;&nbsp;&nbsp;&nbsp;&nbsp;<\/strong><\/p>\n\n\n\n<p>Term\u00edny: &nbsp;&nbsp;&nbsp;&nbsp;&nbsp;&nbsp;&nbsp;&nbsp;&nbsp;&nbsp;&nbsp;&nbsp;&nbsp;&nbsp;&nbsp;1. 11. 2021&nbsp;&nbsp;&nbsp;&nbsp;&nbsp;&nbsp;&nbsp;&nbsp;&nbsp;&nbsp; &#8211; vyhl\u00e1\u0161en\u00ed 15. ro\u010dn\u00edku&nbsp;&nbsp;&nbsp;&nbsp;&nbsp;&nbsp;&nbsp;&nbsp;&nbsp;&nbsp;&nbsp;&nbsp;&nbsp;&nbsp;&nbsp;&nbsp;&nbsp;&nbsp;&nbsp;&nbsp;&nbsp;&nbsp;&nbsp;&nbsp;&nbsp;&nbsp;&nbsp;&nbsp;&nbsp;&nbsp;&nbsp;&nbsp;&nbsp;&nbsp;&nbsp;&nbsp;&nbsp;&nbsp;&nbsp;&nbsp;&nbsp;&nbsp;&nbsp;&nbsp;&nbsp;&nbsp;&nbsp;&nbsp;&nbsp;&nbsp;&nbsp;&nbsp;&nbsp;&nbsp;&nbsp;&nbsp;&nbsp;&nbsp;&nbsp;&nbsp;&nbsp;&nbsp;&nbsp;&nbsp;&nbsp;&nbsp;&nbsp;&nbsp;&nbsp;&nbsp;&nbsp;&nbsp;&nbsp;&nbsp;&nbsp;&nbsp;&nbsp;&nbsp;&nbsp;&nbsp;&nbsp;&nbsp;&nbsp;&nbsp;&nbsp;&nbsp;&nbsp;&nbsp;&nbsp;&nbsp;&nbsp;&nbsp;&nbsp;&nbsp;&nbsp;&nbsp;&nbsp;&nbsp;&nbsp;&nbsp;&nbsp;&nbsp;&nbsp;&nbsp;&nbsp;&nbsp;&nbsp;&nbsp;&nbsp;&nbsp;&nbsp;&nbsp;&nbsp;&nbsp;&nbsp;&nbsp;&nbsp;&nbsp;&nbsp;&nbsp;&nbsp;&nbsp;&nbsp;&nbsp;&nbsp;&nbsp;&nbsp;&nbsp;&nbsp;&nbsp;&nbsp;&nbsp;&nbsp;&nbsp;&nbsp;&nbsp;&nbsp;&nbsp;&nbsp;&nbsp;&nbsp;&nbsp;&nbsp;&nbsp;&nbsp;&nbsp;&nbsp;<\/p>\n\n\n\n<p>&nbsp;&nbsp;&nbsp;&nbsp;&nbsp;&nbsp;&nbsp;&nbsp;&nbsp;&nbsp;&nbsp; &nbsp;&nbsp;&nbsp;&nbsp;&nbsp;&nbsp;&nbsp;&nbsp;&nbsp;&nbsp;&nbsp;&nbsp;&nbsp;&nbsp;&nbsp;&nbsp;&nbsp;&nbsp; 28. 2. 2022&nbsp;&nbsp;&nbsp;&nbsp;&nbsp;&nbsp;&nbsp;&nbsp;&nbsp;&nbsp; &#8211; uz\u00e1v\u011brka p\u0159ihl\u00e1\u0161en\u00fdch projekt\u016f<\/p>\n\n\n\n<p>&nbsp;&nbsp;&nbsp;&nbsp;&nbsp;&nbsp;&nbsp;&nbsp;&nbsp;&nbsp;&nbsp;&nbsp;&nbsp;&nbsp;&nbsp;&nbsp;&nbsp;&nbsp;&nbsp;&nbsp;&nbsp;&nbsp; &nbsp;&nbsp;&nbsp;&nbsp;&nbsp;&nbsp;&nbsp;&nbsp;Sout\u011b\u017e\u00ed se ve dvou kategori\u00edch:<\/p>\n\n\n\n<ol class=\"wp-block-list\" type=\"1\"><li><em>Zelen\u00e1 a dopravn\u00ed infrastruktura<\/em>,<\/li><li><em>Tvorba a ochrana krajiny<\/em>.<\/li><\/ol>\n\n\n\n<p>1. &#8211; 30. 4. 2022 &#8211; hodnocen\u00ed projekt\u016f odborn\u00fdmi komisemi<\/p>\n\n\n\n<p>&nbsp;&nbsp;&nbsp;&nbsp;&nbsp;&nbsp;&nbsp;&nbsp;&nbsp;&nbsp;&nbsp; &nbsp;&nbsp;&nbsp;&nbsp;&nbsp;&nbsp;&nbsp;&nbsp;&nbsp;&nbsp;&nbsp;&nbsp;&nbsp;&nbsp;&nbsp;&nbsp;&nbsp;&nbsp; 1. &#8211; 30. 4. 2022 &nbsp;&nbsp;&nbsp;&nbsp;&#8211; hlasov\u00e1n\u00ed ve\u0159ejnosti (web SP\u00da)<\/p>\n\n\n\n<p>&nbsp;&nbsp;&nbsp;&nbsp;&nbsp;&nbsp;&nbsp;&nbsp;&nbsp;&nbsp;&nbsp; &nbsp;&nbsp;&nbsp;&nbsp;&nbsp;&nbsp;&nbsp;&nbsp;&nbsp;&nbsp;&nbsp;&nbsp;&nbsp;&nbsp;&nbsp;&nbsp;&nbsp;&nbsp; 16. &#8211; 31. 5. 2022 &nbsp;&nbsp;&#8211; jedn\u00e1n\u00ed centr\u00e1ln\u00ed komise (potvrzen\u00ed kone\u010dn\u00e9ho po\u0159ad\u00ed)<\/p>\n\n\n\n<p>M\u00edsto: &nbsp;&nbsp;&nbsp;&nbsp;&nbsp;&nbsp;&nbsp;&nbsp;&nbsp;&nbsp;&nbsp;&nbsp;&nbsp;&nbsp;&nbsp;&nbsp;&nbsp;&nbsp;&nbsp;&nbsp;Sen\u00e1t Parlamentu \u010cR, Praha<\/p>\n\n\n\n<p>Odborn\u00fd garant: &nbsp;&nbsp;&nbsp;&nbsp;Ing. Mojm\u00edr Proch\u00e1zka<\/p>\n\n\n\n<p>Kontakt: &nbsp;&nbsp;&nbsp;&nbsp;&nbsp;&nbsp;&nbsp;&nbsp;&nbsp;&nbsp;&nbsp;&nbsp;&nbsp;&nbsp;&nbsp;&nbsp;Ing. Anton\u00edn Svoboda, tel. 221&nbsp;082&nbsp;270, mobil: 608&nbsp;525&nbsp;662,<\/p>\n\n\n\n<p>&nbsp;&nbsp;&nbsp;&nbsp;&nbsp;&nbsp;&nbsp;&nbsp;&nbsp;&nbsp;&nbsp;&nbsp;&nbsp;&nbsp;&nbsp;&nbsp;&nbsp;&nbsp;&nbsp;&nbsp;&nbsp;&nbsp;&nbsp;&nbsp;&nbsp;&nbsp;&nbsp;&nbsp;&nbsp;&nbsp; e-mail: <a href=\"mailto:antsvoboda@seznam.cz\">antsvoboda@seznam.cz<\/a>; <a href=\"mailto:czs@csvts.cz\">czs@csvts.cz<\/a><\/p>\n\n\n\n<p>N\u00e1zev akce:&nbsp;&nbsp;&nbsp;&nbsp;&nbsp;&nbsp;&nbsp;&nbsp;&nbsp; &nbsp;<strong>Exkurze student\u016f \u010cZU v Praze do zem\u011bd\u011blsk\u00fdch a zpracovatelsk\u00fdch<\/strong><\/p>\n\n\n\n<p><strong>&nbsp;&nbsp;&nbsp;&nbsp;&nbsp;&nbsp;&nbsp;&nbsp;&nbsp;&nbsp;&nbsp;&nbsp;&nbsp;&nbsp;&nbsp;&nbsp;&nbsp;&nbsp;&nbsp;&nbsp;&nbsp;&nbsp;&nbsp;&nbsp;&nbsp;&nbsp; &nbsp;&nbsp;&nbsp;&nbsp;podnik\u016f<\/strong><\/p>\n\n\n\n<p>Term\u00edn:&nbsp;&nbsp; &nbsp;&nbsp;&nbsp;&nbsp;&nbsp;&nbsp;&nbsp;&nbsp;&nbsp;&nbsp;&nbsp;&nbsp;&nbsp;&nbsp;&nbsp;17. &#8211; 18. 5. 2022<\/p>\n\n\n\n<p>M\u00edsto:&nbsp;&nbsp;&nbsp;&nbsp;&nbsp;&nbsp;&nbsp;&nbsp;&nbsp;&nbsp;&nbsp;&nbsp;&nbsp;&nbsp;&nbsp;&nbsp;&nbsp;&nbsp;&nbsp; &nbsp;o. Nymburk, o. Praha &#8211; v\u00fdchod<\/p>\n\n\n\n<p>1. den:&nbsp;&nbsp;&nbsp;&nbsp;&nbsp; &nbsp;&nbsp;&nbsp;&nbsp;&nbsp;&nbsp;&nbsp;&nbsp;&nbsp;&nbsp;&nbsp;&nbsp;&nbsp;&nbsp;N\u011bm\u010dice, Seletice, L\u00e1ny, Kanin, Dob\u0161ice, \u017d\u010f\u00e1r, Kn\u011b\u017eice, Cho\u0165ovice,<\/p>\n\n\n\n<p>&nbsp;&nbsp;&nbsp;&nbsp;&nbsp;&nbsp;&nbsp;&nbsp;&nbsp;&nbsp;&nbsp;&nbsp;&nbsp;&nbsp;&nbsp;&nbsp;&nbsp;&nbsp;&nbsp;&nbsp;&nbsp;&nbsp;&nbsp;&nbsp;&nbsp;&nbsp;&nbsp;&nbsp;&nbsp; &nbsp;Krchleby, Dvory<\/p>\n\n\n\n<p>2. den:&nbsp;&nbsp;&nbsp;&nbsp;&nbsp;&nbsp; &nbsp;&nbsp;&nbsp;&nbsp;&nbsp;&nbsp;&nbsp;&nbsp;&nbsp;&nbsp;&nbsp;&nbsp;&nbsp;Konojedy, \u0160kvorec, Z\u00e1py, Br\u00e1zdim<\/p>\n\n\n\n<p>Odborn\u00fd garant:&nbsp;&nbsp;&nbsp;&nbsp; Ing. Zden\u011bk Jahn, CSc.<\/p>\n\n\n\n<p>Kontakt:&nbsp;&nbsp;&nbsp;&nbsp;&nbsp;&nbsp;&nbsp;&nbsp;&nbsp;&nbsp;&nbsp;&nbsp;&nbsp;&nbsp;&nbsp;&nbsp; Ing. Anton\u00edn Svoboda, tel. 221&nbsp;082&nbsp;270, mobil: 608&nbsp;525&nbsp;662,<\/p>\n\n\n\n<p>&nbsp;&nbsp;&nbsp;&nbsp;&nbsp;&nbsp;&nbsp;&nbsp;&nbsp;&nbsp;&nbsp;&nbsp;&nbsp;&nbsp;&nbsp;&nbsp;&nbsp;&nbsp;&nbsp;&nbsp;&nbsp;&nbsp;&nbsp;&nbsp;&nbsp;&nbsp;&nbsp;&nbsp;&nbsp;&nbsp; e-mail: <a href=\"mailto:antsvoboda@seznam.cz\">antsvoboda@seznam.cz<\/a>; <a href=\"mailto:czs@csvts.cz\">czs@csvts.cz<\/a><\/p>\n\n\n\n<p>N\u00e1zev akce:&nbsp;&nbsp;&nbsp;&nbsp;&nbsp;&nbsp;&nbsp;&nbsp;&nbsp;&nbsp; <strong>Semin\u00e1\u0159: Poln\u00ed den lnu a konop\u00ed<\/strong><\/p>\n\n\n\n<p>Term\u00edn: &nbsp;&nbsp;&nbsp;&nbsp;&nbsp;&nbsp;&nbsp;&nbsp;&nbsp;&nbsp;&nbsp;&nbsp;&nbsp;&nbsp;&nbsp;&nbsp;&nbsp;23. 6. 2022<\/p>\n\n\n\n<p>M\u00edsto: &nbsp;&nbsp;&nbsp;&nbsp;&nbsp;&nbsp;&nbsp;&nbsp;&nbsp;&nbsp;&nbsp;&nbsp;&nbsp;&nbsp;&nbsp;&nbsp;&nbsp;&nbsp;&nbsp;&nbsp;\u0160umperk<\/p>\n\n\n\n<p>Odborn\u00fd garant: &nbsp;&nbsp;&nbsp;&nbsp;Ing. Prokop \u0160mirous, CSc.<\/p>\n\n\n\n<p>Kontakt: &nbsp;&nbsp;&nbsp;&nbsp;&nbsp;&nbsp;&nbsp;&nbsp;&nbsp;&nbsp;&nbsp;&nbsp;&nbsp;&nbsp;&nbsp;&nbsp;Ing. Anton\u00edn Svoboda, tel. 221 082 270, mobil: 608 525&nbsp;662,<\/p>\n\n\n\n<p>&nbsp;&nbsp;&nbsp;&nbsp;&nbsp;&nbsp;&nbsp;&nbsp;&nbsp;&nbsp;&nbsp;&nbsp;&nbsp;&nbsp;&nbsp;&nbsp;&nbsp;&nbsp;&nbsp;&nbsp;&nbsp;&nbsp;&nbsp;&nbsp;&nbsp;&nbsp;&nbsp;&nbsp;&nbsp;&nbsp;&nbsp; e-mail: <a href=\"mailto:antsvoboda@seznam.cz\">antsvoboda@seznam.cz<\/a>; <a href=\"mailto:czs@csvts.cz\">czs@csvts.cz<\/a><\/p>\n","protected":false},"excerpt":{"rendered":"<p>Pl\u00e1n odborn\u00fdch akc\u00ed \u010cesk\u00e9 zem\u011bd\u011blsk\u00e9 spole\u010dnosti z. s. na 1. pololet\u00ed 2022 N\u00e1zev akce:\u00a0\u00a0\u00a0\u00a0\u00a0\u00a0\u00a0\u00a0 \u00a0Chmela\u0159sk\u00fd [&hellip;]<\/p>\n","protected":false},"author":1,"featured_media":0,"parent":2,"menu_order":0,"comment_status":"closed","ping_status":"closed","template":"template-full-width.php","meta":{"footnotes":""},"class_list":["post-28","page","type-page","status-publish","hentry"],"_links":{"self":[{"href":"http:\/\/www.spolky-csvts.cz\/czs\/wp-json\/wp\/v2\/pages\/28","targetHints":{"allow":["GET"]}}],"collection":[{"href":"http:\/\/www.spolky-csvts.cz\/czs\/wp-json\/wp\/v2\/pages"}],"about":[{"href":"http:\/\/www.spolky-csvts.cz\/czs\/wp-json\/wp\/v2\/types\/page"}],"author":[{"embeddable":true,"href":"http:\/\/www.spolky-csvts.cz\/czs\/wp-json\/wp\/v2\/users\/1"}],"replies":[{"embeddable":true,"href":"http:\/\/www.spolky-csvts.cz\/czs\/wp-json\/wp\/v2\/comments?post=28"}],"version-history":[{"count":10,"href":"http:\/\/www.spolky-csvts.cz\/czs\/wp-json\/wp\/v2\/pages\/28\/revisions"}],"predecessor-version":[{"id":127,"href":"http:\/\/www.spolky-csvts.cz\/czs\/wp-json\/wp\/v2\/pages\/28\/revisions\/127"}],"up":[{"embeddable":true,"href":"http:\/\/www.spolky-csvts.cz\/czs\/wp-json\/wp\/v2\/pages\/2"}],"wp:attachment":[{"href":"http:\/\/www.spolky-csvts.cz\/czs\/wp-json\/wp\/v2\/media?parent=28"}],"curies":[{"name":"wp","href":"https:\/\/api.w.org\/{rel}","templated":true}]}}