{"id":1061,"date":"2018-03-26T18:37:36","date_gmt":"2018-03-26T16:37:36","guid":{"rendered":"http:\/\/spolky.csvts.cz\/cspzp\/?page_id=1061"},"modified":"2019-03-01T14:30:33","modified_gmt":"2019-03-01T13:30:33","slug":"akce-2018","status":"publish","type":"page","link":"http:\/\/www.spolky-csvts.cz\/spolekzp\/odborna-cinnost\/akce-2018\/","title":{"rendered":"Akce 2018"},"content":{"rendered":"<p>&nbsp;<\/p>\n<p><strong>listopad<\/strong>\u00a0\u00a0<strong>2018<\/strong><\/p>\n<p><span style=\"font-size: 10.0pt; font-family: 'Verdana','sans-serif';\">V\u00e1\u017een\u00ed p\u0159\u00e1tel\u00e9 ,<\/span><\/p>\n<p><span style=\"font-size: 10.0pt; font-family: 'Verdana','sans-serif';\">s\u00a0pot\u011b\u0161en\u00edm si V\u00e1s dovolujeme pozvat na listopadov\u00fd Kabinet odpad\u016f, kter\u00fd se uskute\u010dn\u00ed<\/span><\/p>\n<p><strong><span style=\"font-size: 10.0pt; font-family: 'Verdana','sans-serif';\">ve \u010dtvrtek 8. 11. 2018 v\u00a0Praze v\u00a0budov\u011b M\u017dP, <\/span><\/strong><span style=\"font-size: 10.0pt; font-family: 'Verdana','sans-serif';\">v\u00edce v\u00a0p\u0159ilo\u017een\u00e9 pozv\u00e1nce<strong><span style=\"font-family: 'Verdana','sans-serif';\">. <\/span><\/strong><\/span><\/p>\n<p><span style=\"font-size: 10.0pt; font-family: 'Verdana','sans-serif';\">Kabinet bude ve spolupr\u00e1ci s\u00a0veden\u00edm odboru odpad\u016f M\u017dP zam\u011b\u0159en na aktu\u00e1ln\u00ed informace \u00a0\u00a0\u00a0a probl\u00e9my odpadov\u00e9ho hospod\u00e1\u0159stv\u00ed spojen\u00e9 s\u00a0p\u0159\u00edpravou\u00a0 legislativn\u00edch zm\u011bn s praktick\u00fdm dopadem, zejm\u00e9na u komun\u00e1ln\u00edch odpad\u016f.\u00a0 Kabinet by m\u011bl spolu s diskus\u00ed p\u0159isp\u011bt k\u00a0vyjasn\u011bn\u00ed a \u0159e\u0161en\u00ed n\u011bkter\u00fdch ot\u00e1zek, kter\u00e9 se i debatuj\u00ed z\u00a0r\u016fzn\u00fdch pohled\u016f na \u00farovn\u00edch parlamentn\u00ed, komun\u00e1ln\u00ed a v\u00a0odborn\u00e9 sf\u00e9\u0159e.<\/span><\/p>\n<p><span style=\"font-size: 10.0pt; font-family: 'Verdana','sans-serif';\">\u00a0Uv\u00edt\u00e1me Va\u0161e diskusn\u00ed podn\u011bty a ot\u00e1zky, kter\u00e9 m\u016f\u017eete v\u00a0p\u0159edstihu zaslat na email: <a href=\"mailto:spolekzp@csvts.cz\">spolekzp@csvts.cz<\/a><strong><span style=\"font-family: 'Verdana','sans-serif';\">.<\/span><\/strong><\/span><\/p>\n<p><span style=\"font-size: 10.0pt; font-family: 'Verdana','sans-serif';\">T\u011b\u0161\u00edme se na setk\u00e1n\u00ed s V\u00e1mi!<\/span><\/p>\n<p>&nbsp;<\/p>\n<p>Pozv\u00e1nka na Kabinetodpad\u016f<\/p>\n<p>&nbsp;<\/p>\n<p>\u010cesk\u00fd spolek pro p\u00e9\u010di o \u017eivotn\u00ed prost\u0159ed\u00ed<\/p>\n<p>p\u0159i <a href=\"http:\/\/www.csvts.cz\/\">\u010cesk\u00e9m svazu v\u011bdeckotechnick\u00fdch spole\u010dnost\u00ed<\/a><\/p>\n<p>ve spolupr\u00e1ci s\u00a0odborem odpad\u016f Ministerstva \u017eivotn\u00edho prost\u0159ed\u00ed<\/p>\n<p>dovoluje si V\u00e1s pozvat na<\/p>\n<p><strong>tradi\u010dn\u00ed \u00a0<\/strong><strong>KABINET \u00a0ODPAD\u016e <\/strong>listopad <strong>\u00a0<\/strong><strong>2018<\/strong><\/p>\n<p>&nbsp;<\/p>\n<p>Zam\u011b\u0159en\u00ed: <strong>Aktu\u00e1ln\u00ed informace k \u0159e\u0161en\u00ed probl\u00e9m\u016f v\u00a0odpadov\u00e9m hospod\u00e1\u0159stv\u00ed \u010cR<\/strong><\/p>\n<p>&nbsp;<\/p>\n<p>\u00davod do diskuse:\u00a0 <strong>Ing. Jarom\u00edr Manhart<\/strong>, \u0159editel odboru odpad\u016f<\/p>\n<p><strong>Ing. Bc. Jan Mar\u0161\u00e1k Ph.D<\/strong>., vedouc\u00ed odd\u011blen\u00ed koncepc\u00ed a technologi\u00ed a<\/p>\n<p>z\u00e1stupce \u0159editele odboru odpad\u016f<\/p>\n<p>&nbsp;<\/p>\n<p>&nbsp;<\/p>\n<p>Term\u00edn a \u010das kon\u00e1n\u00ed: <strong>\u010dtvrtek <\/strong><strong>8. 11. 2018 od<\/strong> <strong>13:30 hod<\/strong>. do 16:30 hod.<\/p>\n<p>&nbsp;<\/p>\n<p>M\u00edsto kon\u00e1n\u00ed: \u00a0Ministerstva \u017eivotn\u00edho prost\u0159ed\u00ed \u010cR Vr\u0161ovick\u00e1 65, 100 10 Praha 10<\/p>\n<p><strong>\u00a0\u00a0\u00a0\u00a0\u00a0\u00a0\u00a0\u00a0\u00a0\u00a0\u00a0\u00a0\u00a0\u00a0\u00a0\u00a0\u00a0\u00a0\u00a0\u00a0\u00a0\u00a0\u00a0 <\/strong>zasedac\u00ed m\u00edstnost \u010d. 900<\/p>\n<p>&nbsp;<\/p>\n<p>Odborn\u00fd garant kabinet\u016f: RNDr. Vlastimila Mikulov\u00e1<\/p>\n<p>Organiza\u010dn\u00ed zaji\u0161t\u011bn\u00ed:\u00a0\u00a0\u00a0\u00a0\u00a0\u00a0 \u010cSP\u017dP \u00a0tel. \u010d: 221 082 365; mob.: 603511977 ,<\/p>\n<p>e-mail <a href=\"mailto:spolekzp@csvts.cz\">spolekzp@csvts.cz<\/a><\/p>\n<p>&nbsp;<\/p>\n<p>&nbsp;<\/p>\n<p>&nbsp;<\/p>\n<p><strong>Medi\u00e1ln\u00ed partne\u0159i:<\/strong><\/p>\n<p><strong>\u00a0<\/strong><\/p>\n<p><strong>Enviweb\u00a0\u00a0\u00a0\u00a0\u00a0\u00a0\u00a0\u00a0\u00a0\u00a0\u00a0\u00a0\u00a0\u00a0\u00a0\u00a0\u00a0\u00a0\u00a0\u00a0\u00a0\u00a0\u00a0\u00a0\u00a0\u00a0\u00a0\u00a0\u00a0\u00a0\u00a0\u00a0\u00a0\u00a0\u00a0\u00a0\u00a0\u00a0\u00a0\u00a0\u00a0\u00a0\u00a0\u00a0\u00a0\u00a0\u00a0\u00a0\u00a0\u00a0\u00a0\u00a0 Tretiruka<\/strong><\/p>\n<p><a href=\"http:\/\/www.enviweb.cz\"><strong>www.enviweb.cz<\/strong><\/a><strong>\u00a0\u00a0\u00a0\u00a0\u00a0\u00a0\u00a0\u00a0\u00a0\u00a0\u00a0\u00a0\u00a0\u00a0\u00a0\u00a0\u00a0\u00a0\u00a0\u00a0\u00a0\u00a0\u00a0\u00a0\u00a0\u00a0\u00a0\u00a0\u00a0\u00a0\u00a0\u00a0\u00a0\u00a0\u00a0\u00a0\u00a0\u00a0\u00a0\u00a0 www.tretiruka.cz<\/strong><\/p>\n<p>&nbsp;<\/p>\n<p>&nbsp;<\/p>\n<p><strong>P\u0158IHL\u00c1\u0160KA NA KABINET ODPAD\u016e<\/strong><strong> &#8211; \u00a08. listopad \u00a02018<\/strong><\/p>\n<p>&nbsp;<\/p>\n<p><strong>Uz\u00e1v\u011brka p\u0159ihl\u00e1\u0161ek: <\/strong>P\u0159ihl\u00e1\u0161ky odes\u00edlejte nejl\u00e9pe elektronickou po\u0161tou na adresu: <a href=\"mailto:spolekzp@csvts.cz\">spolekzp@csvts.cz<\/a>, co nejd\u0159\u00edve &#8211; omezen\u00e1 kapacita,\u00a0 nejpozd\u011bji\u00a0 do 6. 11. 2018.<\/p>\n<p>&nbsp;<\/p>\n<p><strong>\u00a0<\/strong><\/p>\n<p>Titul, jm\u00e9no, p\u0159\u00edjmen\u00ed: \u2026\u2026\u2026\u2026\u2026\u2026\u2026\u2026\u2026\u2026\u2026\u2026\u2026\u2026\u2026\u2026\u2026\u2026\u2026\u2026\u2026\u2026\u2026\u2026\u2026<\/p>\n<p>&nbsp;<\/p>\n<p>Organizace: \u2026\u2026\u2026\u2026\u2026\u2026\u2026\u2026\u2026\u2026\u2026\u2026\u2026\u2026\u2026\u2026\u2026\u2026\u2026\u2026\u2026\u2026\u2026\u2026\u2026\u2026\u2026\u2026\u2026..<\/p>\n<p>&nbsp;<\/p>\n<p>I\u010c: \u2026\u2026..<\/p>\n<p>Adresa: \u2026\u2026\u2026\u2026\u2026\u2026\u2026\u2026\u2026\u2026\u2026\u2026\u2026\u2026\u2026\u2026\u2026.<\/p>\n<p>&nbsp;<\/p>\n<p>e-mail: \u2026\u2026\u2026\u2026\u2026\u2026\u2026\u2026\u2026\u2026\u2026\u2026\u2026\u2026\u2026\u2026telefon: \u2026\u2026\u2026\u2026\u2026\u2026\u2026\u2026\u2026\u2026\u2026\u2026.<\/p>\n<p>Ochranu osobn\u00edch \u00fadaj\u016f zabezpe\u010dujeme v souladu\u00a0 s Obecn\u00fdm na\u0159\u00edzen\u00edm o ochran\u011b osobn\u00edch \u00fadaj\u016f \u2013 Na\u0159\u00edzen\u00edm Evropsk\u00e9ho parlamentu a rady (EU) 2016\/679\u00ed\u00a0 a ani va\u0161e e-mailov\u00e9 adresy nebudou poskytov\u00e1ny t\u0159et\u00ed stran\u011b.<\/p>\n<p>Vlo\u017en\u00e9: \u010dlenov\u00e9 \u010cSP\u017dP:\u00a0\u00a0\u00a0\u00a0\u00a0 150,- K\u010d,<\/p>\n<p>ne\u010dlenov\u00e9 \u010cSP\u017dP:\u00a0 300,- K\u010d<\/p>\n<p>studenti : zdarma<\/p>\n<p>Z administrativn\u00edch d\u016fvod\u016f up\u0159ednost\u0148ujeme platbu bankovn\u00edm p\u0159evodem<\/p>\n<p>hotov\u011b\u00a0 jen po dohod\u011b\u00a0 &#8211; v\u00a0den kon\u00e1n\u00ed u prezence s\u00a0p\u0159\u00edplatkem 50 K\u010d<\/p>\n<p>&nbsp;<\/p>\n<p>\u010cSP\u017dP nen\u00ed pl\u00e1tcem DPH!<\/p>\n<p>&nbsp;<\/p>\n<p>*Souhlas\u00edm se zas\u00edl\u00e1n\u00edm informac\u00ed o odborn\u00fdch akc\u00edch \u010cSP\u017dP na uvedenou \u00a0e-mailovou adresu<\/p>\n<p>&nbsp;<\/p>\n<p>&nbsp;<\/p>\n<h2>POTVRZEN\u00cd\u00a0 O\u00a0 PLATB\u011a<\/h2>\n<p><strong>\u00a0<\/strong><\/p>\n<p><strong>vlo\u017en\u00e9 \u2026\u2026.K\u010d <\/strong>\u00a0bylo zaplaceno bankovn\u00edm p\u0159evodem na \u00fa\u010det \u010cSP\u017dP\u00a0 \u00a0\u010d. <strong>35-5604130247\/0100,\u00a0 variabiln\u00ed symbol : 8112018, <\/strong>pros\u00edme zde t\u00e9\u017e ve<strong> \u00a0<\/strong>zpr\u00e1v\u011b pro p\u0159\u00edjemce uv\u00e9st <strong>: jm\u00e9no \u00fa\u010dastn\u00edka, n\u00e1zev organizace<\/strong><\/p>\n<p>&nbsp;<\/p>\n<p>* z\u00a0\u00fa\u010dtu \u010d\u2026\u2026\u2026\u2026\u2026\u2026\u2026\u2026\u2026\u2026\u2026\u2026\u2026\u2026\u2026\u2026.\u00a0\u00a0 dne\u2026\u2026\u20262018*<\/p>\n<p>&nbsp;<\/p>\n<p>*bude zaplaceno hotov\u011b *<\/p>\n<p>&nbsp;<\/p>\n<p>* \u00a0Nehod\u00edc\u00ed se pros\u00edm \u0161krtn\u011bte<\/p>\n<p>&nbsp;<\/p>\n<p>Datum: \u2026\u2026\u2026\u2026\u20262018<\/p>\n<p>podpis<\/p>\n<p>raz\u00edtko vys\u00edlaj\u00edc\u00ed organizace.<\/p>\n<p>&nbsp;<\/p>\n<p>&nbsp;<\/p>\n<p>&nbsp;<\/p>\n<p><strong>dubna 2018<\/strong><\/p>\n<p>\u010cesk\u00fd spolek pro p\u00e9\u010di o \u017eivotn\u00ed prost\u0159ed\u00ed ve spolupr\u00e1ci se St\u00e1tn\u00edm zdravotn\u00edm \u00fastavem Praha<\/p>\n<p>si V\u00e1s dovoluje pozvat na semin\u00e1\u0159,<\/p>\n<p><strong>Nakl\u00e1d\u00e1n\u00ed s\u00a0biologicky rozlo\u017eiteln\u00fdm odpadem z\u00a0kuchyn\u00ed a\u00a0stravoven<\/strong><\/p>\n<p>kter\u00fd se uskute\u010dn\u00ed <strong>\u00a0v \u00fater\u00fd 24. 4. 2018 od 10:00 hod<\/strong>.<\/p>\n<p>ve velk\u00e9 posluch\u00e1rn\u011b budovy \u010d. 11, St\u00e1tn\u00ed zdravotn\u00ed \u00fastav, \u0160rob\u00e1rova 48, Praha 10<\/p>\n<p><strong>Odborn\u00fd garant: <\/strong><\/p>\n<p><strong>MUDr. Magdalena Zimov\u00e1, CSc. \u2013 SZ\u00da Praha\/\u010cSP\u017dP \u2013 tel. 267082267 <\/strong><\/p>\n<p>Kontakt: spolekzp@csvts.cz, RNDr. Vlastimila Mikulov\u00e1 tel.: 603511977<\/p>\n<p>&nbsp;<\/p>\n<p><strong>PROGRAM<\/strong><\/p>\n<ul>\n<li>\u00a0\u00a0\u00a0\u00a0\u00a0\u00a0\u00a0 Prezence<\/li>\n<\/ul>\n<p>10.00 \u00a0\u00a0\u00a0\u00a0\u00a0\u00a0\u00a0\u00a0 Zah\u00e1jen\u00ed semin\u00e1\u0159e Ing. Jan Jarol\u00edm \u010cSP\u017dP<\/p>\n<p>10.05 \u00a0\u00a0\u00a0\u00a0\u00a0\u00a0\u00a0\u00a0 Sou\u010dasn\u00e1 rizika nakl\u00e1d\u00e1n\u00ed s\u00a0biologicky rozlo\u017eiteln\u00fdmi odpady z\u00a0kuchyn\u00ed a\u00a0\u00a0\u00a0\u00a0\u00a0\u00a0\u00a0\u00a0\u00a0\u00a0\u00a0\u00a0\u00a0\u00a0\u00a0\u00a0\u00a0\u00a0\u00a0\u00a0\u00a0\u00a0\u00a0\u00a0\u00a0\u00a0\u00a0\u00a0\u00a0\u00a0\u00a0\u00a0\u00a0\u00a0\u00a0\u00a0\u00a0\u00a0\u00a0\u00a0 stravoven\u00a0 <em>MUDr. Magdalena Zimov\u00e1, CSc., SZ\u00da Praha<\/em><\/p>\n<p>10.20 \u00a0\u00a0\u00a0\u00a0\u00a0\u00a0\u00a0\u00a0 Nakl\u00e1d\u00e1n\u00ed s\u00a0biologicky rozlo\u017eiteln\u00fdmi odpady &#8211; pr\u00e1vn\u00ed r\u00e1mec z\u00a0pohledu M\u017dP a \u00a0\u00a0\u010cI\u017dP<em>\u00a0\u00a0\u00a0\u00a0\u00a0\u00a0\u00a0\u00a0\u00a0\u00a0\u00a0\u00a0 \u00a0Ing. Veronika Jarol\u00edmov\u00e1, M\u017dP odbor odpad\u016f<\/em><\/p>\n<p>10.40 \u00a0\u00a0\u00a0\u00a0\u00a0\u00a0\u00a0\u00a0 Nakl\u00e1d\u00e1n\u00ed s odpady ze spole\u010dn\u00e9ho stravov\u00e1n\u00ed a odpady potravin\u00e1\u0159sk\u00e9ho pr\u016fmyslu z pohledu St\u00e1tn\u00ed veterin\u00e1rn\u00ed spr\u00e1vy<em>\u00a0\u00a0\u00a0\u00a0\u00a0 MVDr. Radom\u00edr Belza SVS Praha<\/em><\/p>\n<p>12.00 &#8211; 12.30 <em>P\u0159est\u00e1vka na ob\u010derstven\u00ed <\/em><\/p>\n<p>12.30 \u00a0\u00a0\u00a0\u00a0\u00a0\u00a0\u00a0\u00a0 Hodnocen\u00ed vstup\u016f a v\u00fdstup\u016f za\u0159\u00edzen\u00ed pro zpracov\u00e1n\u00ed biologicky rozlo\u017eiteln\u00fdmi odpady z\u00a0kuchyn\u00ed a stravoven\u00a0 <em>Ing. Ladislava Mat\u011bj\u016f SZU, Praha\u00a0<\/em><\/p>\n<p><em>13.00 \u00a0\u00a0\u00a0\u00a0\u00a0\u00a0\u00a0\u00a0 <\/em>Mo\u017enosti vyu\u017eit\u00ed v\u00fdstup\u016f z kompost\u00e9r\u016f GreenGood\u00a0\u00a0\u00a0\u00a0\u00a0\u00a0\u00a0\u00a0\u00a0\u00a0\u00a0\u00a0\u00a0\u00a0\u00a0\u00a0\u00a0\u00a0\u00a0\u00a0\u00a0\u00a0\u00a0\u00a0\u00a0\u00a0\u00a0\u00a0\u00a0\u00a0\u00a0\u00a0\u00a0\u00a0\u00a0\u00a0\u00a0\u00a0\u00a0\u00a0\u00a0\u00a0\u00a0\u00a0\u00a0\u00a0\u00a0\u00a0\u00a0\u00a0\u00a0\u00a0\u00a0 <em>Ing. Jaroslav Hou\u010dek, UKZ\u00daZ Praha<\/em><\/p>\n<p><em>\u00a0<\/em>13.30 Diskuse<\/p>\n<p>14.00 Z\u00e1v\u011br<\/p>\n<p>&nbsp;<\/p>\n<ol start=\"12\">\n<li><strong> dubna 2018<\/strong><\/li>\n<\/ol>\n<p>\u010cesk\u00fd spolek pro p\u00e9\u010di o \u017eivotn\u00ed prost\u0159ed\u00ed ve spolupr\u00e1ci s\u00a0\u010cesk\u00fdm n\u00e1rodn\u00edm v\u00fdborem pro omezov\u00e1n\u00ed n\u00e1sledk\u016f katastrof \u010cNV ONK a M\u011bstskou \u010d\u00e1st\u00ed Praha 9<\/p>\n<p>si V\u00e1s dovoluje pozvat na dal\u0161\u00ed pokra\u010dov\u00e1n\u00ed smin\u00e1\u0159\u016f \u00a0cyklu \u201ePrevence katastof\u201c<\/p>\n<p><strong>Semin\u00e1\u0159 \u201e\u0160\u00ed\u0159en\u00ed varov\u00e1n\u00ed p\u0159ed katastrofami \u2013 jsme dob\u0159e p\u0159ipraveni?&#8220; <\/strong>se kon\u00e1 pod z\u00e1\u0161titou ministra zem\u011bd\u011blstv\u00ed Ji\u0159\u00edho Milka a ministra \u017eivotn\u00edho prost\u0159ed\u00ed Richarda Brabce<\/p>\n<p>V\u010dasn\u00e9 varov\u00e1n\u00ed v\u010detn\u011b \u0161\u00ed\u0159en\u00ed varovn\u00fdch informac\u00ed, p\u0159ipravenosti a adekv\u00e1tn\u00ed reakce jsou pro sn\u00ed\u017een\u00ed dopad\u016f katastrof kl\u00ed\u010dov\u00e9.\u00a0 Jsou uk\u00e1z\u00e1ny r\u016fzn\u00e9 mo\u017enosti \u0161\u00ed\u0159en\u00ed varovn\u00fdch informac\u00ed i po\u017eadavky na tyto informace jako p\u0159esnost, v\u010dasnost, lokalizace a tak\u00e9 srozumitelnost. D\u016fle\u017eit\u00fd je tak\u00e9 p\u0159edstih varovn\u00fdch informac\u00ed. Funk\u010dnost \u0161\u00ed\u0159en\u00ed varovn\u00fdch informac\u00ed, zejm\u00e9na modern\u00edch, je \u010dasto z\u00e1visl\u00e1 na elektrick\u00e9 energii \u010di m\u00e1lo odoln\u00e1 v\u016f\u010di p\u0159et\u00ed\u017een\u00ed, a proto je nutn\u00e9 pat\u0159i\u010dn\u00e9 z\u00e1lohov\u00e1n\u00ed nebo kombinace r\u016fzn\u00fdch druh\u016f \u0161\u00ed\u0159en\u00ed. Jsou uk\u00e1z\u00e1ny p\u0159\u00edklady vzniku a \u0161\u00ed\u0159en\u00ed varovn\u00fdch informac\u00ed v\u00a0p\u0159\u00edpad\u011b povodn\u00ed i jin\u00fdch druh\u016f katastrof. Vzd\u011bl\u00e1v\u00e1n\u00ed a zvy\u0161ov\u00e1n\u00ed p\u0159ipravenosti ob\u010dan\u016f i instituc\u00ed v\u00a0oblasti v\u010dasn\u00e9ho varov\u00e1n\u00ed v\u00fdznamn\u011b p\u0159isp\u00edvaj\u00ed ke sni\u017eov\u00e1n\u00ed dopad\u016f katastrof. (Ing. Ivan Obrusn\u00edk DrSc.v \u00favodn\u00ed p\u0159edn\u00e1\u0161ce)<\/p>\n<p>&nbsp;<\/p>\n<p>&nbsp;<\/p>\n<p>Kabinet odpad\u016f, kter\u00fd <strong>se uskute\u010dnil ve \u010dtvrtek 22. b\u0159ezna 2018 v\u00a0Praze v\u00a0budov\u011b M\u017dP,\u00a0 <\/strong><\/p>\n<p>Kabinet je ve spolupr\u00e1ci s\u00a0veden\u00edm odboru odpad\u016f M\u017dP zam\u011b\u0159en na aktu\u00e1ln\u00ed informace t\u00fdkaj\u00edc\u00ed se nejen legislativy a transformace \u010desk\u00e9ho odpadov\u00e9ho hospod\u00e1\u0159stv\u00ed, ale i na st\u011b\u017eejn\u00ed priority Evropsk\u00e9 unie ovliv\u0148uj\u00edc\u00ed dal\u0161\u00ed v\u00fdvoj s\u00a0praktick\u00fdm dopadem v\u00a0oblasti odpad\u016f.\u00a0 d<\/p>\n<p>Zam\u011b\u0159en\u00ed: <strong>Aktu\u00e1ln\u00ed informace v\u00a0<\/strong><strong>odpadov\u00e9m hospod\u00e1\u0159stv\u00ed \u010cR a EU<\/strong><\/p>\n<p>\u00davod do diskuse:\u00a0\u00a0<strong>Ing. Bc. Jan Mar\u0161\u00e1k Ph.D<\/strong>., vedouc\u00ed odd\u011blen\u00ed koncepc\u00ed a technologi\u00ed a<\/p>\n<p>z\u00e1stupce \u0159editele odboru odpad\u016f<\/p>\n<p>Term\u00edn a \u010das kon\u00e1n\u00ed: <strong>\u010dtvrtek 22. 3. 2018 od<\/strong> <strong>13:30 hod<\/strong>. do 16:30 hod.<\/p>\n<p>M\u00edsto kon\u00e1n\u00ed: \u00a0Ministerstva \u017eivotn\u00edho prost\u0159ed\u00ed \u010cR Vr\u0161ovick\u00e1 65, 100 10 Praha 10<\/p>\n<p><strong>\u00a0\u00a0\u00a0\u00a0 \u00a0\u00a0\u00a0\u00a0\u00a0\u00a0\u00a0\u00a0\u00a0\u00a0\u00a0\u00a0\u00a0\u00a0\u00a0\u00a0\u00a0\u00a0\u00a0<\/strong>zasedac\u00ed m\u00edstnost \u010d. 900<\/p>\n<p>Odborn\u00fd garant kabinet\u016f: RNDr. Vlastimila Mikulov\u00e1<\/p>\n<p>Organiza\u010dn\u00ed zaji\u0161t\u011bn\u00ed:\u00a0\u00a0\u00a0\u00a0\u00a0\u00a0 \u010cSP\u017dP \u00a0tel.\u010d: 221 082 365; mob.: 603511977 ,<\/p>\n<p>e-mail <a href=\"mailto:spolekzp@csvts.cz\">spolekzp@csvts.cz<\/a><\/p>\n<p>Medi\u00e1ln\u00ed partne\u0159i<\/p>\n<p><strong>Enviweb\u00a0\u00a0\u00a0\u00a0\u00a0\u00a0\u00a0\u00a0\u00a0\u00a0\u00a0\u00a0\u00a0\u00a0\u00a0\u00a0\u00a0\u00a0\u00a0\u00a0\u00a0\u00a0\u00a0\u00a0\u00a0\u00a0\u00a0\u00a0\u00a0\u00a0\u00a0\u00a0\u00a0\u00a0\u00a0\u00a0\u00a0\u00a0\u00a0\u00a0\u00a0\u00a0\u00a0\u00a0\u00a0\u00a0\u00a0\u00a0\u00a0\u00a0\u00a0\u00a0 Tretiruka<\/strong><\/p>\n<p><a href=\"http:\/\/www.enviweb.cz\"><strong>www.enviweb.cz<\/strong><\/a><strong>\u00a0\u00a0\u00a0\u00a0\u00a0\u00a0\u00a0\u00a0\u00a0\u00a0\u00a0\u00a0\u00a0\u00a0\u00a0\u00a0\u00a0\u00a0\u00a0\u00a0\u00a0\u00a0\u00a0\u00a0\u00a0\u00a0\u00a0\u00a0\u00a0\u00a0\u00a0\u00a0\u00a0\u00a0\u00a0\u00a0\u00a0\u00a0\u00a0\u00a0 www.tretiruka.cz<\/strong><\/p>\n<p>&nbsp;<\/p>\n<p>&nbsp;<\/p>\n<p>&nbsp;<\/p>\n<p><strong>22 \u00fanora. 2018- (zm\u011bna p\u016fvodn\u00edho term\u00ednu 13.11.2017)<\/strong><\/p>\n<p>Odborn\u00fd semin\u00e1\u0159 <strong>\u010cI\u0160T\u011aN\u00cd ODPADN\u00cdCH VOD<\/strong>, kter\u00fd se uskute\u010dn\u00edilve \u010dtvrtek 22. 2 2018 v\u00a0budov\u011b \u010cSVTS, Novotn\u00e9ho l\u00e1vka 5, Praha 1.<\/p>\n<p>Semin\u00e1\u0159 je zam\u011b\u0159en na problematiku \u010dist\u00edrenstv\u00ed a je zejm\u00e9na ur\u010den pro pracovn\u00edky ve ve\u0159ejn\u00e9 spr\u00e1v\u011b i podnikov\u00e9 sf\u00e9\u0159e v\u00a0oblasti \u017eivotn\u00edm prost\u0159ed\u00ed a pro vodohospod\u00e1\u0159e.<\/p>\n<p>Program,\u00a0 kde uzn\u00e1van\u00ed odborn\u00edci p\u0159ednesou sv\u00e9 p\u0159\u00edsp\u011bvky je s\u00a0navazuj\u00edc\u00ed diskusi:<\/p>\n<p>9,30 \u2013 10,00\u00a0\u00a0\u00a0 <strong>Registrace \u00fa\u010dastn\u00edk\u016f<\/strong><\/p>\n<p>&nbsp;<\/p>\n<p>10:00\u00a0\u00a0\u00a0\u00a0\u00a0\u00a0\u00a0\u00a0\u00a0\u00a0\u00a0\u00a0\u00a0\u00a0 <strong>Zah\u00e1jen\u00ed semin\u00e1\u0159e<\/strong><\/p>\n<p>Ing. Libu\u0161e Bene\u0161ov\u00e1 CSc, \u010cSP\u017dP<\/p>\n<p>&nbsp;<\/p>\n<p>10:05\u00a0\u00a0\u00a0\u00a0\u00a0\u00a0\u00a0\u00a0\u00a0\u00a0\u00a0\u00a0\u00a0\u00a0 <strong>Centr\u00e1ln\u00ed nebo decentr\u00e1ln\u00ed \u0159e\u0161en\u00ed \u010cOV<\/strong><\/p>\n<p>Ing. Karel Plot\u011bn\u00fd,\u00a0 jednatel ASIO Brno<\/p>\n<p>&nbsp;<\/p>\n<p>10:45\u00a0\u00a0\u00a0\u00a0\u00a0\u00a0\u00a0\u00a0\u00a0\u00a0\u00a0\u00a0\u00a0 <strong>Vliv urbanizace na vodn\u00ed toky<\/strong><\/p>\n<p>Prof. Dana Kom\u00ednkov\u00e1\u00a0 PhD , \u010cZU F\u017dP<\/p>\n<p>&nbsp;<\/p>\n<p>11:30\u00a0\u00a0 \u00a0\u00a0\u00a0\u00a0\u00a0\u00a0\u00a0\u00a0\u00a0\u00a0 <strong>Chov\u00e1n\u00ed dosazovac\u00edch n\u00e1dr\u017e\u00ed &#8211; m\u011b\u0159en\u00ed vs. matematick\u00fd model<\/strong><\/p>\n<p>Prof. Jaroslav Pollert\u00a0 PhD., \u010cVUT FS<\/p>\n<p>&nbsp;<\/p>\n<p>12:15\u00a0\u00a0\u00a0\u00a0\u00a0\u00a0\u00a0\u00a0\u00a0\u00a0\u00a0\u00a0\u00a0 <strong>P\u0159est\u00e1vka na ob\u010derstven\u00ed<\/strong><\/p>\n<p><strong>\u00a0<\/strong><\/p>\n<p>13:00\u00a0\u00a0\u00a0\u00a0\u00a0\u00a0\u00a0\u00a0\u00a0\u00a0\u00a0\u00a0 <strong>Membr\u00e1nov\u00e9 procesy v \u010di\u0161t\u011bn\u00ed odpadn\u00edch vod<\/strong><\/p>\n<p>Ing. Radek Vojt\u011bchovsk\u00fd,\u00a0 ENVI-PUR, s.r.o.<\/p>\n<p>&nbsp;<\/p>\n<p><strong>\u00a0 <\/strong>13:30<strong> \u00a0 \u00a0 \u00a0 \u00a0 \u00a0 \u00a0 Mikrobiologick\u00e1 kontaminace kalu \u010cOV<\/strong><\/p>\n<p><strong>\u00a0\u00a0\u00a0\u00a0\u00a0\u00a0\u00a0\u00a0\u00a0\u00a0\u00a0\u00a0\u00a0\u00a0\u00a0\u00a0\u00a0\u00a0\u00a0\u00a0\u00a0\u00a0\u00a0 <\/strong>Ing. Ladislava Mat\u011bj\u016f, St\u00e1tn\u00ed zdravotn\u00ed \u00fastav Praha<\/p>\n<p>&nbsp;<\/p>\n<p>14:00\u00a0\u00a0\u00a0\u00a0\u00a0\u00a0\u00a0\u00a0\u00a0\u00a0\u00a0\u00a0\u00a0 <strong>\u00daV\u010cOV Praha \u2013 historie, sou\u010dasnost a budoucnost odstra\u0148ov\u00e1n\u00ed dus\u00edku<\/strong><\/p>\n<p><strong>\u00a0\u00a0\u00a0\u00a0\u00a0\u00a0\u00a0\u00a0\u00a0\u00a0\u00a0\u00a0\u00a0\u00a0\u00a0\u00a0\u00a0\u00a0\u00a0\u00a0\u00a0\u00a0\u00a0 <\/strong>Ing. Martin Srb, Pra\u017esk\u00e9 vodovody a kanalizace<strong>\u00a0 <\/strong>a.s.<\/p>\n<p><strong>\u00a0<\/strong><\/p>\n<p>14:30\u00a0\u00a0\u00a0\u00a0\u00a0\u00a0\u00a0\u00a0\u00a0\u00a0\u00a0\u00a0\u00a0 <strong>Diskuse a z\u00e1v\u011br semin\u00e1\u0159e<\/strong><\/p>\n<p>&nbsp;<\/p>\n<p>Odborn\u00e9 a organiza\u010dn\u00ed zaji\u0161t\u011bn\u00ed: Ing. Libu\u0161e Bene\u0161ov\u00e1 CSc., Ing. V\u011bra Sigmundov\u00e1<\/p>\n<p>sekretari\u00e1t \u010cSP\u017dP: RNDr. Vlastimila Mikulov\u00e1<\/p>\n<p>Tel.\u010d.: 603511977, e-mail: spolekzp@csvts.cz<\/p>\n<p>&nbsp;<\/p>\n","protected":false},"excerpt":{"rendered":"<p>&nbsp; listopad\u00a0\u00a02018 V\u00e1\u017een\u00ed p\u0159\u00e1tel\u00e9 , s\u00a0pot\u011b\u0161en\u00edm si V\u00e1s dovolujeme pozvat na listopadov\u00fd Kabinet odpad\u016f, kter\u00fd se uskute\u010dn\u00ed ve \u010dtvrtek 8. 11. 2018 v\u00a0Praze v\u00a0budov\u011b M\u017dP, v\u00edce v\u00a0p\u0159ilo\u017een\u00e9 pozv\u00e1nce. Kabinet bude ve spolupr\u00e1ci s\u00a0veden\u00edm odboru odpad\u016f M\u017dP zam\u011b\u0159en na aktu\u00e1ln\u00ed informace \u00a0\u00a0\u00a0a probl\u00e9my odpadov\u00e9ho hospod\u00e1\u0159stv\u00ed spojen\u00e9 s\u00a0p\u0159\u00edpravou\u00a0 legislativn\u00edch zm\u011bn s praktick\u00fdm dopadem, zejm\u00e9na u komun\u00e1ln\u00edch odpad\u016f.\u00a0 [&hellip;]<\/p>\n","protected":false},"author":3,"featured_media":0,"parent":303,"menu_order":0,"comment_status":"closed","ping_status":"closed","template":"","meta":{"footnotes":""},"class_list":["post-1061","page","type-page","status-publish","hentry"],"_links":{"self":[{"href":"http:\/\/www.spolky-csvts.cz\/spolekzp\/wp-json\/wp\/v2\/pages\/1061","targetHints":{"allow":["GET"]}}],"collection":[{"href":"http:\/\/www.spolky-csvts.cz\/spolekzp\/wp-json\/wp\/v2\/pages"}],"about":[{"href":"http:\/\/www.spolky-csvts.cz\/spolekzp\/wp-json\/wp\/v2\/types\/page"}],"author":[{"embeddable":true,"href":"http:\/\/www.spolky-csvts.cz\/spolekzp\/wp-json\/wp\/v2\/users\/3"}],"replies":[{"embeddable":true,"href":"http:\/\/www.spolky-csvts.cz\/spolekzp\/wp-json\/wp\/v2\/comments?post=1061"}],"version-history":[{"count":8,"href":"http:\/\/www.spolky-csvts.cz\/spolekzp\/wp-json\/wp\/v2\/pages\/1061\/revisions"}],"predecessor-version":[{"id":1089,"href":"http:\/\/www.spolky-csvts.cz\/spolekzp\/wp-json\/wp\/v2\/pages\/1061\/revisions\/1089"}],"up":[{"embeddable":true,"href":"http:\/\/www.spolky-csvts.cz\/spolekzp\/wp-json\/wp\/v2\/pages\/303"}],"wp:attachment":[{"href":"http:\/\/www.spolky-csvts.cz\/spolekzp\/wp-json\/wp\/v2\/media?parent=1061"}],"curies":[{"name":"wp","href":"https:\/\/api.w.org\/{rel}","templated":true}]}}