{"id":18,"date":"2010-09-13T15:11:27","date_gmt":"2010-09-13T13:11:27","guid":{"rendered":"http:\/\/www.csvts.cz\/cspzp\/"},"modified":"2019-04-02T08:43:06","modified_gmt":"2019-04-02T06:43:06","slug":"efaep","status":"publish","type":"page","link":"http:\/\/www.spolky-csvts.cz\/spolekzp\/efaep\/","title":{"rendered":"ENEP\/EFAEP"},"content":{"rendered":"<h2><\/h2>\n<h2>Evropsk\u00e1 federace spole\u010dnost\u00ed sdru\u017euj\u00edc\u00edch odborn\u00edky v \u017eivotn\u00edm prost\u0159ed\u00ed &#8211; ENEP (Evropsk\u00e1 s\u00ed\u0165 odborn\u00edk\u016f v \u017eivotn\u00edm prost\u0159ed\u00ed)<\/h2>\n<p>&nbsp;<\/p>\n<p>\u010cinnost EFAEP\/ENEP byla ukon\u010dena v&nbsp;roce 2018.<\/p>\n<p>ENEP se pot\u00fdkala s&nbsp;finan\u010dn\u00edmi i organiza\u010dn\u00edmi probl\u00e9my. Na posledn\u00edm valn\u00e9m shrom\u00e1\u017ed\u011bn\u00ed v prosinci 2017 v&nbsp;Pa\u0159\u00ed\u017ei odstoupil president &nbsp;ENEP spolu s&nbsp;dal\u0161\u00edmi \u010dleny v\u00fdkonn\u00e9ho v\u00fdboru, nedo\u0161lo ke svol\u00e1n\u00ed&nbsp; dal\u0161\u00edho &nbsp;valn\u00e9m shrom\u00e1\u017ed\u011bn\u00ed na ja\u0159e 2018 a \u0159ada \u010dlen\u016f postupn\u011b sv\u00e9 \u010dlenstv\u00ed ru\u0161ila. &nbsp;Vzhledem&nbsp; k&nbsp;tomu, \u017ee nedoch\u00e1zelo k &nbsp;obnoven\u00ed \u010dinnosti, &nbsp;\u010cSP\u017dP po\u017e\u00e1dal o zru\u0161en\u00ed \u010dlenstv\u00ed koncem \u010dervna 2018 v&nbsp;souladu s&nbsp;usnesen\u00edm \u010dlensk\u00e9 sch\u016fze&nbsp; v&nbsp;dubnu 2018.<\/p>\n<p>&nbsp;<\/p>\n<p>&nbsp;<\/p>\n","protected":false},"excerpt":{"rendered":"<p>Evropsk\u00e1 federace spole\u010dnost\u00ed sdru\u017euj\u00edc\u00edch odborn\u00edky v \u017eivotn\u00edm prost\u0159ed\u00ed &#8211; ENEP (Evropsk\u00e1 s\u00ed\u0165 odborn\u00edk\u016f v \u017eivotn\u00edm prost\u0159ed\u00ed) &nbsp; \u010cinnost EFAEP\/ENEP byla ukon\u010dena v&nbsp;roce 2018. ENEP se pot\u00fdkala s&nbsp;finan\u010dn\u00edmi i organiza\u010dn\u00edmi probl\u00e9my. Na posledn\u00edm valn\u00e9m shrom\u00e1\u017ed\u011bn\u00ed v prosinci 2017 v&nbsp;Pa\u0159\u00ed\u017ei odstoupil president &nbsp;ENEP spolu s&nbsp;dal\u0161\u00edmi \u010dleny v\u00fdkonn\u00e9ho v\u00fdboru, nedo\u0161lo ke svol\u00e1n\u00ed&nbsp; dal\u0161\u00edho &nbsp;valn\u00e9m shrom\u00e1\u017ed\u011bn\u00ed na ja\u0159e 2018 [&hellip;]<\/p>\n","protected":false},"author":1,"featured_media":0,"parent":0,"menu_order":10,"comment_status":"closed","ping_status":"open","template":"","meta":{"footnotes":""},"class_list":["post-18","page","type-page","status-publish","hentry"],"_links":{"self":[{"href":"http:\/\/www.spolky-csvts.cz\/spolekzp\/wp-json\/wp\/v2\/pages\/18","targetHints":{"allow":["GET"]}}],"collection":[{"href":"http:\/\/www.spolky-csvts.cz\/spolekzp\/wp-json\/wp\/v2\/pages"}],"about":[{"href":"http:\/\/www.spolky-csvts.cz\/spolekzp\/wp-json\/wp\/v2\/types\/page"}],"author":[{"embeddable":true,"href":"http:\/\/www.spolky-csvts.cz\/spolekzp\/wp-json\/wp\/v2\/users\/1"}],"replies":[{"embeddable":true,"href":"http:\/\/www.spolky-csvts.cz\/spolekzp\/wp-json\/wp\/v2\/comments?post=18"}],"version-history":[{"count":27,"href":"http:\/\/www.spolky-csvts.cz\/spolekzp\/wp-json\/wp\/v2\/pages\/18\/revisions"}],"predecessor-version":[{"id":1151,"href":"http:\/\/www.spolky-csvts.cz\/spolekzp\/wp-json\/wp\/v2\/pages\/18\/revisions\/1151"}],"wp:attachment":[{"href":"http:\/\/www.spolky-csvts.cz\/spolekzp\/wp-json\/wp\/v2\/media?parent=18"}],"curies":[{"name":"wp","href":"https:\/\/api.w.org\/{rel}","templated":true}]}}