{"id":2,"date":"2010-08-18T19:32:50","date_gmt":"2010-08-18T17:32:50","guid":{"rendered":"http:\/\/www.csvts.cz\/cspzp\/?page_id=2"},"modified":"2018-02-16T18:21:19","modified_gmt":"2018-02-16T17:21:19","slug":"neco-o-me","status":"publish","type":"page","link":"http:\/\/www.spolky-csvts.cz\/spolekzp\/","title":{"rendered":"Charakteristika, z\u00e1kladn\u00ed \u00fadaje"},"content":{"rendered":"<p><strong>\u010cesk\u00fd spolek pro p\u00e9\u010di o \u017eivotn\u00ed prost\u0159ed\u00ed<\/strong> (d\u00e1le jen <strong>\u201e\u010cSP\u017dP\u201c<\/strong> nebo <strong>\u201eSpolek\u201c<\/strong>)<\/p>\n<p><span style=\"margin: 0px; line-height: 115%; font-family: 'Times New Roman','serif'; font-size: 12pt;\"><span style=\"color: #000000;\">\u010cSP\u017dP <\/span><span style=\"color: #000000;\">\u00a0<\/span><span style=\"color: #000000;\">je samospr\u00e1vn\u00e1, dobrovoln\u00e1, nepolitick\u00e1, neziskov\u00e1 v\u011bdeckotechnick\u00e1 organizace.\u00a0<\/span><span style=\"color: #000000;\">\u00a0<\/span><\/span><\/p>\n<p><span style=\"margin: 0px; line-height: 115%; font-family: 'Times New Roman','serif'; font-size: 12pt;\"><span style=\"color: #000000;\">\u00a0<\/span><\/span>Ustaven byl v roce 2004.\u00a0\u00a0Registrov\u00e1n byl\u00a0 MV dne 18.5.2004 pod \u010d.j. VS\/1 \u2013 1\/57 412\/04 \u2013 R.<br \/>\n<strong>Zaps\u00e1n je u M\u011bstsk\u00e9ho soudu V Praze pod spisovou zna\u010dkou L. 14709 z\u00e1pisem ze dne 1.1.2014<\/strong><br \/>\n<strong>I\u010cO<\/strong>: 266 66 294 \u00a0\u00a0 <strong>DI\u010c:<\/strong> CZ26666294<br \/>\n<strong>bankovn\u00ed spojen\u00ed:<\/strong> 35 &#8211; 5604130247 \/ 0100<\/p>\n<p>Spolek je \u010dlenskou organizac\u00ed\u00a0 \u010cesk\u00e9ho svazu v\u011bdeckotechnick\u00fdch spole\u010dnost\u00ed, v jeho\u017e budov\u011b v Praze 1, na Novotn\u00e9ho l\u00e1vce 5, \u00a0s\u00eddl\u00ed jeho sekretari\u00e1t . P\u016fsob\u00ed na cel\u00e9m \u00fazem\u00ed \u010cesk\u00e9 republiky.<\/p>\n<p><strong>Posl\u00e1n\u00ed:<br \/>\n<\/strong><\/p>\n<p><span style=\"color: #000000;\">Z\u00e1kladn\u00edm posl\u00e1n\u00edm je podporovat pozn\u00e1v\u00e1n\u00ed a prosazov\u00e1n\u00ed environment\u00e1ln\u00edch souvislost\u00ed udr\u017eiteln\u00e9ho rozvoje v<\/span>\u011bdeckotechnick\u00fdmi, informa\u010dn\u00edmi a vzd\u011bl\u00e1vac\u00edmi \u010dinnostmi zejm\u00e9na pro pot\u0159eby ekonomick\u00fdch sektor\u016f a pro oblast ve\u0159ejn\u00e9 spr\u00e1vy.<\/p>\n<p style=\"text-align: left;\"><strong>C\u00edl:<br \/>\n<\/strong>P\u0159\u00ednos ke zd\u016frazn\u011bn\u00ed p\u00e9\u010de o \u017eivotn\u00ed prost\u0159ed\u00ed prost\u0159ednictv\u00edm informa\u010dn\u00ed, konzulta\u010dn\u00ed \u00a0a vzd\u011bl\u00e1vac\u00ed \u010dinnosti pro pot\u0159eby praxe ve\u0159ejn\u00e9 spr\u00e1vy, odborn\u00e9 i laick\u00e9 ve\u0159ejnosti \u00a0i .<\/p>\n<p><strong>\u010cinnost:<\/strong><\/p>\n<p><span style=\"margin: 0px; line-height: 115%; font-family: 'Times New Roman','serif'; font-size: 12pt;\"><span style=\"color: #000000;\">Hlavn\u00ed \u010dinnost spolku sm\u011b\u0159uje k\u00a0ochran\u011b \u017eivotn\u00edho prost\u0159ed\u00ed a uspokojen\u00ed spole\u010dn\u00fdch z\u00e1jm\u016f a napl\u0148ov\u00e1n\u00ed\u00a0\u00a0<\/span><span style=\"color: #000000;\">jeho <\/span><span style=\"color: #000000;\">posl\u00e1n\u00ed. Je zam\u011b\u0159ena na <\/span>environment\u00e1ln\u00ed vzd\u011bl\u00e1v\u00e1n\u00ed\u00a0<span style=\"color: #000000;\">\u00a0<\/span>odborn\u00e9 i laick\u00e9 ve\u0159ejnosti, na v\u011bdeckotechnickou \u010dinnost (nap\u0159. poradenstv\u00ed,<span style=\"color: #000000;\">\u00a0<\/span>posuzov\u00e1n\u00ed) a na spolupr\u00e1ci s org\u00e1ny ve\u0159ejn\u00e9 spr\u00e1vy, \u0161kolami, v\u011bdeckotechnick\u00fdmi\u00a0pracovi\u0161ti i dal\u0161\u00edmi institucemi a organizacemi p\u016fsob\u00edc\u00edmi v \u010cesk\u00e9 republice\u00a0<span style=\"color: #000000;\">\u00a0<\/span>i v\u00a0zahrani\u010d\u00ed v\u00a0p\u00e9\u010di o \u017eivotn\u00ed prost\u0159ed\u00ed<\/span><strong><br \/>\n<\/strong>Zam\u011b\u0159ena je na 5 z\u00e1kladn\u00edch oblast\u00ed:<\/p>\n<ul>\n<li>vzd\u011bl\u00e1v\u00e1n\u00ed (p\u0159edn\u00e1\u0161ky, kurzy, semin\u00e1\u0159e, konference, diskuze, v\u00fdm\u011bna informac\u00ed, st\u00e1\u017ee, setk\u00e1v\u00e1n\u00ed odborn\u00edk\u016f s ve\u0159ejnost\u00ed, zab\u00fdvaj\u00edc\u00ed se ochranou \u017eivotn\u00edho prost\u0159ed\u00ed, exkurze ap.)<\/li>\n<li>publikov\u00e1n\u00ed\u00a8(sborn\u00edky, odborn\u00e9 texty, v\u00fdchovn\u00e9 programy)<\/li>\n<li>spolupr\u00e1ce (s org\u00e1ny ve\u0159ejn\u00e9 spr\u00e1vy, \u0161kolami, v\u011bdeckotechnick\u00fdmi pracovi\u0161ti a dal\u0161\u00edmi organizacemi p\u016fsob\u00edc\u00edmi v \u010cesk\u00e9 republice)<\/li>\n<li>mezin\u00e1rodn\u00ed spolupr\u00e1ce se zahrani\u010dn\u00edmi spole\u010dnostmi a organizacemi (s c\u00edlem spolupr\u00e1ce a v\u00fdm\u011bny informac\u00ed, znalost\u00ed a zku\u0161enost\u00ed) &#8211; p\u0159edev\u0161\u00edm \u010dlenstv\u00ed v Evropsk\u00e9 federaci spole\u010dnost\u00ed, sdru\u017euj\u00edc\u00edch odborn\u00edky na problematiku \u017eivotn\u00edho prost\u0159ed\u00ed (ENEP).<\/li>\n<\/ul>\n<p><strong>Organiza\u010dn\u00ed struktura \u010cSP\u017dP<\/strong><strong>:<br \/>\nOrg\u00e1ny spolku<\/strong> jsou:\u00a0 &#8211; \u010dlensk\u00e1 sch\u016fze, v\u00fdbor a jeho p\u0159edseda, kontroln\u00ed komise<br \/>\n<span style=\"text-decoration: underline;\"><span style=\"color: #000000; text-decoration: underline;\"> \u010clensk\u00e1 sch\u016fze <\/span><\/span>je nejvy\u0161\u0161\u00edm org\u00e1nem Spolku. Svol\u00e1v\u00e1na je nejm\u00e9n\u011b jednou ro\u010dn\u011b. Jednou za dva roky vol\u00ed \u010dleny v\u00fdboru a revizn\u00ed komise.<\/p>\n<p><span style=\"text-decoration: underline;\">V\u00fdbor<\/span> je nejvy\u0161\u0161\u00ed \u0159\u00edd\u00edc\u00ed a v\u00fdkonn\u00fd org\u00e1n spolku mezi zased\u00e1n\u00edm \u010dlensk\u00e9 sch\u016fze . Tvo\u0159\u00ed jej sedm \u010dlen\u016f volen\u00fdch \u010dlenskou sch\u016fz\u00ed na dva roky. Ze sv\u00e9ho st\u0159edu vol\u00ed p\u0159edsednictvo tvo\u0159en\u00e9 p\u0159edsedou, dv\u011bmi m\u00edstop\u0159edsedy a hospod\u00e1\u0159em (funkce m\u00edstop\u0159edsedy a hospod\u00e1\u0159e m\u016f\u017ee b\u00fdt kumulovan\u00e1). \u010clenov\u00e9 v\u00fdboru se sch\u00e1z\u00ed\u00a0zpravidla jednou m\u011bs\u00ed\u010dn\u011b.<\/p>\n<p><strong>Sou\u010dasn\u00e9\u00a0 slo\u017een\u00ed v\u00fdboru : \u00a0\u00a0\u00a0\u00a0\u00a0\u00a0\u00a0\u00a0\u00a0\u00a0\u00a0\u00a0\u00a0\u00a0\u00a0\u00a0\u00a0\u00a0\u00a0\u00a0\u00a0\u00a0\u00a0\u00a0\u00a0\u00a0\u00a0\u00a0\u00a0\u00a0\u00a0\u00a0\u00a0\u00a0\u00a0\u00a0\u00a0\u00a0\u00a0\u00a0\u00a0\u00a0\u00a0\u00a0\u00a0\u00a0\u00a0\u00a0\u00a0\u00a0\u00a0\u00a0\u00a0\u00a0\u00a0\u00a0\u00a0\u00a0\u00a0\u00a0\u00a0\u00a0 <\/strong><br \/>\np\u0159edseda: Ing. Jan\u00a0 Jarol\u00edm<\/p>\n<p>m\u00edstop\u0159edsedkyn\u011b: RNDr. Vlastimila Mikulov\u00e1,<\/p>\n<p>MUDr. Magdalena Zimov\u00e1 CSc.<\/p>\n<p>\u010dlenov\u00e9: Ing. Libu\u0161e Deylov\u00e1, <span style=\"color: #000000;\">Ing. Milena Roudn\u00e1, CSc., Ing. Tom\u00e1\u0161 \u0158ezn\u00ed\u010dek, Ing. Petr Vu\u010dka, ( Ing. Stanislav \u0160t\u00fds DrSc.)<\/span><strong><br \/>\n<\/strong><\/p>\n<p><span style=\"color: #000000;\">Kontroln\u00ed komise<\/span> je nez\u00e1visl\u00fdm kontroln\u00edm org\u00e1nem Spolku. M\u00e1 t\u0159i \u010dleny volen\u00e9 valnou hromadou na dva roky. Ze sv\u00e9ho st\u0159edu vol\u00ed p\u0159edsedu a jeho z\u00e1stupce. V p\u0159\u00edpad\u011b pot\u0159eby svol\u00e1v\u00e1 p\u0159edseda sch\u016fzku komise.\u00a0 Nejm\u00e9n\u011b jeden \u010dlen RK se pravideln\u011b \u00fa\u010dastn\u00ed sch\u016fzek v\u00fdboru, na kter\u00fdch m\u00e1 poradn\u00ed hlas.<\/p>\n<p><strong>Sou\u010dasn\u00e9 slo\u017een\u00ed kontroln\u00ed komise:<\/strong><\/p>\n<p>Ing. Jaroslav Bezd\u011bk CSc. &#8211; p\u0159edseda, Ing. Libu\u0161e Bene\u0161ov\u00e1, CSc.,\u00a0 Ing. V\u011bra Sigmundov\u00e1 (RNDr. Danu\u0161e Kvasni\u010dkov\u00e1 CSc.)<strong><br \/>\n<\/strong><\/p>\n<p><strong>\u00a0<\/strong><span style=\"text-decoration: underline;\">S\u00eddlo, po\u0161tovn\u00ed adresa<\/span><strong><span style=\"text-decoration: underline;\"> :<\/span> \u00a0 Novotn\u00e9ho l\u00e1vka 5, 110 00 Praha\u00a01\u00a0\u00a0\u00a0\u00a0\u00a0\u00a0\u00a0\u00a0\u00a0\u00a0\u00a0\u00a0\u00a0\u00a0\u00a0\u00a0\u00a0\u00a0\u00a0\u00a0\u00a0\u00a0\u00a0\u00a0\u00a0\u00a0\u00a0\u00a0\u00a0\u00a0\u00a0\u00a0\u00a0\u00a0\u00a0\u00a0\u00a0\u00a0\u00a0\u00a0\u00a0\u00a0\u00a0\u00a0\u00a0\u00a0\u00a0\u00a0\u00a0\u00a0\u00a0\u00a0\u00a0\u00a0\u00a0\u00a0\u00a0\u00a0\u00a0\u00a0\u00a0\u00a0\u00a0\u00a0\u00a0<\/strong><strong><br \/>\n<\/strong><\/p>\n<p><span style=\"text-decoration: underline;\">Spojen\u00ed:<\/span><strong>\u00a0<\/strong> elektronick\u00e1 adresa:<strong> spolekzp@csvts.cz\u00a0, <\/strong><\/p>\n<p><strong>\u00a0\u00a0\u00a0\u00a0\u00a0\u00a0\u00a0\u00a0\u00a0\u00a0\u00a0\u00a0\u00a0\u00a0 sekretari\u00e1t: \u00a0: <\/strong>telefon: pevn\u00e1 linka &#8211; <strong>221 082 365<\/strong>,\u00a0 mobil:\u00a0 Mikulov\u00e1 <strong>603511977.<\/strong><\/p>\n<p><strong>\u00a0<\/strong>webov\u00e9 str\u00e1nky<strong>: www.csvts.cz\/cspzp<\/strong><br \/>\nbankovn\u00ed spojen\u00ed: <strong>35 &#8211; 5604130247 \/0100<\/strong><\/p>\n<p>&nbsp;<\/p>\n<p><strong>\u010clenstv\u00ed\u00a0v \u010cSP\u017dP\u00a0\u00a0\u00a0 <\/strong><\/p>\n<p>V\u00fdhody:<\/p>\n<ul>\n<li>slevy vlo\u017en\u00e9ho na akc\u00edch, po\u0159\u00e1dan\u00fdch Spolkem.<\/li>\n<li>z\u00edsk\u00e1v\u00e1n\u00ed a navazov\u00e1n\u00ed odborn\u00fdch kontakt\u016f v r\u00e1mci \u010cR i \u010dlensk\u00fdch organizac\u00ed ENEP<\/li>\n<li>aktu\u00e1ln\u00ed informovanost o odborn\u00fdch akc\u00edch po\u0159\u00e1dan\u00fdch Spolkem i o odborn\u00fdch akc\u00edch v Evrop\u011b<\/li>\n<li>z\u00edsk\u00e1v\u00e1n\u00ed informac\u00ed o v\u00fdznamn\u00e9m d\u011bn\u00ed v oblasti\u00a0p\u00e9\u010de o \u00a0\u017eivotn\u00edho prost\u0159ed\u00ed<br \/>\nv Evropsk\u00e9 unii<\/li>\n<li>mo\u017enost za\u0159azen\u00ed do Evropsk\u00e9 s\u00edt\u011b odborn\u00edk\u016f zab\u00fdvaj\u00edc\u00edch\u00a0 \u017eivotn\u00edm prost\u0159ed\u00edm a vyu\u017e\u00edv\u00e1n\u00ed vypl\u00fdvaj\u00edc\u00edch v\u00fdhod<\/li>\n<\/ul>\n<p><strong>\u010clensk\u00e1 z\u00e1kladna:<\/strong><\/p>\n<p><span style=\"margin: 0px; line-height: 115%; font-family: 'Times New Roman','serif'; font-size: 12pt;\"><span style=\"color: #000000;\">\u010clenem \u010cesk\u00e9ho spolku pro \u017eivotn\u00ed prost\u0159ed\u00ed se m\u016f\u017ee st\u00e1t ka\u017ed\u00e1 <strong>fyzick\u00e1 osoba<\/strong> star\u0161\u00ed 18 let, bez rozd\u00edlu pohlav\u00ed, vyzn\u00e1n\u00ed, politick\u00e9ho a soci\u00e1ln\u00edho za\u0159azen\u00ed, n\u00e1rodnosti a st\u00e1tn\u00ed <\/span><span style=\"color: #000000;\">\u00a0<\/span><span style=\"color: #000000;\">p\u0159\u00edslu\u0161nosti <\/span><\/span><\/p>\n<p><span style=\"margin: 0px; line-height: 115%; font-family: 'Times New Roman','serif'; font-size: 12pt;\"><span style=\"color: #000000;\">\u010clenem spolku se m\u016f\u017ee st\u00e1t tak\u00e9 <strong>pr\u00e1vnick\u00e1 osoba<\/strong> (tzv. <strong>skupinov\u00fd \u010dlen<\/strong>). <\/span><\/span><\/p>\n<p>\u010cleny jsou r\u016fzn\u011b zam\u011b\u0159en\u00ed odborn\u00edci, zab\u00fdvaj\u00edc\u00ed se v\u011bdeckotechnickou, \u0159\u00edd\u00edc\u00ed, poradenskou, vzd\u011bl\u00e1vac\u00ed,\u00a0 v\u00fdkonnou i v\u00fdrobn\u00ed \u010dinnosti v r\u00e1mci p\u00e9\u010de o \u017eivotn\u00ed prost\u0159ed\u00ed. \u010cleny se mohou st\u00e1t i jednotlivci, p\u0159\u00edpadn\u011b organizace ze zahrani\u010d\u00ed \u2013 p\u0159edev\u0161\u00edm ze Slovenska.<\/p>\n<p><strong>\u010clensk\u00e9 p\u0159\u00edsp\u011bvky:<\/strong><br \/>\nO v\u00fd\u0161i \u010dlensk\u00fdch p\u0159\u00edsp\u011bvk\u016f rozhoduje \u010dlensk\u00e1 sch\u016fze. V sou\u010dasn\u00e9 dob\u011b je v\u00fd\u0161e \u010dlensk\u00fdch p\u0159\u00edsp\u011bvk\u016f n\u00e1sleduj\u00edc\u00ed:<br \/>\njednotlivci: pln\u00fd \u010d.p.: \u00a0 \u00a0 \u00a0 500,-K\u010d ro\u010dn\u011b<br \/>\nsn\u00ed\u017een\u00fd \u010d.p.:\u00a0\u00a0\u00a0\u00a0\u00a0\u00a0\u00a0\u00a0\u00a0\u00a0\u00a0\u00a0\u00a0\u00a0\u00a0\u00a0\u00a0\u00a0\u00a0\u00a0\u00a0100,- K\u010d ro\u010dn\u011b (nev\u00fdd\u011ble\u010dn\u011b \u010dinn\u00ed, d\u016fchodci, \u017eeny v dom\u00e1cnosti, studenti)<br \/>\nskupinov\u00fd \u010dlen:\u00a0\u00a0\u00a0\u00a0\u00a0\u00a0\u00a0\u00a0\u00a0\u00a0\u00a0\u00a01 000,- K\u010d ro\u010dn\u011b<\/p>\n<p>P\u0159ihl\u00e1\u0161ky ke \u010dlenstv\u00ed v \u010cSP\u017dP (<a href=\"http:\/\/www.csvts.cz\/cspzp\/wp-content\/uploads\/2010\/08\/prihlasky.doc\">v p\u0159\u00edloze<\/a>)<\/p>\n<p>&nbsp;<\/p>\n<p>EnviWeb \u2013 odborn\u00fd port\u00e1l pro \u017eivotn\u00ed prost\u0159ed\u00ed<br \/>\n\u010cNV ONK &#8211; \u010cesk\u00fd n\u00e1rodn\u00ed v\u00fdbor pro omezov\u00e1n\u00ed nebezpe\u010d\u00ed katastrof<\/p>\n<p>&nbsp;<\/p>\n<p>&nbsp;<\/p>\n","protected":false},"excerpt":{"rendered":"<p>\u010cesk\u00fd spolek pro p\u00e9\u010di o \u017eivotn\u00ed prost\u0159ed\u00ed (d\u00e1le jen \u201e\u010cSP\u017dP\u201c nebo \u201eSpolek\u201c) \u010cSP\u017dP \u00a0je samospr\u00e1vn\u00e1, dobrovoln\u00e1, nepolitick\u00e1, neziskov\u00e1 v\u011bdeckotechnick\u00e1 organizace.\u00a0\u00a0 \u00a0Ustaven byl v roce 2004.\u00a0\u00a0Registrov\u00e1n byl\u00a0 MV dne 18.5.2004 pod \u010d.j. VS\/1 \u2013 1\/57 412\/04 \u2013 R. Zaps\u00e1n je u M\u011bstsk\u00e9ho soudu V Praze pod spisovou zna\u010dkou L. 14709 z\u00e1pisem ze dne 1.1.2014 I\u010cO: 266 [&hellip;]<\/p>\n","protected":false},"author":1,"featured_media":0,"parent":0,"menu_order":1,"comment_status":"closed","ping_status":"closed","template":"","meta":{"footnotes":""},"class_list":["post-2","page","type-page","status-publish","hentry"],"_links":{"self":[{"href":"http:\/\/www.spolky-csvts.cz\/spolekzp\/wp-json\/wp\/v2\/pages\/2","targetHints":{"allow":["GET"]}}],"collection":[{"href":"http:\/\/www.spolky-csvts.cz\/spolekzp\/wp-json\/wp\/v2\/pages"}],"about":[{"href":"http:\/\/www.spolky-csvts.cz\/spolekzp\/wp-json\/wp\/v2\/types\/page"}],"author":[{"embeddable":true,"href":"http:\/\/www.spolky-csvts.cz\/spolekzp\/wp-json\/wp\/v2\/users\/1"}],"replies":[{"embeddable":true,"href":"http:\/\/www.spolky-csvts.cz\/spolekzp\/wp-json\/wp\/v2\/comments?post=2"}],"version-history":[{"count":61,"href":"http:\/\/www.spolky-csvts.cz\/spolekzp\/wp-json\/wp\/v2\/pages\/2\/revisions"}],"predecessor-version":[{"id":1031,"href":"http:\/\/www.spolky-csvts.cz\/spolekzp\/wp-json\/wp\/v2\/pages\/2\/revisions\/1031"}],"wp:attachment":[{"href":"http:\/\/www.spolky-csvts.cz\/spolekzp\/wp-json\/wp\/v2\/media?parent=2"}],"curies":[{"name":"wp","href":"https:\/\/api.w.org\/{rel}","templated":true}]}}