{"id":303,"date":"2012-11-09T11:09:07","date_gmt":"2012-11-09T10:09:07","guid":{"rendered":"http:\/\/www.csvts.cz\/cspzp\/?page_id=303"},"modified":"2018-10-26T14:50:59","modified_gmt":"2018-10-26T12:50:59","slug":"odborna-cinnost","status":"publish","type":"page","link":"http:\/\/www.spolky-csvts.cz\/spolekzp\/odborna-cinnost\/","title":{"rendered":"ODBORN\u00c1 \u010cINNOST"},"content":{"rendered":"<p>Odborn\u00e1 \u010dinnost dosud spo\u010d\u00edv\u00e1\u00a0 v po\u0159\u00e1d\u00e1n\u00ed odborn\u00fdch akc\u00ed,\u00a0 v \u00fastn\u00edch odborn\u00fdch konzultac\u00edch i\u00a0 pod\u00e1v\u00e1n\u00ed vy\u017e\u00e1dan\u00fdch stanovisek v\u00fdboru k\u00a0 d\u011bn\u00ed v ochran\u011b \u017eivotn\u00edho prost\u0159ed\u00ed \u010cR, EU, p\u0159\u00edpadn\u011b ve sv\u011bt\u011b<\/p>\n","protected":false},"excerpt":{"rendered":"<p>Odborn\u00e1 \u010dinnost dosud spo\u010d\u00edv\u00e1\u00a0 v po\u0159\u00e1d\u00e1n\u00ed odborn\u00fdch akc\u00ed,\u00a0 v \u00fastn\u00edch odborn\u00fdch konzultac\u00edch i\u00a0 pod\u00e1v\u00e1n\u00ed vy\u017e\u00e1dan\u00fdch stanovisek v\u00fdboru k\u00a0 d\u011bn\u00ed v ochran\u011b \u017eivotn\u00edho prost\u0159ed\u00ed \u010cR, EU, p\u0159\u00edpadn\u011b ve sv\u011bt\u011b<\/p>\n","protected":false},"author":3,"featured_media":0,"parent":0,"menu_order":3,"comment_status":"closed","ping_status":"open","template":"","meta":{"footnotes":""},"class_list":["post-303","page","type-page","status-publish","hentry"],"_links":{"self":[{"href":"http:\/\/www.spolky-csvts.cz\/spolekzp\/wp-json\/wp\/v2\/pages\/303","targetHints":{"allow":["GET"]}}],"collection":[{"href":"http:\/\/www.spolky-csvts.cz\/spolekzp\/wp-json\/wp\/v2\/pages"}],"about":[{"href":"http:\/\/www.spolky-csvts.cz\/spolekzp\/wp-json\/wp\/v2\/types\/page"}],"author":[{"embeddable":true,"href":"http:\/\/www.spolky-csvts.cz\/spolekzp\/wp-json\/wp\/v2\/users\/3"}],"replies":[{"embeddable":true,"href":"http:\/\/www.spolky-csvts.cz\/spolekzp\/wp-json\/wp\/v2\/comments?post=303"}],"version-history":[{"count":7,"href":"http:\/\/www.spolky-csvts.cz\/spolekzp\/wp-json\/wp\/v2\/pages\/303\/revisions"}],"predecessor-version":[{"id":1083,"href":"http:\/\/www.spolky-csvts.cz\/spolekzp\/wp-json\/wp\/v2\/pages\/303\/revisions\/1083"}],"wp:attachment":[{"href":"http:\/\/www.spolky-csvts.cz\/spolekzp\/wp-json\/wp\/v2\/media?parent=303"}],"curies":[{"name":"wp","href":"https:\/\/api.w.org\/{rel}","templated":true}]}}