{"id":541,"date":"2014-04-07T14:39:18","date_gmt":"2014-04-07T12:39:18","guid":{"rendered":"http:\/\/www.csvts.cz\/cspzp\/?page_id=541"},"modified":"2015-11-27T15:55:09","modified_gmt":"2015-11-27T14:55:09","slug":"lakce-2014","status":"publish","type":"page","link":"http:\/\/www.spolky-csvts.cz\/spolekzp\/odborna-cinnost\/lakce-2014\/","title":{"rendered":"AKCE 2014"},"content":{"rendered":"<ul>\n<li>\u00a0 3. semin\u00e1\u0159 cyklu\u00a0 &#8222;Prevence katastrof a ochrana obyvatel a \u017eivotn\u00edho prost\u0159ed\u00ed&#8220;<br \/>\n<strong>&#8222;Sucho jako pl\u00ed\u017eiv\u00e1 katastrofa, jeho p\u0159\u00ed\u010diny a mo\u017en\u00e9 dopady&#8220;<\/strong> \u00a0\u00a0 4.listopadu 2014<\/li>\n<\/ul>\n<p>&nbsp;<\/p>\n<ul>\n<li><strong>Kabinet odpad\u016f \u00a0<\/strong>30. \u0159\u00edjna 2014<br \/>\nZam\u011b\u0159en\u00ed:\u00a0 Nov\u00e9 legislativn\u00ed zm\u011bny &#8211; p\u0159edn\u00e1\u0161ej\u00edc\u00ed &#8220; \u0159editel a pravcovn\u00edici odboru odpad\u016f a legislativy M\u017dP<\/li>\n<\/ul>\n<p>&nbsp;<\/p>\n<ul>\n<li>Semin\u00e1\u0159<strong>\u00a0 &#8222;Nakl\u00e1d\u00e1n\u00ed s odpady &#8211; v\u010detn\u011b kuchy\u0148sk\u00fdch &#8211; ze\u00a0 zdravotnick\u00fdch za\u0159\u00edzen\u00ed, za\u0159\u00edzen\u00ed soci\u00e1ln\u00ed p\u00e9\u010de a domov\u016f d\u016fchodc\u016f&#8220;<br \/>\n<\/strong>po\u0159\u00e1dan\u00fd ve spolupr\u00e1ci se St\u00e1tn\u00edm zdravotn\u00edm \u00fastavem (SZ\u00da)\u00a0 prob\u011bhl \u00fasp\u011b\u0161n\u011b dne 23. z\u00e1\u0159\u00ed 2014.<\/li>\n<\/ul>\n<h3>\u00a0\u00a0\u00a0\u00a0\u00a0\u00a0\u00a0\u00a0\u00a0\u00a0\u00a0\u00a0\u00a0\u00a0\u00a0\u00a0\u00a0\u00a0\u00a0\u00a0\u00a0\u00a0\u00a0\u00a0\u00a0<strong> P\u0159edn\u00e1\u0161ej\u00edc\u00ed sezn\u00e1mily \u00fa\u010dastn\u00edky\u00a0 semin\u00e1\u0159e \u00a0 se sou\u010dasn\u00fdmi sm\u011bry v nakl\u00e1d\u00e1n\u00ed se zdravotnick\u00fdmi odpady (MUDr.M.Zimov\u00e1,CSc. &#8211; SZ\u00da) a s problematikou<br \/>\nnakl\u00e1d\u00e1n\u00ed<\/strong> s pom\u016fckami\u00a0 p\u0159i inkontinenci (Ing. Ladislava Mat\u011bj\u016f SZ\u00da). RNDr. Jana Anton\u00ednov\u00e1 (\u010cI\u017dP)<strong>\u00a0 se na problematiku t\u011bchto odpad\u016f\u00a0 pod\u00edvala pohledem \u00a0\u00a0<\/strong><br \/>\n<strong>\u00a0\u00a0\u00a0\u00a0\u00a0\u00a0\u00a0\u00a0\u00a0\u00a0\u00a0\u00a0\u00a0\u00a0\u00a0\u00a0\u00a0\u00a0\u00a0\u00a0\u00a0\u00a0\u00a0\u00a0\u00a0 St\u00e1tn\u00ed\u00a0 inspekce \u017eivotn\u00edho prost\u0159ed\u00ed a Ing. Jana Ku\u010derov\u00e1, PhD\u00a0 (KHS Liberec) promluvila o zku\u0161enostech\u00a0 hygienick\u00e9 slu\u017eby\u00a0 s nakl\u00e1d\u00e1n\u00edm s odpady ze<br \/>\nzdravotnictv\u00ed\u00a0 a soci\u00e1ln\u00edch slu\u017eeb.<br \/>\n<\/strong><\/h3>\n<p>&nbsp;<\/p>\n<ul>\n<li><strong>Kabinet odpad\u016f<\/strong> 29.5.2014<br \/>\nZam\u011b\u0159en\u00ed kabinetu: Aktu\u00e1ln\u00ed problematika odpadov\u00e9ho hospod\u00e1\u0159stv\u00ed<br \/>\np\u0159edn\u00e1\u0161ky:\u00a0 <a href=\"http:\/\/www.csvts.cz\/cspzp\/wp-content\/uploads\/2014\/04\/MANHART-M\u017dP-Kabinet-odpad\u016f-kv\u011bten-2014.pdf\">POH<span style=\"text-decoration: underline;\"> ;<\/span> MANHART <\/a><\/li>\n<\/ul>\n<p>&nbsp;<\/p>\n<ul>\n<li>2. semin\u00e1\u0159 cyklu Prevence katastrof a ochrana obyvatel a \u017eivotn\u00edho prost\u0159ed\u00ed<strong><br \/>\n&#8222;Zdravotn\u00ed dopady krizov\u00fdch situac\u00ed na obyvatelstvo a \u017eivotn\u00ed prost\u0159ed\u00ed v \u010cesk\u00e9 republice&#8220;\u00a0 <\/strong>15.5.2014<\/li>\n<\/ul>\n<p>materi\u00e1ly:<a href=\"http:\/\/www.csvts.cz\/cspzp\/wp-content\/uploads\/2014\/04\/Zpr\u00e1va-o-semin\u00e1\u0159i-Zdrav\u00ed-2014.doc\">Zpr\u00e1va o semin\u00e1\u0159i Zdrav\u00ed 2014<\/a><br \/>\n<a href=\"http:\/\/www.csvts.cz\/cspzp\/wp-content\/uploads\/2014\/04\/Z\u00e1v\u011bry-semin\u00e1\u0159e.docx\">Z\u00e1v\u011bry semin\u00e1\u0159e<br \/>\n<\/a>P\u0159edn\u00e1\u0161ky: http:\/\/nahraj soubor.cz<\/p>\n<p>&nbsp;<\/p>\n<ul>\n<li>\u00a01. semin\u00e1\u0159 cyklu &#8222;Prevence katastrof &#8211; ochrana obyvatelstva a \u017eivotn\u00edho prost\u0159ed\u00ed&#8220;:<br \/>\n<strong>\u00a0 &#8222;Zku\u0161enosti z povodn\u00ed posledn\u00edch 20 let a jejich vyu\u017eit\u00ed v p\u0159ipravenosti a prevenci<\/strong>&#8220;\u00a0 27. \u00fanora 2014<\/li>\n<\/ul>\n<p>materi\u00e1ly: <a href=\"http:\/\/www.csvts.cz\/cspzp\/wp-content\/uploads\/2014\/04\/Zpr\u00e1va-o-semin\u00e1\u0159i-povodn\u011b-2014.docx\">Zpr\u00e1va o semin\u00e1\u0159i povodn\u011b 2014<\/a><br \/>\n<a href=\"http:\/\/www.csvts.cz\/cspzp\/wp-content\/uploads\/2014\/04\/Z\u00e1v\u011bry-semin\u00e1\u0159e.docx\">Z\u00e1v\u011bry semin\u00e1\u0159e<\/a><br \/>\np\u0159edn\u00e1\u0161ky:<a href=\"http:\/\/www.csvts.cz\/cspzp\/wp-content\/uploads\/2014\/04\/Dellamaria-povode\u0148-MC-Pha-9.pdf\"> danhelka_seminar_CNVONK ; Sandev meteo k povodn\u00edm ; Pun\u010doch\u00e1\u0159 Povodn\u011b pou\u010den\u00ed; Prudil povodn\u011b a HZS; Obrusn\u00edk Semin\u00e1\u0159 Povodn\u011b 2014; Melichar Velk\u00e1 Chuchle; Kubat Projekt Vyhodnocen\u00ed ;<br \/>\nDellamaria povode\u0148 &#8211;<\/a><a href=\"http:\/\/www.csvts.cz\/cspzp\/wp-content\/uploads\/2014\/04\/Dellamaria-povode\u0148-MC-Pha-9.pdf\"> MC Pha 9<\/a>; <a href=\"http:\/\/www.csvts.cz\/cspzp\/wp-content\/uploads\/2014\/04\/Vencelides_povodne_prezentace.pdf\">Vencelides_povodne_prezentace; <\/a><\/p>\n<ul>\n<li>\u00a0 Zah\u00e1jen\u00ed 8 d\u00edln\u00e9ho cyklu semin\u00e1\u0159\u016f : &#8222;PREVENCE KATASTROF _ OCHRANA OBYVATEL A \u017dIVOTN\u00cdHO PROST\u0158ED\u00cd&#8220;\u00a0 27.2.2014<\/li>\n<\/ul>\n<p>Semin\u00e1\u0159e:\u00a0 2014:\u00a0 &#8222;Zku\u0161enosti z povodn\u00ed posledn\u00edch dvaceti let a jejich vyu\u017eit\u00ed v p\u0159ipravenosti a p\u0159evenci&#8220;<br \/>\n&#8222;Zdravotn\u00ed dopady krizov\u00fdch situac\u00ed&#8220;<br \/>\n&#8222;Sucho, jeho p\u0159\u00ed\u010diny a mo\u017en\u00e9 dopady (fakta a m\u00fdty oklimatick\u00e9 zm\u011bn\u011b)&#8220;<br \/>\n2015: &#8222;Prevence ve vzd\u011bl\u00e1v\u00e1n\u00ed a \u0161kolstv\u00ed&#8220; ( cvi\u010den\u00ed, \u0161kolen\u00ed, reakce na krizov\u00e9 situace)<br \/>\n&#8222;Rizika &#8211; mo\u017enosti jejich identifikace a mapov\u00e1n\u00ed, legislativa a zdroje financov\u00e1n\u00ed v prevenci katastrof&#8220;<br \/>\n&#8222;Technologick\u00e9 a kombinovan\u00e9 katastrofy&#8220; (&#8222;black-out&#8220;, velk\u00e9 chemick\u00e9 hav\u00e1riea pod.)<br \/>\n&#8222;Mo\u017enosti sni\u017eov\u00e1n\u00ed rizik, zranitelnosti \u017eivotn\u00edho prost\u0159ed\u00ed, obnova a zvy\u0161ov\u00e1n\u00ed odolnosti \u00fazem\u00ed&#8220;<br \/>\n&#8222;Krizov\u00e9 situace a odpady&#8220;<\/p>\n<p>&nbsp;<\/p>\n<p>&nbsp;<\/p>\n","protected":false},"excerpt":{"rendered":"<p>\u00a0 3. semin\u00e1\u0159 cyklu\u00a0 &#8222;Prevence katastrof a ochrana obyvatel a \u017eivotn\u00edho prost\u0159ed\u00ed&#8220; &#8222;Sucho jako pl\u00ed\u017eiv\u00e1 katastrofa, jeho p\u0159\u00ed\u010diny a mo\u017en\u00e9 dopady&#8220; \u00a0\u00a0 4.listopadu 2014 &nbsp; Kabinet odpad\u016f \u00a030. \u0159\u00edjna 2014 Zam\u011b\u0159en\u00ed:\u00a0 Nov\u00e9 legislativn\u00ed zm\u011bny &#8211; p\u0159edn\u00e1\u0161ej\u00edc\u00ed &#8220; \u0159editel a pravcovn\u00edici odboru odpad\u016f a legislativy M\u017dP &nbsp; Semin\u00e1\u0159\u00a0 &#8222;Nakl\u00e1d\u00e1n\u00ed s odpady &#8211; v\u010detn\u011b kuchy\u0148sk\u00fdch &#8211; ze\u00a0 [&hellip;]<\/p>\n","protected":false},"author":3,"featured_media":0,"parent":303,"menu_order":1,"comment_status":"closed","ping_status":"open","template":"","meta":{"footnotes":""},"class_list":["post-541","page","type-page","status-publish","hentry"],"_links":{"self":[{"href":"http:\/\/www.spolky-csvts.cz\/spolekzp\/wp-json\/wp\/v2\/pages\/541","targetHints":{"allow":["GET"]}}],"collection":[{"href":"http:\/\/www.spolky-csvts.cz\/spolekzp\/wp-json\/wp\/v2\/pages"}],"about":[{"href":"http:\/\/www.spolky-csvts.cz\/spolekzp\/wp-json\/wp\/v2\/types\/page"}],"author":[{"embeddable":true,"href":"http:\/\/www.spolky-csvts.cz\/spolekzp\/wp-json\/wp\/v2\/users\/3"}],"replies":[{"embeddable":true,"href":"http:\/\/www.spolky-csvts.cz\/spolekzp\/wp-json\/wp\/v2\/comments?post=541"}],"version-history":[{"count":41,"href":"http:\/\/www.spolky-csvts.cz\/spolekzp\/wp-json\/wp\/v2\/pages\/541\/revisions"}],"predecessor-version":[{"id":712,"href":"http:\/\/www.spolky-csvts.cz\/spolekzp\/wp-json\/wp\/v2\/pages\/541\/revisions\/712"}],"up":[{"embeddable":true,"href":"http:\/\/www.spolky-csvts.cz\/spolekzp\/wp-json\/wp\/v2\/pages\/303"}],"wp:attachment":[{"href":"http:\/\/www.spolky-csvts.cz\/spolekzp\/wp-json\/wp\/v2\/media?parent=541"}],"curies":[{"name":"wp","href":"https:\/\/api.w.org\/{rel}","templated":true}]}}