{"id":806,"date":"2016-01-28T15:55:48","date_gmt":"2016-01-28T14:55:48","guid":{"rendered":"http:\/\/www.csvts.cz\/cspzp\/?page_id=806"},"modified":"2021-12-09T11:27:58","modified_gmt":"2021-12-09T10:27:58","slug":"aktuality","status":"publish","type":"page","link":"http:\/\/www.spolky-csvts.cz\/spolekzp\/aktuality\/","title":{"rendered":"AKTUALITY"},"content":{"rendered":"<p><em><span style=\"text-decoration: underline;\"><strong>V\u00cdTEJTE NA STR\u00c1NK\u00c1CH \u010cESK\u00c9HO SPOLKU PRO P\u00c9\u010cI O \u017dIVOTN\u00cd PROST\u0158ED\u00cd<\/strong><\/span><\/em><\/p>\n<div class=\"jev_evdt_desc\">\n<p style=\"text-align: center;\">\u010cESK\u00dd SPOLEK PRO P\u00c9\u010cI O \u017dIVOTN\u00cd PROST\u0158ED\u00cd<br \/>\na<br \/>\nST\u00c1TN\u00cd ZDRAVOTN\u00cd \u00daSTAV<\/p>\n<p style=\"text-align: center;\">dovoluj\u00ed si V\u00e1s pozvat na odborn\u00fd semin\u00e1\u0159 s diskus\u00ed<\/p>\n<h3 style=\"text-align: center;\">Nakl\u00e1d\u00e1n\u00ed s odpady ze zdravotnick\u00e9 a veterin\u00e1rn\u00ed p\u00e9\u010de<\/h3>\n<p>Semin\u00e1\u0159 se uskute\u010dn\u00ed v \u00fater\u00fd <strong>14. 12. 2021 od 9:00 do 14:00<\/strong><br \/>\nOn-line formou vzhledem k epidemiologick\u00e9 situaci. D\u011bkujeme za pochopen\u00ed.<\/p>\n<p>Odborn\u00fd garant:<br \/>\nMUDr. Magdalena Zimov\u00e1, CSc.,\u00a0 SZ\u00da Praha\/\u010cSP\u017dP \u2013 tel. \u010d. 267 082 267<\/p>\n<p>Organiza\u010dn\u00ed garant:<br \/>\nRNDr. Vlastimila Mikulov\u00e1, \u010cSP\u017dP \u2013 tel.: 221 082 365, 603 511 977, e-mail:<span id=\"cloakd1c482b8b0b77055d8bebe17b8897bf5\"><a href=\"mailto:spolekzp@csvts.cz\">spolekzp@csvts.cz<\/a><\/span><\/p>\n<p>Medi\u00e1ln\u00ed partne\u0159i:<br \/>\nEnviWeb <a href=\"http:\/\/www.enviweb.cz\">www.enviweb.cz<\/a><br \/>\nTreti ruka <a href=\"http:\/\/www.tretiruka.cz\">www.tretiruka.cz<\/a><\/p>\n<p><a href=\"http:\/\/www.spolky-csvts.cz\/spolekzp\/wp-content\/uploads\/2021\/12\/Pozvanka_on-line-Zdravot.-odpady.docx\">Pozv\u00e1nka a p\u0159\u00edhl\u00e1\u0161ka<\/a><\/p>\n<\/div>\n<p><strong>NA\u0160E AKCE V ROCE 2019<\/strong><\/p>\n<p><strong>26. 11. 2019<\/strong><\/p>\n<h3>Potraviny &#8211; m\u00fdty a skute\u010dnost<\/h3>\n<p>Bezpe\u010dnost potravin je st\u00e1le \u010dast\u011bj\u0161\u00ed ot\u00e1zka v mnoha oborech, dovolujeme<br \/>\nsi V\u00e1s proto pozvat na semin\u00e1\u0159 POTRAVINY &#8211; M\u00ddTY A SKUTE\u010cNOST, kter\u00fd n\u00e1\u0161 spolek po\u0159\u00e1d\u00e1 ve spolupr\u00e1ci se St\u00e1tn\u00edm zdravotn\u00ed \u00fastavem a Akademi\u00ed v\u011bd \u010cR. Garantem semin\u00e1\u0159e je MUDr. Magdalena Z\u00edmov\u00e1 CSc., d\u00edky vz\u00e1jemn\u00e9 spolupr\u00e1ci m\u00e1 semin\u00e1\u0159 symbolick\u00e9 vlo\u017en\u00e9 200,- K\u010d., d\u016fchodci a studenti zdarma.<\/p>\n<p><strong>Semin\u00e1\u0159 se uskute\u010dn\u00ed <\/strong><strong>v \u00fater\u00fd 26. 11. 2019<\/strong><strong> od 10:00 hod<\/strong>.<br \/>\nve velk\u00e9 posluch\u00e1rn\u011b budovy \u010d. 11 St\u00e1tn\u00ed zdravotn\u00ed \u00fastav, \u0160rob\u00e1rova 48, Praha 10<\/p>\n<p><strong>28. 3. 2019<\/strong><\/p>\n<p><strong>Kabinet odpad\u016f\u00a0se zam\u011b\u0159en\u00edm: &#8222;Legislativn\u00ed pl\u00e1n v\u00a0oblasti odpad\u016f v\u00a0roce 2019, proces a stav p\u0159\u00edpravy nov\u00fdch\u00a0 pr\u00e1vn\u00edch p\u0159edpis\u016f, praktick\u00fd dopad zm\u011bn\u201c<\/strong><\/p>\n<p>ve spolupr\u00e1ci s\u00a0odborem odpad\u016f Ministerstva \u017eivotn\u00edho prost\u0159ed\u00ed<\/p>\n<p><strong>Term\u00edn a \u010das kon\u00e1n<\/strong>\u00ed: <strong>\u010dtvrtek <\/strong><strong>28. 3. 2019 od<\/strong> <strong>13:00 hod<\/strong>. do cca 16:30 hod.<\/p>\n<p><strong>M\u00edsto kon\u00e1n\u00ed<\/strong>: \u00a0Ministerstva \u017eivotn\u00edho prost\u0159ed\u00ed \u010cR Vr\u0161ovick\u00e1 65, 100 10 Praha 10<strong>\u00a0 <\/strong>zasedac\u00ed m\u00edstnost \u010d. 432<\/p>\n<p>P\u0159ihl\u00e1\u0161ka a pozv\u00e1nka zde: http:\/\/spolky.csvts.cz\/cspzp\/wp-content\/uploads\/2019\/03\/Pozv\u00e1nka_Kabinet_odpad\u016f_b\u0159ezen_19-3.doc<\/p>\n<p><strong>\u00a018. 3. 2019 \u00a0\u00a0\u00a0\u00a0\u00a0<\/strong><\/p>\n<p><strong>odborn\u00fd semin\u00e1\u0159:<\/strong><\/p>\n<h3><strong>Nano\u010d\u00e1stice a \u017eivotn\u00ed prost\u0159ed\u00ed<\/strong><\/h3>\n<p>Term\u00edn a \u010das kon\u00e1n\u00ed: <strong>pond\u011bl\u00ed 18. 3.<\/strong> <strong>2019 od<\/strong> <strong>9:30 hod<\/strong>. do 15:00 hod.<\/p>\n<p>M\u00edsto kon\u00e1n\u00ed: \u00a0S\u00e1l \u010d. 319 \u00a0v\u00a0 budov\u011b \u00a0\u010cSVTS Novotn\u00e9ho l\u00e1vka 5, Praha 1<\/p>\n<p>Spojen\u00ed: <strong>\u00a0Metro \u2013 trasa A, stanice Starom\u011bstsk\u00e1, d\u00e1le\u00a0\u00a0 tramvaj \u010d. 2, 17 stanice Karlovy l\u00e1zn\u011b<\/strong><\/p>\n<p>P\u0159ihl\u00e1\u0161ka a pozv\u00e1nka zde: <a href=\"http:\/\/spolky.csvts.cz\/cspzp\/akce-2019\/pozvanka-sem-nanocastice\/\" rel=\"attachment wp-att-1113\">Pozv\u00e1nka SEM. NANO\u010c\u00c1STICE<\/a><\/p>\n<p><strong>N<\/strong><\/p>\n<p><strong>A\u0160E AKCE V ROCE 2018<\/strong><\/p>\n<p><strong>listopad<\/strong>\u00a0\u00a0<strong>2018 Kabinet odpad\u016f<br \/>\n<\/strong><\/p>\n<p>V\u00e1\u017een\u00ed p\u0159\u00e1tel\u00e9 ,<\/p>\n<p>s\u00a0pot\u011b\u0161en\u00edm si V\u00e1s dovolujeme pozvat na listopadov\u00fd Kabinet odpad\u016f, kter\u00fd se uskute\u010dn\u00ed<\/p>\n<p><strong>ve \u010dtvrtek 8. 11. 2018 v\u00a0Praze v\u00a0budov\u011b M\u017dP, <\/strong>v\u00edce v\u00a0p\u0159ilo\u017een\u00e9 pozv\u00e1nce<strong>. <\/strong><\/p>\n<p>Kabinet bude ve spolupr\u00e1ci s\u00a0veden\u00edm odboru odpad\u016f M\u017dP zam\u011b\u0159en na aktu\u00e1ln\u00ed informace \u00a0\u00a0\u00a0a probl\u00e9my odpadov\u00e9ho hospod\u00e1\u0159stv\u00ed spojen\u00e9 s\u00a0p\u0159\u00edpravou\u00a0 legislativn\u00edch zm\u011bn s praktick\u00fdm dopadem, zejm\u00e9na u komun\u00e1ln\u00edch odpad\u016f.\u00a0 Kabinet by m\u011bl spolu s diskus\u00ed p\u0159isp\u011bt k\u00a0vyjasn\u011bn\u00ed a \u0159e\u0161en\u00ed n\u011bkter\u00fdch ot\u00e1zek, kter\u00e9 se i debatuj\u00ed z\u00a0r\u016fzn\u00fdch pohled\u016f na \u00farovn\u00edch parlamentn\u00ed, komun\u00e1ln\u00ed a v\u00a0odborn\u00e9 sf\u00e9\u0159e.<\/p>\n<p>Uv\u00edt\u00e1me Va\u0161e diskusn\u00ed podn\u011bty a ot\u00e1zky, kter\u00e9 m\u016f\u017eete v\u00a0p\u0159edstihu zaslat na email: <a href=\"mailto:spolekzp@csvts.cz\">spolekzp@csvts.cz<\/a><strong>.<\/strong><\/p>\n<p>T\u011b\u0161\u00edme se na setk\u00e1n\u00ed s V\u00e1mi!<\/p>\n<p>Pozv\u00e1nka na Kabinet odpad\u016f<\/p>\n<p>\u010cesk\u00fd spolek pro p\u00e9\u010di o \u017eivotn\u00ed prost\u0159ed\u00ed<\/p>\n<p>p\u0159i <a href=\"http:\/\/www.csvts.cz\/\">\u010cesk\u00e9m svazu v\u011bdeckotechnick\u00fdch spole\u010dnost\u00ed<\/a><\/p>\n<p>ve spolupr\u00e1ci s\u00a0odborem odpad\u016f Ministerstva \u017eivotn\u00edho prost\u0159ed\u00ed<\/p>\n<p>dovoluje si V\u00e1s pozvat na<\/p>\n<p><strong>tradi\u010dn\u00ed \u00a0<\/strong><strong>KABINET \u00a0ODPAD\u016e <\/strong>listopad <strong>\u00a0<\/strong><strong>2018<\/strong><\/p>\n<p>Zam\u011b\u0159en\u00ed: <strong>Aktu\u00e1ln\u00ed informace k \u0159e\u0161en\u00ed probl\u00e9m\u016f v\u00a0odpadov\u00e9m hospod\u00e1\u0159stv\u00ed \u010cR<\/strong><\/p>\n<p>\u00davod do diskuse:\u00a0 <strong>Ing. Jarom\u00edr Manhart<\/strong>, \u0159editel odboru odpad\u016f<\/p>\n<p><strong>Ing. Bc. Jan Mar\u0161\u00e1k Ph.D<\/strong>., vedouc\u00ed odd\u011blen\u00ed koncepc\u00ed a technologi\u00ed a<\/p>\n<p>z\u00e1stupce \u0159editele odboru odpad\u016f<\/p>\n<p>Term\u00edn a \u010das kon\u00e1n\u00ed: <strong>\u010dtvrtek <\/strong><strong>8. 11. 2018 od<\/strong> <strong>13:30 hod<\/strong>. do 16:30 hod.<\/p>\n<p>M\u00edsto kon\u00e1n\u00ed: \u00a0Ministerstva \u017eivotn\u00edho prost\u0159ed\u00ed \u010cR Vr\u0161ovick\u00e1 65, 100 10 Praha 10<\/p>\n<p><strong>\u00a0\u00a0\u00a0\u00a0\u00a0\u00a0\u00a0\u00a0\u00a0\u00a0\u00a0\u00a0\u00a0\u00a0\u00a0\u00a0\u00a0\u00a0\u00a0\u00a0\u00a0\u00a0\u00a0 <\/strong>zasedac\u00ed m\u00edstnost \u010d. 900<\/p>\n<p>Odborn\u00fd garant kabinet\u016f: RNDr. Vlastimila Mikulov\u00e1<\/p>\n<p>Organiza\u010dn\u00ed zaji\u0161t\u011bn\u00ed:\u00a0\u00a0\u00a0\u00a0\u00a0\u00a0 \u010cSP\u017dP \u00a0tel. \u010d: 221 082 365; mob.: 603511977 ,<\/p>\n<p>e-mail <a href=\"mailto:spolekzp@csvts.cz\">spolekzp@csvts.cz<\/a><\/p>\n<p><strong>Medi\u00e1ln\u00ed partne\u0159i:<\/strong><\/p>\n<p><strong>\u00a0<\/strong><\/p>\n<p><strong>Enviweb\u00a0\u00a0\u00a0\u00a0\u00a0\u00a0\u00a0\u00a0\u00a0\u00a0\u00a0\u00a0\u00a0\u00a0\u00a0\u00a0\u00a0\u00a0\u00a0\u00a0\u00a0\u00a0\u00a0\u00a0\u00a0\u00a0\u00a0\u00a0\u00a0\u00a0\u00a0\u00a0\u00a0\u00a0\u00a0\u00a0\u00a0\u00a0\u00a0\u00a0\u00a0\u00a0\u00a0\u00a0\u00a0\u00a0\u00a0\u00a0\u00a0\u00a0\u00a0\u00a0 Tretiruka<\/strong><\/p>\n<p><a href=\"http:\/\/www.enviweb.cz\"><strong>www.enviweb.cz<\/strong><\/a><strong>\u00a0\u00a0\u00a0\u00a0\u00a0\u00a0\u00a0\u00a0\u00a0\u00a0\u00a0\u00a0\u00a0\u00a0\u00a0\u00a0\u00a0\u00a0\u00a0\u00a0\u00a0\u00a0\u00a0\u00a0\u00a0\u00a0\u00a0\u00a0\u00a0\u00a0\u00a0\u00a0\u00a0\u00a0\u00a0\u00a0\u00a0\u00a0\u00a0\u00a0 <a href=\"http:\/\/www.tretiruka.cz\">www.tretiruka.cz<\/a><\/strong><\/p>\n<p><a href=\"http:\/\/spolky.csvts.cz\/cspzp\/wp-content\/uploads\/2018\/10\/Pozv\u00e1nka-Kabinet-odpad\u016f-listopad.doc\" rel=\"attachment wp-att-1080\">Pozv\u00e1nka a p\u0159ihl\u00e1\u0161ka<\/a><\/p>\n<p>P\u0159ihl\u00e1\u0161ky odes\u00edlejte nejl\u00e9pe elektronickou po\u0161tou na adresu: <a href=\"mailto:spolekzp@csvts.cz\">spolekzp@csvts.cz<\/a>, co nejd\u0159\u00edve &#8211; omezen\u00e1 kapacita,\u00a0 nejpozd\u011bji\u00a0 do 6. 11. 2018.<\/p>\n<h1 style=\"text-align: left;\"><strong>24. dubna 2018<\/strong><\/h1>\n<p>\u010cesk\u00fd spolek pro p\u00e9\u010di o \u017eivotn\u00ed prost\u0159ed\u00ed ve spolupr\u00e1ci se St\u00e1tn\u00edm zdravotn\u00edm \u00fastavem Praha<\/p>\n<p>si V\u00e1s dovoluje pozvat na semin\u00e1\u0159,<\/p>\n<p><strong>Nakl\u00e1d\u00e1n\u00ed s\u00a0biologicky rozlo\u017eiteln\u00fdm odpadem z\u00a0kuchyn\u00ed a\u00a0stravoven<\/strong><\/p>\n<p>kter\u00fd se uskute\u010dn\u00ed <strong>\u00a0<\/strong><strong>v \u00fater\u00fd 24. 4. 2018<\/strong><strong> od 10:00 hod<\/strong>.<\/p>\n<p>ve velk\u00e9 posluch\u00e1rn\u011b budovy \u010d. 11, St\u00e1tn\u00ed zdravotn\u00ed \u00fastav, \u0160rob\u00e1rova 48, Praha 10<\/p>\n<p><strong>Odborn\u00fd garant: <\/strong><\/p>\n<p><strong>MUDr. Magdalena Zimov\u00e1, CSc. \u2013 SZ\u00da Praha\/\u010cSP\u017dP \u2013 tel. 267082267 <\/strong><\/p>\n<p>Kontakt: spolekzp@csvts.cz, RNDr. Vlastimila Mikulov\u00e1 tel.: 603511977<\/p>\n<p>Pozv\u00e1nka :zde<\/p>\n<p><strong>PROGRAM<\/strong><\/p>\n<ul>\n<li>\u00a0\u00a0\u00a0\u00a0\u00a0\u00a0\u00a0 Prezence<\/li>\n<\/ul>\n<p>10.00 \u00a0\u00a0\u00a0\u00a0\u00a0\u00a0\u00a0\u00a0 Zah\u00e1jen\u00ed semin\u00e1\u0159e Ing. Jan Jarol\u00edm \u010cSP\u017dP<\/p>\n<p>10.05 \u00a0\u00a0\u00a0\u00a0\u00a0\u00a0\u00a0\u00a0 Sou\u010dasn\u00e1 rizika nakl\u00e1d\u00e1n\u00ed s\u00a0biologicky rozlo\u017eiteln\u00fdmi odpady z\u00a0kuchyn\u00ed a\u00a0\u00a0\u00a0\u00a0\u00a0\u00a0\u00a0\u00a0\u00a0\u00a0\u00a0\u00a0\u00a0\u00a0\u00a0\u00a0\u00a0\u00a0\u00a0\u00a0\u00a0\u00a0\u00a0\u00a0\u00a0\u00a0\u00a0\u00a0\u00a0\u00a0\u00a0\u00a0\u00a0\u00a0\u00a0\u00a0\u00a0\u00a0\u00a0\u00a0 stravoven\u00a0 <em>MUDr. Magdalena Zimov\u00e1, CSc., SZ\u00da Praha<\/em><\/p>\n<p>10.20 \u00a0\u00a0\u00a0\u00a0\u00a0\u00a0\u00a0\u00a0 Nakl\u00e1d\u00e1n\u00ed s\u00a0biologicky rozlo\u017eiteln\u00fdmi odpady &#8211; pr\u00e1vn\u00ed r\u00e1mec z\u00a0pohledu M\u017dP a \u00a0\u00a0\u010cI\u017dP<em>\u00a0\u00a0\u00a0\u00a0\u00a0\u00a0\u00a0\u00a0\u00a0\u00a0\u00a0\u00a0 \u00a0Ing. Veronika Jarol\u00edmov\u00e1, M\u017dP odbor odpad\u016f<\/em><\/p>\n<p>10.40 \u00a0\u00a0\u00a0\u00a0\u00a0\u00a0\u00a0\u00a0 Nakl\u00e1d\u00e1n\u00ed s odpady ze spole\u010dn\u00e9ho stravov\u00e1n\u00ed a odpady potravin\u00e1\u0159sk\u00e9ho pr\u016fmyslu z pohledu St\u00e1tn\u00ed veterin\u00e1rn\u00ed spr\u00e1vy<em>\u00a0\u00a0\u00a0\u00a0\u00a0 MVDr. Radom\u00edr Belza SVS Praha<\/em><\/p>\n<p>12.00 &#8211; 12.30 <em>P\u0159est\u00e1vka na ob\u010derstven\u00ed <\/em><\/p>\n<p>12.30 \u00a0\u00a0\u00a0\u00a0\u00a0\u00a0\u00a0\u00a0 Hodnocen\u00ed vstup\u016f a v\u00fdstup\u016f za\u0159\u00edzen\u00ed pro zpracov\u00e1n\u00ed biologicky rozlo\u017eiteln\u00fdmi odpady z\u00a0kuchyn\u00ed a stravoven\u00a0 <em>Ing. Ladislava Mat\u011bj\u016f SZU, Praha\u00a0<\/em><\/p>\n<p><em>13.00 \u00a0\u00a0\u00a0\u00a0\u00a0\u00a0\u00a0\u00a0 <\/em>Mo\u017enosti vyu\u017eit\u00ed v\u00fdstup\u016f z kompost\u00e9r\u016f GreenGood\u00a0\u00a0\u00a0\u00a0\u00a0\u00a0\u00a0\u00a0\u00a0\u00a0\u00a0\u00a0\u00a0\u00a0\u00a0\u00a0\u00a0\u00a0\u00a0\u00a0\u00a0\u00a0\u00a0\u00a0\u00a0\u00a0\u00a0\u00a0\u00a0\u00a0\u00a0\u00a0\u00a0\u00a0\u00a0\u00a0\u00a0\u00a0\u00a0\u00a0\u00a0\u00a0\u00a0\u00a0\u00a0\u00a0\u00a0\u00a0\u00a0\u00a0\u00a0\u00a0\u00a0 <em>Ing. Jaroslav Hou\u010dek, UKZ\u00daZ Praha<\/em><\/p>\n<p><em>\u00a0<\/em>13.30 Diskuse<\/p>\n<p>14.00 Z\u00e1v\u011br<\/p>\n<p><strong>Organiza\u010dn\u00ed pokyny:<\/strong><\/p>\n<p>Term\u00edn a m\u00edsto kon\u00e1n\u00ed kon\u00e1n\u00ed: v\u00a0\u00fater\u00fd 24. 4. 2018<\/p>\n<p>St\u00e1tn\u00ed zdravotn\u00ed \u00fastav, \u0160rob\u00e1rova 48, 100 42 Praha 10, budova \u010d. 11, velk\u00e1 posluch\u00e1rna<\/p>\n<p>Spojen\u00ed: Metro \u2013 trasa A, stanice \u017delivsk\u00e9ho<\/p>\n<p>\u00da\u010dastnick\u00fd poplatek<\/p>\n<p>hygienick\u00e1 slu\u017eba, krajsk\u00e9 \u00fa\u0159ady, \u010cI\u017dP: 350 K\u010d<\/p>\n<p>\u010dlenov\u00e9 \u010cSP\u017dP: 800 K\u010d<\/p>\n<p>ostatn\u00ed : 1 000 K\u010d<\/p>\n<p>studenti a d\u016fchodci: 50 K\u010d<\/p>\n<p>Poplatek laskav\u011b uhra\u010fte bankovn\u00edm p\u0159evodem na \u00fa\u010det nebo po\u0161tovn\u00ed slo\u017eenkou do 20. 4. 2018, hotov\u011b\u00a0 jen po dohod\u011b\u00a0 &#8211; v\u00a0den kon\u00e1n\u00ed u prezence s\u00a0p\u0159\u00edplatkem 50 K\u010d<\/p>\n<p>Z\u00a0administrativn\u00edch d\u016fvod\u016f up\u0159ednost\u0148ujeme platbu bankovn\u00edm p\u0159evodem.<\/p>\n<p>\u010c\u00edslo \u00fa\u010dtu: 35 \u2013 5604130247 \/0100, variabiln\u00ed symbol: 2442018<\/p>\n<p>\u010cSP\u017dP nen\u00ed pl\u00e1tcem DPH.<\/p>\n<p>V\u00a0p\u0159\u00edkazu k\u00a0\u00fahrad\u011b vypl\u0148te, pros\u00edm, var. Symbol, I\u010cO,\u00a0 jm\u00e9no a n\u00e1zev Va\u0161\u00ed organizace. Bez t\u00e9to informace nelze Va\u0161i platbu p\u0159ipojit k\u00a0p\u0159ijat\u00e9 p\u0159ihl\u00e1\u0161ce a p\u0159ipravit p\u0159edem da\u0148ov\u00fd doklad.<\/p>\n<p>P\u0159ijet\u00ed p\u0159ihl\u00e1\u0161ek nepotvrzujeme, \u00fa\u010dastn\u00edky informujeme jen p\u0159i eventu\u00e1ln\u00ed organiza\u010dn\u00ed zm\u011bn\u011b. V\u00a0p\u0159\u00edpad\u011b ne\u00fa\u010dasti vlo\u017en\u00e9 nevrac\u00edme, je v\u0161ak mo\u017en\u00e9 vyslat n\u00e1hradn\u00edka. Da\u0148ov\u00fd doklad obdr\u017e\u00ed \u00fa\u010dastn\u00edci na po\u017e\u00e1d\u00e1n\u00ed p\u0159i prezenci.<\/p>\n<p><strong>Uz\u00e1v\u011brka p\u0159ihl\u00e1\u0161ek<\/strong><\/p>\n<p>P\u0159ihl\u00e1\u0161ky odes\u00edlejte nejl\u00e9pe elektronickou po\u0161tou na adresu organiza\u010dn\u00edho garanta do 20.4.2018. P\u0159ihl\u00e1\u0161ka je z\u00e1vazn\u00e1, i v\u00a0p\u0159\u00edpad\u011b ne\u00fa\u010dasti bude provedena fakturace.<\/p>\n<p><strong><em>Z\u00e1vazn\u00e1 p\u0159ihl\u00e1\u0161ka<\/em><\/strong><strong>\u00a0<\/strong><\/p>\n<p><strong>Nakl\u00e1d\u00e1n\u00ed s\u00a0biologicky rozlo\u017eiteln\u00fdm odpadem z\u00a0kuchyn\u00ed a\u00a0stravoven<\/strong><\/p>\n<p>kter\u00fd se uskute\u010dn\u00ed v \u00fater\u00fd 24. 4. 2018<\/p>\n<p><strong>\u00da\u010dastn\u00edk<\/strong> (jm\u00e9no)<\/p>\n<p>\u2026\u2026\u2026\u2026\u2026\u2026\u2026\u2026\u2026\u2026\u2026\u2026\u2026\u2026\u2026\u2026\u2026\u2026\u2026\u2026\u2026\u2026\u2026\u2026\u2026\u2026\u2026\u2026\u2026\u2026\u2026\u2026\u2026\u2026\u2026.<\/p>\n<p>E-mail \u2026\u2026\u2026\u2026\u2026\u2026\u2026\u2026\u2026\u2026\u2026\u2026\u2026\u2026\u2026\u2026\u2026\u2026\u2026\u2026\u2026\u2026\u2026\u2026\u2026\u2026\u2026\u2026\u2026\u2026\u2026\u2026\u2026\u2026\u2026<\/p>\n<p><strong>\u00a0Organizace:<\/strong> \u2026\u2026\u2026\u2026\u2026\u2026\u2026\u2026\u2026\u2026\u2026\u2026\u2026\u2026\u2026\u2026\u2026\u2026\u2026\u2026\u2026\u2026\u2026\u2026\u2026\u2026\u2026\u2026\u2026\u2026..<\/p>\n<p>I\u010cO\/DI\u010c: \u2026\u2026\u2026\u2026\u2026\u2026\u2026\u2026\u2026\u2026\u2026\u2026\u2026\u2026\u2026\u2026\u2026\u2026\u2026\u2026\u2026\u2026\u2026\u2026\u2026\u2026\u2026\u2026\u2026\u2026\u2026\u2026<\/p>\n<p><strong>Adresa:<\/strong> \u2026\u2026\u2026\u2026\u2026\u2026\u2026\u2026\u2026\u2026\u2026\u2026\u2026\u2026\u2026\u2026\u2026\u2026\u2026\u2026\u2026\u2026\u2026\u2026\u2026\u2026\u2026\u2026\u2026\u2026\u2026\u2026..<\/p>\n<p>Telefon: \u2026\u2026\u2026\u2026&#8230;&#8230;&#8230;&#8230;&#8230;&#8230;&#8230;&#8230;&#8230;&#8230;&#8230;&#8230; mobil: \u2026\u2026..\u2026.\u2026\u2026\u2026\u2026\u2026\u2026\u2026\u2026\u2026\u2026\u2026\u2026\u2026<\/p>\n<p>E \u2013mail: .\u2026\u2026\u2026\u2026\u2026\u2026\u2026\u2026\u2026\u2026\u2026\u2026\u2026\u2026\u2026\u2026\u2026\u2026\u2026\u2026\u2026\u2026\u2026\u2026\u2026\u2026\u2026\u2026\u2026\u2026\u2026\u2026.<\/p>\n<p><strong>Potvrzen\u00ed o platb\u011b<\/strong><\/p>\n<p><strong>vlo\u017en\u00e9\u00a0 <\/strong>\u00a0bylo zaplaceno na \u00fa\u010det \u010cSP\u017dP\u00a0\u00a0 \u010d. <strong>35-5604130247\/0100,\u00a0 variabiln\u00ed symbol : 2442018, <\/strong>zpr\u00e1va pro p\u0159\u00edjemce<strong>: <\/strong>jm\u00e9no nebo n\u00e1zev organizace<\/p>\n<p>Vlo\u017en\u00e9 v\u00a0\u010d\u00e1stce \u2026\u2026\u2026\u2026\u2026\u2026\u2026\u2026\u2026\u2026\u2026\u2026\u2026\u2026\u2026\u2026\u2026\u2026\u2026\u2026\u2026.\u2026&#8230;<\/p>\n<p>hrazeno z\u00a0\u00fa\u010dtu \u010d.:*:\u2026\u2026\u2026\u2026\u2026\u2026\u2026\u2026\u2026\u2026\u2026\u2026\u2026\u2026\u2026\u2026\u2026\u2026\u2026\u2026\u2026\u2026<\/p>\n<p>hrazno slo\u017eenkou*: \u2026\u2026\u2026\u2026\u2026\u2026\u2026\u2026\u2026\u2026\u2026\u2026\u2026\u2026\u2026\u2026\u2026\u2026\u2026..\u2026&#8230;<\/p>\n<p>hrazeno hotov\u011b u prezence* vyjime\u010dn\u011b s\u00a0p\u0159\u00edplatkem 50 K\u010d.<\/p>\n<p>\u00da\u010dastn\u00edk JE\/NEN\u00cd* \u010dlenem \u010cSP\u017dP<\/p>\n<p>(* Nehod\u00edc\u00ed se pros\u00edm \u0161krtn\u011bte.)<\/p>\n<p>Datum:<\/p>\n<p>Podpis, raz\u00edtko:<\/p>\n<h1><strong>12. dubna 2018<\/strong><\/h1>\n<p>\u010cesk\u00fd spolek pro p\u00e9\u010di o \u017eivotn\u00ed prost\u0159ed\u00ed ve spolupr\u00e1ci s\u00a0\u010cesk\u00fdm n\u00e1rodn\u00edm v\u00fdborem pro omezov\u00e1n\u00ed n\u00e1sledk\u016f katastrof \u010cNV ONK a M\u011bstskou \u010d\u00e1st\u00ed Praha 9<\/p>\n<p>si V\u00e1s dovoluje pozvat na dal\u0161\u00ed pokra\u010dov\u00e1n\u00ed smin\u00e1\u0159\u016f \u00a0cyklu \u201ePrevence katastof\u201c<\/p>\n<p><strong>Semin\u00e1\u0159 \u201e\u0160\u00ed\u0159en\u00ed varov\u00e1n\u00ed p\u0159ed katastrofami \u2013 jsme dob\u0159e p\u0159ipraveni?&#8220; <\/strong>se kon\u00e1 pod z\u00e1\u0161titou ministra zem\u011bd\u011blstv\u00ed Ji\u0159\u00edho Milka a ministra \u017eivotn\u00edho prost\u0159ed\u00ed Richarda Brabce<\/p>\n<p>V\u010dasn\u00e9 varov\u00e1n\u00ed v\u010detn\u011b \u0161\u00ed\u0159en\u00ed varovn\u00fdch informac\u00ed, p\u0159ipravenosti a adekv\u00e1tn\u00ed reakce jsou pro sn\u00ed\u017een\u00ed dopad\u016f katastrof kl\u00ed\u010dov\u00e9.\u00a0 Jsou uk\u00e1z\u00e1ny r\u016fzn\u00e9 mo\u017enosti \u0161\u00ed\u0159en\u00ed varovn\u00fdch informac\u00ed i po\u017eadavky na tyto informace jako p\u0159esnost, v\u010dasnost, lokalizace a tak\u00e9 srozumitelnost. D\u016fle\u017eit\u00fd je tak\u00e9 p\u0159edstih varovn\u00fdch informac\u00ed. Funk\u010dnost \u0161\u00ed\u0159en\u00ed varovn\u00fdch informac\u00ed, zejm\u00e9na modern\u00edch, je \u010dasto z\u00e1visl\u00e1 na elektrick\u00e9 energii \u010di m\u00e1lo odoln\u00e1 v\u016f\u010di p\u0159et\u00ed\u017een\u00ed, a proto je nutn\u00e9 pat\u0159i\u010dn\u00e9 z\u00e1lohov\u00e1n\u00ed nebo kombinace r\u016fzn\u00fdch druh\u016f \u0161\u00ed\u0159en\u00ed. Jsou uk\u00e1z\u00e1ny p\u0159\u00edklady vzniku a \u0161\u00ed\u0159en\u00ed varovn\u00fdch informac\u00ed v\u00a0p\u0159\u00edpad\u011b povodn\u00ed i jin\u00fdch druh\u016f katastrof. Vzd\u011bl\u00e1v\u00e1n\u00ed a zvy\u0161ov\u00e1n\u00ed p\u0159ipravenosti ob\u010dan\u016f i instituc\u00ed v\u00a0oblasti v\u010dasn\u00e9ho varov\u00e1n\u00ed v\u00fdznamn\u011b p\u0159isp\u00edvaj\u00ed ke sni\u017eov\u00e1n\u00ed dopad\u016f katastrof. (Ing. Ivan Obrusn\u00edk DrSc.v \u00favodn\u00ed p\u0159edn\u00e1\u0161ce)<\/p>\n<p>Pozv\u00e1nka s programem a p\u0159ihl\u00e1\u0161ka :<\/p>\n<ul>\n<li><a href=\"http:\/\/eagri.cz\/public\/web\/file\/578699\/Pozv_katastrofy_SireniVarovani_v3.pdf\">pozv\u00e1nka a program (PDF, 211 KB)<\/a><\/li>\n<li><a href=\"http:\/\/eagri.cz\/public\/web\/file\/578701\/Prihlaska_katastrofy_SireniVarovani.docx\">p\u0159ihla\u0161ovac\u00ed fotmul\u00e1\u0159 (DOCX, 19 KB)<\/a><\/li>\n<li>Kontakt spolekzp@csvts.cz,\u00a0 Ing. Libu\u0161e Deylov\u00e1\u00a0 tel.: 724 911 879\u00a0 libuse.deylova@volny.cz<\/li>\n<\/ul>\n<p><strong>\u00a0<\/strong><\/p>\n","protected":false},"excerpt":{"rendered":"<p>V\u00cdTEJTE NA STR\u00c1NK\u00c1CH \u010cESK\u00c9HO SPOLKU PRO P\u00c9\u010cI O \u017dIVOTN\u00cd PROST\u0158ED\u00cd \u010cESK\u00dd SPOLEK PRO P\u00c9\u010cI O \u017dIVOTN\u00cd PROST\u0158ED\u00cd a ST\u00c1TN\u00cd ZDRAVOTN\u00cd \u00daSTAV dovoluj\u00ed si V\u00e1s pozvat na odborn\u00fd semin\u00e1\u0159 s diskus\u00ed Nakl\u00e1d\u00e1n\u00ed s odpady ze zdravotnick\u00e9 a veterin\u00e1rn\u00ed p\u00e9\u010de Semin\u00e1\u0159 se uskute\u010dn\u00ed v \u00fater\u00fd 14. 12. 2021 od 9:00 do 14:00 On-line formou vzhledem k epidemiologick\u00e9 [&hellip;]<\/p>\n","protected":false},"author":3,"featured_media":0,"parent":0,"menu_order":0,"comment_status":"closed","ping_status":"closed","template":"","meta":{"footnotes":""},"class_list":["post-806","page","type-page","status-publish","hentry"],"_links":{"self":[{"href":"http:\/\/www.spolky-csvts.cz\/spolekzp\/wp-json\/wp\/v2\/pages\/806","targetHints":{"allow":["GET"]}}],"collection":[{"href":"http:\/\/www.spolky-csvts.cz\/spolekzp\/wp-json\/wp\/v2\/pages"}],"about":[{"href":"http:\/\/www.spolky-csvts.cz\/spolekzp\/wp-json\/wp\/v2\/types\/page"}],"author":[{"embeddable":true,"href":"http:\/\/www.spolky-csvts.cz\/spolekzp\/wp-json\/wp\/v2\/users\/3"}],"replies":[{"embeddable":true,"href":"http:\/\/www.spolky-csvts.cz\/spolekzp\/wp-json\/wp\/v2\/comments?post=806"}],"version-history":[{"count":96,"href":"http:\/\/www.spolky-csvts.cz\/spolekzp\/wp-json\/wp\/v2\/pages\/806\/revisions"}],"predecessor-version":[{"id":1193,"href":"http:\/\/www.spolky-csvts.cz\/spolekzp\/wp-json\/wp\/v2\/pages\/806\/revisions\/1193"}],"wp:attachment":[{"href":"http:\/\/www.spolky-csvts.cz\/spolekzp\/wp-json\/wp\/v2\/media?parent=806"}],"curies":[{"name":"wp","href":"https:\/\/api.w.org\/{rel}","templated":true}]}}