{"id":885,"date":"2017-02-14T15:55:10","date_gmt":"2017-02-14T14:55:10","guid":{"rendered":"http:\/\/www.csvts.cz\/cspzp\/?page_id=885"},"modified":"2018-03-15T17:23:25","modified_gmt":"2018-03-15T16:23:25","slug":"akce-2017","status":"publish","type":"page","link":"http:\/\/www.spolky-csvts.cz\/spolekzp\/odborna-cinnost\/akce-2017\/","title":{"rendered":"Akce 2017"},"content":{"rendered":"<p><strong>14. z\u00e1\u0159\u00ed 2017<\/strong><\/p>\n<p>\u010cesk\u00fd spolek pro p\u00e9\u010di o \u017eivotn\u00ed prost\u0159ed\u00ed p\u0159i \u010cSVTS ve spolupr\u00e1ci s Ministerstvem \u017eivotn\u00edho prost\u0159ed\u00ed<\/p>\n<p>si V\u00e1s dovoluje pozvat na semin\u00e1\u0159 s diskus\u00ed<\/p>\n<p><strong>Posuzov\u00e1n\u00ed vliv\u016f z\u00e1m\u011br\u016f na \u017eivotn\u00ed prost\u0159ed\u00ed (EIA), v\u010detn\u011b v\u00fdkladu o aktu\u00e1ln\u00edch zm\u011bn\u00e1ch z\u00e1kon\u016f<\/strong><\/p>\n<p><strong>ve \u010dtvrtek 14. 9. 2017<\/strong><\/p>\n<p>v budov\u011b M\u017dP, Praha 10, Vr\u0161ovick\u00e1 10, zas. mistn. \u010d. 900<\/p>\n<p>P\u0159edn\u00e1\u0161\u00ed: <strong>JUDr. Libor Dvo\u0159\u00e1k, Ph.D<\/strong>., \u0159editel odboru legislativn\u00edho M\u017dP<\/p>\n<p>Odborn\u00e9 a organiza\u010dn\u00ed zaji\u0161t\u011bn\u00ed: RNDr. Vlastimila Mikulov\u00e1 \u010cSP\u017dP,<\/p>\n<p>Tel.\u010d.: 603511977, e-mail: spolekzp@csvts.cz<\/p>\n<p>&nbsp;<\/p>\n<p>C\u00edlem semin\u00e1\u0159e je sezn\u00e1mit \u00fa\u010dastn\u00edky se z\u00e1sadn\u00edmi zm\u011bnami v oblasti posuzov\u00e1n\u00ed vliv\u016f na \u017eivotn\u00ed prost\u0159ed\u00ed, tj. s pr\u00e1v\u011b vy\u0161lou <strong>novelou stavebn\u00edho z\u00e1kona\u00a0<\/strong> pod \u010d. 225\/2017 Sb., s \u00fa\u010dinnost\u00ed od 1. 1. 2018, kter\u00e1 zav\u00e1d\u00ed zcela nov\u00e9 typy \u0159\u00edzen\u00ed (\u00fazemn\u00ed \u0159\u00edzen\u00ed s posouzen\u00edm vliv\u016f na \u017eivotn\u00ed prost\u0159ed\u00ed a spole\u010dn\u00e9 \u00fazemn\u00ed a stavebn\u00ed \u0159\u00edzen\u00ed s posouzen\u00edm vliv\u016f na \u017eivotn\u00ed prost\u0159ed\u00ed) a s tzv. <strong>transpozi\u010dn\u00ed novelou z\u00e1kona o posouzen\u00edm vliv\u016f na \u017eivotn\u00ed prost\u0159ed\u00ed<\/strong> (EIA),\u00a0 kter\u00e1 prov\u00e1d\u00ed dal\u0161\u00ed podstatn\u00e9 zm\u011bny , nap\u0159. ve v\u011bci platnosti stanoviska EIA.<\/p>\n<p>&nbsp;<\/p>\n<p><a href=\"http:\/\/www.csvts.cz\/cspzp\/aktuality\/pozvanka-seminar-eia-14-9-17\/\" rel=\"attachment wp-att-1008\"><b>pozv\u00e1nka semin\u00e1\u0159 EIA 14.9.17<\/b><\/a><\/p>\n<p>&nbsp;<\/p>\n<p>&nbsp;<\/p>\n<pre><\/pre>\n<p>xxxxxxxxxxxxxxxxxxxxxxxxxxxxxxxxxxxxxxxxxxxxxxxxxxxxxxxxxxxxxxx<\/p>\n<p>&nbsp;<\/p>\n<p><strong>8. \u010dervna 2017<\/strong><\/p>\n<p>\u010cesk\u00fd spolek pro p\u00e9\u010di o \u017eivotn\u00ed prost\u0159ed\u00ed p\u0159i \u010cSVTS si v\u00e1s dovoluje pozvat na<\/p>\n<p><strong>semin\u00e1\u0159<\/strong><\/p>\n<p>B<strong>IOLOGICK\u00c1 ROZMANITOST A ZM\u011aNA KLIMATU<\/strong><strong>\u00a0 <\/strong><\/p>\n<p>&nbsp;<\/p>\n<p><strong>\u00a0ve \u010dtvrtek 8.6.2017 <\/strong><\/p>\n<p>v budov\u011b\u00a0 \u010cSVTS, Praha1 Novotn\u00e9ho l\u00e1vka 5 (vedle Karlova mostu)<\/p>\n<p>&nbsp;<\/p>\n<p>Odborn\u00fd garant: <strong>Ing. Milena Roudn\u00e1,\u00a0\u010cSP\u017dP<\/strong><\/p>\n<p>E-mail<strong>:<\/strong> <a href=\"mailto:milena.roudna@seznam.cz,%20spolekzp@csvts.cz\">milena.roudna@seznam.cz, spolekzp@csvts.cz<\/a><br \/>\nTelefon<strong>:<\/strong> 724 911 879 ; 2 210 85\u00a0365, 603511977<br \/>\nOrganiza\u010dn\u00ed garant: RNDr. Vlastimila Mikulov\u00e1, \u010cSP\u017dP<\/p>\n<p>Telefon: 221\u00a0082\u00a0365,\u00a0603511977, e-mail:spolekzp@csvts.cz<\/p>\n<p>&nbsp;<\/p>\n<p>Semin\u00e1\u0159 je v\u011bnovan\u00fd aktu\u00e1ln\u00edm ot\u00e1zk\u00e1m \u017eivotn\u00edho prost\u0159ed\u00ed, se zvl\u00e1\u0161tn\u00edm zam\u011b\u0159en\u00edm na zm\u011bnu klimatu, vliv na biologickou rozmanitost, p\u0159ijat\u00e1 opat\u0159en\u00ed a legislativn\u00ed ochranu v\u00a0\u010cR. Na dan\u00e1 t\u00e9mata p\u0159ednesou p\u0159\u00edsp\u011bvky vedouc\u00ed a odborn\u00ed pracovn\u00edci Ministerstva \u017eivotn\u00edho prost\u0159ed\u00ed a Agentury ochrany p\u0159\u00edrody a krajiny \u010cR.<\/p>\n<p>&nbsp;<\/p>\n<p><strong>PROGRAM\u00a0<\/strong><\/p>\n<p>&nbsp;<\/p>\n<p>,30 \u2013 10\u00a0\u00a0\u00a0\u00a0\u00a0\u00a0\u00a0\u00a0 Registrace \u00fa\u010dastn\u00edk\u016f<\/p>\n<p>10,00\u00a0\u00a0\u00a0\u00a0\u00a0\u00a0\u00a0\u00a0\u00a0\u00a0\u00a0\u00a0\u00a0\u00a0 <strong>Zah\u00e1jen\u00ed semin\u00e1\u0159e<\/strong><\/p>\n<p>Ing. Jan Jarol\u00edm, p\u0159edseda \u010cSP\u017dP<\/p>\n<p>10,15\u00a0\u00a0\u00a0\u00a0\u00a0\u00a0\u00a0\u00a0\u00a0\u00a0\u00a0\u00a0\u00a0\u00a0 <strong>Adaptace na zm\u011bnu klimatu v\u00a0\u010cesk\u00e9 republice<\/strong><\/p>\n<p>RNDr. Jakub Horeck\u00fd, PhD., odbor obecn\u00e9 ochrany p\u0159\u00edrody a krajiny, Ministerstvo \u017eivotn\u00edho prost\u0159ed\u00ed<\/p>\n<p>11,00\u00a0\u00a0\u00a0\u00a0\u00a0\u00a0\u00a0\u00a0\u00a0\u00a0\u00a0\u00a0\u00a0\u00a0 <strong>Novela z\u00e1kona o ochran\u011b p\u0159\u00edrody a krajiny<\/strong><\/p>\n<p>RNDr. Alena Vop\u00e1lkov\u00e1, \u0159editelka odboru zvl\u00e1\u0161tn\u00ed \u00fazemn\u00ed ochrany p\u0159\u00edrody a krajiny, Ministerstvo \u017eivotn\u00edho prost\u0159ed\u00ed<\/p>\n<p>12,00\u00a0\u00a0\u00a0\u00a0\u00a0\u00a0\u00a0\u00a0\u00a0\u00a0\u00a0\u00a0\u00a0\u00a0 P\u0159est\u00e1vka na ob\u010derstven\u00ed<\/p>\n<p>12,30\u00a0\u00a0\u00a0\u00a0\u00a0\u00a0\u00a0\u00a0\u00a0\u00a0\u00a0\u00a0\u00a0\u00a0 <strong>Pr\u00e1vn\u00ed \u00faprava nakl\u00e1d\u00e1n\u00ed s\u00a0geneticky modifikovan\u00fdmi organismy<\/strong><\/p>\n<p>Ing. Zuzana Doubkov\u00e1, vedouc\u00ed odd\u011blen\u00ed geneticky modifikovan\u00fdch organism\u016f, Ministerstvo \u017eivotn\u00edho prost\u0159ed\u00ed<\/p>\n<p>13,15\u00a0\u00a0\u00a0\u00a0\u00a0\u00a0\u00a0\u00a0\u00a0\u00a0\u00a0\u00a0\u00a0\u00a0 <strong>Monitoring a hodnocen\u00ed stavu druh\u016f a biotop\u016f v\u00a0\u010cesk\u00e9 republice<\/strong><\/p>\n<p><strong>\u00a0\u00a0\u00a0\u00a0\u00a0\u00a0\u00a0\u00a0\u00a0\u00a0\u00a0\u00a0\u00a0\u00a0\u00a0\u00a0\u00a0\u00a0\u00a0\u00a0\u00a0\u00a0\u00a0 <\/strong>Mgr. Karel Chobot, PhD., \u0159editel odboru monitoringu biodiverzity,<\/p>\n<p>Agentura ochrany p\u0159\u00edrody a krajiny \u010cR<\/p>\n<p>14,00\u00a0\u00a0\u00a0\u00a0\u00a0\u00a0\u00a0\u00a0\u00a0\u00a0\u00a0\u00a0\u00a0\u00a0 <strong>Zm\u011bna klimatu a biologick\u00e1 rozmanitost<\/strong><\/p>\n<p>Ing. Milena Roudn\u00e1, CSc., \u010cesk\u00fd spolek pro p\u00e9\u010di o \u017eivotn\u00ed prost\u0159ed\u00ed<\/p>\n<p>14,30\u00a0\u00a0\u00a0\u00a0\u00a0\u00a0\u00a0\u00a0\u00a0\u00a0\u00a0\u00a0\u00a0\u00a0 Diskuse a z\u00e1v\u011br semin\u00e1\u0159e<\/p>\n<pre><\/pre>\n<p>P\u0159ihl\u00e1\u0161ka zd<\/p>\n<p>&nbsp;<\/p>\n<p>&nbsp;<\/p>\n<p><strong>18. kv\u011btna\u00a0 2017<\/strong><\/p>\n<p>Dovolujeme si V\u00e1s pozvat na tradi\u010dn\u00ed semin\u00e1\u0159, kter\u00fd po\u0159\u00e1d\u00e1<\/p>\n<p>\u010cesk\u00fd n\u00e1rodn\u00ed v\u00fdbor pro omezov\u00e1n\u00ed n\u00e1sledk\u016f katastrof\u00a0 a \u010cesk\u00fd spolek pro p\u00e9\u010di o \u017eivotn\u00ed\u00a0prost\u0159ed\u00ed\u00a0ve spolupr\u00e1ci\u00a0s Radnic\u00ed M\u010c Praha 9<\/p>\n<p>v r\u00e1mci cyklu \u201ePrevence katastrof \u2013 ochrana obyvatel a \u017eivotn\u00edho prost\u0159ed\u00ed\u201c<\/p>\n<p><strong>Semin\u00e1\u0159<\/strong><\/p>\n<p><strong> SUCHO A POVODN\u011a JAKO KRIZOV\u00c9 SITUACE V\u00ddSTRAHY, RYCHL\u00c1 REAKCE, KRIZOV\u00c9 \u0158\u00cdZEN\u00cd<\/strong><\/p>\n<p><strong>\u00a0<\/strong>se kon\u00e1 pod <a href=\"http:\/\/portal.chmi.cz\/files\/portal\/docs\/katastrofy\/udalosti\/M_Jure\u010dkaMZeZastita_Sucho_a_povodn\u011b_jako_krizove_situace.pdf\"><u><span style=\"color: #0066cc;\">z\u00e1\u0161titou<\/span><\/u><\/a><\/p>\n<p><strong>ministra zem\u011bd\u011blstv\u00ed, Mariana Jure\u010dky\u00a0<\/strong>\u00a0\u00a0 a<\/p>\n<p><strong>ministra \u017eivotn\u00edho prost\u0159ed\u00ed, Richarda Brabce<\/strong><\/p>\n<p>Semin\u00e1\u0159 je zam\u011b\u0159en na zv\u00fd\u0161en\u00ed p\u0159ipravenosti na sucho i povodn\u011b a adekv\u00e1tn\u00ed reakci na tyto krizov\u00e9 situace s\u00a0vyu\u017eit\u00edm v\u0161ech dostupn\u00fdch informac\u00ed a prost\u0159edk\u016f tak, aby ztr\u00e1ty na \u017eivotech a majetku byly co nejmen\u0161\u00ed.<\/p>\n<p><strong>Program semin\u00e1\u0159e<\/strong> se soust\u0159ed\u00ed na aktu\u00e1ln\u00ed situace \u2013 uk\u00e1\u017ee, jak vznikaj\u00ed p\u0159edpov\u011bdi a odstup\u0148ovan\u00e9 v\u00fdstrahy na sucho a povodn\u011b (v\u010detn\u011b p\u0159\u00edvalov\u00fdch), jak se \u0161\u00ed\u0159\u00ed, jak jim rozum\u011bt a co po jejich obdr\u017een\u00ed d\u011blat, kde je najdeme (weby, \u0161\u00ed\u0159en\u00ed po linii \u010cHM\u00da \u2013 HZS \u2013 obce), jak\u00e1 je \u010dinnost d\u016fle\u017eit\u00fdch slo\u017eek krizov\u00e9ho \u0159\u00edzen\u00ed a IZS. V\u0161e navazuje na stav pln\u011bn\u00ed Usnesen\u00ed vl\u00e1dy \u010d. 620\/2015 \u2013 zejm\u00e9na \u010d\u00e1st, kter\u00e1 se t\u00fdk\u00e1 operativn\u00edch opat\u0159en\u00ed, p\u0159\u00edpravy opera\u010dn\u00edch pl\u00e1n\u016f pro zvl\u00e1d\u00e1n\u00ed sucha a tak\u00e9 povod\u0148ov\u00fdch pl\u00e1n\u016f na z\u00e1klad\u011b platn\u00fdch a p\u0159ipravovan\u00fdch metodick\u00fdch pokyn\u016f M\u017dP a MZe. P\u0159\u00ednosem bude i informace o p\u0159ipravovan\u00e9 novele Vodn\u00edho z\u00e1kona, kter\u00e1 zahrne novou \u010d\u00e1st o suchu.<\/p>\n<p>Pozv\u00e1nka ke sta\u017een\u00ed<\/p>\n<p>http:\/\/www.csvts.cz\/spolky\/cspzp\/wp-content\/uploads\/2017\/04\/Sucho-Povodne_jako_KrizoveSituace-_pozvanka-3.pdf<\/p>\n<p>http:\/\/portal.chmi.cz\/files\/portal\/docs\/katastrofy\/Udalosti.html<\/p>\n<p>xxxxxxxxxxxxxxxxxxxxxxxxxxxxxxxxxxxxxxxxxxxxxxxxxxxxxxxxxxxxxxx<\/p>\n<p>&nbsp;<\/p>\n<p><b>25. dubna \u00a02017<\/b><\/p>\n<p>&nbsp;<\/p>\n<p>Dovolujeme si V\u00e1s pozvat \u00a0na\u00a0aktu\u00e1ln\u00ed semin\u00e1\u0159 \u010cSP\u017dP ve spolupr\u00e1ci se St\u00e1tn\u00edm zdravotn\u00edm \u00fastavem, Praha,\u00a0 kter\u00fd se bude konat v <strong>\u00fater\u00fd\u00a025.dubna \u00a02017<\/strong>\u00a0 od 9:30 hod. ve velk\u00e9 posluch\u00e1rn\u011b \u00a0budovy \u010d.11, St\u00e1tn\u00edho zdravotn\u00edho \u00fastavu Praha.<\/p>\n<p>T\u00e9ma semin\u00e1\u0159e: <strong>Nakl\u00e1d\u00e1n\u00ed s biologicky rozlo\u017eiteln\u00fdm odpadem z kuchyn\u00ed a stravoven<\/strong><\/p>\n<p>Program semin\u00e1\u0159e:<\/p>\n<p><strong>Sou\u010dasn\u00e1 rizika nakl\u00e1d\u00e1n\u00ed s\u00a0biologicky rozlo\u017eiteln\u00fdmi odpady z\u00a0kuchyn\u00ed a stravoven<\/strong><\/p>\n<p><i>MUDr. Magdalena Zimov\u00e1, CSc., SZ\u00da<\/i><\/p>\n<p><strong>Nakl\u00e1d\u00e1n\u00ed s\u00a0biologicky rozlo\u017eiteln\u00fdmi odpady \u2013 pr\u00e1vn\u00ed r\u00e1mec<\/strong><\/p>\n<p><i>Ing. Krist\u00fdna Hus\u00e1kov\u00e1, M\u017dP odbor odpad\u016f<\/i><\/p>\n<p><i>\u00a0<\/i><strong>Nakl\u00e1d\u00e1n\u00ed s odpady ze spole\u010dn\u00e9ho stravov\u00e1n\u00ed a odpady potravin\u00e1\u0159sk\u00e9ho pr\u016fmyslu z pohledu St\u00e1tn\u00ed veterin\u00e1rn\u00ed spr\u00e1vy<\/strong><\/p>\n<p><i>MVDr. Radom\u00edr Belza, SVS Praha<\/i><\/p>\n<p>12.00 h.\u00a0\u00a0\u00a0\u00a0 P\u0159est\u00e1vka na ob\u010derstven\u00ed<i> <\/i><\/p>\n<p><strong>Hodnocen\u00ed vstup\u016f a v\u00fdstup\u016f za\u0159\u00edzen\u00ed pro zpracov\u00e1n\u00ed biologicky rozlo\u017eiteln\u00fdmi odpady z\u00a0kuchyn\u00ed a stravoven<\/strong><\/p>\n<p><i>\u00a0Ing. Ladislava Mat\u011bj\u016f SZU, Praha<\/i><\/p>\n<p><strong>\u00a0Nakl\u00e1d\u00e1n\u00ed s\u00a0biologicky rozlo\u017eiteln\u00fdmi odpady z\u00a0kuchyn\u00ed a stravoven z\u00a0pohledu \u010cI\u017dP <\/strong><\/p>\n<p><i>\u00a0Ing. Veronika Jarol\u00edmov\u00e1, \u010cI\u017dP Praha <\/i><\/p>\n<p>14.00 h.\u00a0\u00a0\u00a0\u00a0 Diskuse<\/p>\n<p>14.30 h. \u00a0\u00a0\u00a0 Z\u00e1v\u011br<\/p>\n<p>&nbsp;<\/p>\n<p><b>Odborn\u00fd garant: <\/b><\/p>\n<p><b>MUDr. Magdalena Zimov\u00e1, SZ\u00da Praha\/\u010cSP\u017dP <\/b><\/p>\n<p>Organiza\u010dn\u00ed garant:<\/p>\n<p>Ing. Anna Cidlinov\u00e1, SZ\u00da Praha\/\u010cSP\u017dP \u2013 tel.: 26708 2303, e-mail: anna.cidlinova@szu.cz<\/p>\n<p>RNDr. Vlastimila Mikulov\u00e1, F\u017dP\/\u010cSP\u017dP \u2013 tel.: 221\u00a0082\u00a0365,\u00a0603511977, e-mail:spolekzp@csvts.cz<\/p>\n<p>&nbsp;<\/p>\n<p>&nbsp;<\/p>\n<p>&nbsp;<\/p>\n<p>xxxxxxxxxxxxxxxxxxxxxxxxxxxxxxxxxxxxxxxxxxxxxxxxxxxxxxxxxxxxxxxxxxxx<\/p>\n<p><b>14. b\u0159ezna 2017<\/b><\/p>\n<p>&nbsp;<\/p>\n<p>Dovolujeme si V\u00e1s pozvat \u00a0na v\u00fdznamn\u00fd semin\u00e1\u0159 \u010cSP\u017dP ve spolupr\u00e1ci se St\u00e1tn\u00edm zdravotn\u00edm \u00fastavem, Praha,\u00a0 kter\u00fd se bude konat v <strong>\u00fater\u00fd 14. b\u0159ezna 2017<\/strong>\u00a0 od 10,00 hod. ve velk\u00e9 posluch\u00e1rn\u011b \u00a0budovy \u010d.11, St\u00e1tn\u00edho zdravotn\u00edho \u00fastavu Praha.<\/p>\n<p>&nbsp;<\/p>\n<p>T\u00e9ma semin\u00e1\u0159e: <strong>Nakl\u00e1d\u00e1n\u00ed s odpady ze zdravotnick\u00e9 a veterin\u00e1rn\u00ed p\u00e9\u010de<\/strong><\/p>\n<p><strong>\u00a0<\/strong><br \/>\nC\u00edlem semin\u00e1\u0159e je sezn\u00e1mit \u00fa\u010dastn\u00edky s\u00a0 \u201eMetodikou pro nakl\u00e1d\u00e1n\u00ed s\u00a0odpady ze zdravotnick\u00fdch, veterin\u00e1rn\u00edch a jim podobn\u00fdch za\u0159\u00edzen\u00ed\u201c. Doporu\u010den\u00e9 postupy p\u0159i nakl\u00e1d\u00e1n\u00ed s\u00a0odpady ze zdravotn\u00ed a veterin\u00e1rn\u00ed p\u00e9\u010de vych\u00e1zej\u00edc\u00ed z\u00a0platn\u00fdch i p\u0159ipravovan\u00fdch pr\u00e1vn\u00edch p\u0159edpis\u016f v\u00a0oblasti odpadov\u00e9ho hospod\u00e1\u0159stv\u00ed, zdravotnictv\u00ed a z opat\u0159en\u00ed POH \u010cR. Semin\u00e1\u0159 p\u0159inese zku\u0161enosti org\u00e1n\u016f ve\u0159ejn\u00e9 spr\u00e1vy\u00a0 o stavu nakl\u00e1d\u00e1n\u00ed s\u00a0odpady ze zdravotn\u00ed a veterin\u00e1rn\u00ed p\u00e9\u010de. \u00da\u010dastn\u00edci budou tak\u00e9 sezn\u00e1meni s\u00a0nov\u00fdmi technologiemi \u00a0nakl\u00e1d\u00e1n\u00ed s\u00a0odpady, kter\u00e9 minimalizuj\u00ed zdravotn\u00ed a ekologick\u00e1 rizika\u00a0 a\u00a0 odpov\u00eddaj\u00ed princip\u016fm ob\u011bhov\u00e9ho hospod\u00e1\u0159stv\u00ed.<\/p>\n<p>Semin\u00e1\u0159 je ur\u010den pro \u0161irok\u00fd okruh osob, kter\u00e9 se zab\u00fdvaj\u00ed problematikou nakl\u00e1d\u00e1n\u00ed s\u00a0odpady ze zdravotn\u00ed a veterin\u00e1rn\u00ed p\u00e9\u010de nebo p\u0159i jejich\u017e \u010dinnosti vznik\u00e1 odpad, kter\u00fd vykazuje stejn\u00e9 vlastnosti a rizika.\u00a0 Jde p\u0159edev\u0161\u00edm o pracovn\u00edky zdravotnick\u00fdch za\u0159\u00edzen\u00ed a pracovn\u00edky, kte\u0159\u00ed poskytuj\u00ed veterin\u00e1rn\u00ed p\u00e9\u010di, odpadov\u00e9 hospod\u00e1\u0159e, kontroln\u00ed org\u00e1ny (\u010cI\u017dP, hygienickou slu\u017ebu), krajsk\u00e9 \u00fa\u0159ady, ORP, za\u0159\u00edzen\u00ed soci\u00e1ln\u00edch slu\u017eeb, pracovn\u00edky firem, kter\u00e9 nakl\u00e1daj\u00ed a p\u0159epravuj\u00ed \u00a0odpady ze zdravotn\u00ed a veterin\u00e1rn\u00ed p\u00e9\u010de apod.<\/p>\n<p>&nbsp;<\/p>\n<p>Odborn\u00fd garant:<\/p>\n<p>MUDr. Magdalena Zimov\u00e1, SZ\u00da Praha\/\u010cSP\u017dP<\/p>\n<p>Organiza\u010dn\u00ed garant:<\/p>\n<p>Ing. Anna Cidlinov\u00e1, SZU \u2013 tel.: 26708 2303, e-mail: anna.cidlinova@szu.cz<\/p>\n<p>RNDr. Vlastimila Mikulov\u00e1 \u2013 tel.: 221\u00a0082\u00a0365,\u00a0 e-mail:<a href=\"mailto:spolekzp@csvts.cz\"><u><span style=\"color: #0066cc;\">spolekzp@csvts.cz<\/span><\/u><\/a><\/p>\n<p><a href=\"http:\/\/www.csvts.cz\/spolky\/cspzp\/wp-content\/uploads\/2017\/02\/Pozva\u0301nka_.semin\u00e1\u0159_Zdrav._odp.-14.3.-_kone\u010dn\u00fd-_doc.doc\"><u><span style=\"color: #0066cc;\">Pozva\u0301nka ke sta\u017een\u00ed<\/span><\/u><\/a><\/p>\n<p>&nbsp;<\/p>\n<h3><\/h3>\n<h3><\/h3>\n<h3><\/h3>\n<h3><\/h3>\n<p>&nbsp;<\/p>\n","protected":false},"excerpt":{"rendered":"<p>14. z\u00e1\u0159\u00ed 2017 \u010cesk\u00fd spolek pro p\u00e9\u010di o \u017eivotn\u00ed prost\u0159ed\u00ed p\u0159i \u010cSVTS ve spolupr\u00e1ci s Ministerstvem \u017eivotn\u00edho prost\u0159ed\u00ed si V\u00e1s dovoluje pozvat na semin\u00e1\u0159 s diskus\u00ed Posuzov\u00e1n\u00ed vliv\u016f z\u00e1m\u011br\u016f na \u017eivotn\u00ed prost\u0159ed\u00ed (EIA), v\u010detn\u011b v\u00fdkladu o aktu\u00e1ln\u00edch zm\u011bn\u00e1ch z\u00e1kon\u016f ve \u010dtvrtek 14. 9. 2017 v budov\u011b M\u017dP, Praha 10, Vr\u0161ovick\u00e1 10, zas. mistn. \u010d. 900 [&hellip;]<\/p>\n","protected":false},"author":1,"featured_media":0,"parent":303,"menu_order":0,"comment_status":"closed","ping_status":"closed","template":"","meta":{"footnotes":""},"class_list":["post-885","page","type-page","status-publish","hentry"],"_links":{"self":[{"href":"http:\/\/www.spolky-csvts.cz\/spolekzp\/wp-json\/wp\/v2\/pages\/885","targetHints":{"allow":["GET"]}}],"collection":[{"href":"http:\/\/www.spolky-csvts.cz\/spolekzp\/wp-json\/wp\/v2\/pages"}],"about":[{"href":"http:\/\/www.spolky-csvts.cz\/spolekzp\/wp-json\/wp\/v2\/types\/page"}],"author":[{"embeddable":true,"href":"http:\/\/www.spolky-csvts.cz\/spolekzp\/wp-json\/wp\/v2\/users\/1"}],"replies":[{"embeddable":true,"href":"http:\/\/www.spolky-csvts.cz\/spolekzp\/wp-json\/wp\/v2\/comments?post=885"}],"version-history":[{"count":12,"href":"http:\/\/www.spolky-csvts.cz\/spolekzp\/wp-json\/wp\/v2\/pages\/885\/revisions"}],"predecessor-version":[{"id":1045,"href":"http:\/\/www.spolky-csvts.cz\/spolekzp\/wp-json\/wp\/v2\/pages\/885\/revisions\/1045"}],"up":[{"embeddable":true,"href":"http:\/\/www.spolky-csvts.cz\/spolekzp\/wp-json\/wp\/v2\/pages\/303"}],"wp:attachment":[{"href":"http:\/\/www.spolky-csvts.cz\/spolekzp\/wp-json\/wp\/v2\/media?parent=885"}],"curies":[{"name":"wp","href":"https:\/\/api.w.org\/{rel}","templated":true}]}}