{"id":46,"date":"2020-06-24T15:20:12","date_gmt":"2020-06-24T13:20:12","guid":{"rendered":"http:\/\/spolky.csvts.cz\/svcr\/?page_id=46"},"modified":"2025-12-20T23:22:32","modified_gmt":"2025-12-20T22:22:32","slug":"kontakt","status":"publish","type":"page","link":"http:\/\/www.spolky-csvts.cz\/svcr\/kontakt\/","title":{"rendered":"Kontakt"},"content":{"rendered":"<h2><strong>Sdru\u017een\u00ed vodohospod\u00e1\u0159\u016f \u010cesk\u00e9 republiky, z.s.<\/strong><\/h2>\n<p>Novotn\u00e9ho l\u00e1vka 5<\/p>\n<p>Praha 1<\/p>\n<p>I\u010cO 553310,<\/p>\n<p>Registrov\u00e1no u M\u011bstsk\u00e9ho soudu v Praze, odd\u00edl L, vlo\u017eka 933<\/p>\n<p>&nbsp;<\/p>\n<h2>Republikov\u00fd v\u00fdbor:<\/h2>\n<p><strong>Ing. Myslivcov\u00e1 Marie<\/strong>, p\u0159edsedkyn\u011b<\/p>\n<p>Prout\u011bn\u00e1 377\/16, \u00dajezdec u Pr\u016fhonic, 149 00 Praha 4<\/p>\n<p>Tel.: 604 710 830 e-mail: mariemyslivcova@seznam.cz<\/p>\n<p>&nbsp;<\/p>\n<p><strong>Ing. Franti\u0161ek M\u00e1tl<\/strong>, m\u00edstop\u0159edseda<\/p>\n<p>Mal\u00fd R\u016f\u017eenec 698\/8, Sob\u011b\u0161ice, 644 00 Brno<\/p>\n<p>&nbsp;<\/p>\n<p><strong>Ing. Anton\u00edn \u0160vanda<\/strong>, jednatel<\/p>\n<p>Le\u010dkova 1521\/15, Chodov, 149 00 Praha 4<\/p>\n<p>&nbsp;<\/p>\n<p><strong>Marie Vytla\u010dilov\u00e1<\/strong>, hospod\u00e1\u0159ka<\/p>\n<p>U Hav\u00edrny 598, \u017di\u017ekov, 284 01 Kutn\u00e1 Hora<\/p>\n<p>&nbsp;<\/p>\n<p><strong>Ing. Franti\u0161ek Bal\u0161\u00edk<\/strong>, \u010dlen v\u00fdboru<\/p>\n<p>Pila\u0159ova 868\/9, \u017deb\u011bt\u00edn, 641 00 Brno<\/p>\n<p>&nbsp;<\/p>\n<p><strong>Ing. Eva Valterov\u00e1<\/strong>, \u010dlenka v\u00fdboru<\/p>\n<p>Dobru\u0161sk\u00e1 480, 517 73 Opo\u010dno<\/p>\n<p>&nbsp;<\/p>\n<p><strong>Ing. Libu\u0161e V\u00edzkov\u00e1<\/strong>, \u010dlenka v\u00fdboru<\/p>\n<p>U Plov\u00e1rny 1416, 504 01 Nov\u00fd Byd\u017eov<\/p>\n<p>&nbsp;<\/p>\n<h2>Kontroln\u00ed komise:<\/h2>\n<p><strong>Hana Kratochv\u00edlov\u00e1<\/strong>, p\u0159edsedkyn\u011b<\/p>\n<p>Doma\u017elick\u00e1 1692\/54, 251 01 \u0158\u00ed\u010dany<\/p>\n<p>&nbsp;<\/p>\n<p><strong>Mgr. Iva Kupeck\u00e1<\/strong>, \u010dlenka kontroln\u00ed komise<\/p>\n<p>Trocnovsk\u00e1 57, Sedlec, 284 03 Kutn\u00e1 Hora<\/p>\n<p>&nbsp;<\/p>\n<p><strong>Ing. Libu\u0161e V\u00edzkov\u00e1<\/strong>, \u010dlenka kontroln\u00ed komise<\/p>\n<p>U Plov\u00e1rny 1416, 504 01 Nov\u00fd Byd\u017eov<\/p>\n","protected":false},"excerpt":{"rendered":"<p>Sdru\u017een\u00ed vodohospod\u00e1\u0159\u016f \u010cesk\u00e9 republiky, z.s. Novotn\u00e9ho l\u00e1vka 5 Praha 1 I\u010cO 553310, Registrov\u00e1no u M\u011bstsk\u00e9ho soudu v Praze, odd\u00edl L, vlo\u017eka 933 &nbsp; Republikov\u00fd v\u00fdbor: Ing. Myslivcov\u00e1 Marie, p\u0159edsedkyn\u011b Prout\u011bn\u00e1 377\/16, \u00dajezdec u Pr\u016fhonic, 149 00 Praha 4 Tel.: 604 710 830 e-mail: mariemyslivcova@seznam.cz &nbsp; Ing. Franti\u0161ek M\u00e1tl, m\u00edstop\u0159edseda Mal\u00fd R\u016f\u017eenec 698\/8, Sob\u011b\u0161ice, 644 00 [&hellip;]<\/p>\n","protected":false},"author":1,"featured_media":0,"parent":0,"menu_order":0,"comment_status":"closed","ping_status":"closed","template":"","meta":{"footnotes":""},"class_list":["post-46","page","type-page","status-publish","hentry"],"_links":{"self":[{"href":"http:\/\/www.spolky-csvts.cz\/svcr\/wp-json\/wp\/v2\/pages\/46","targetHints":{"allow":["GET"]}}],"collection":[{"href":"http:\/\/www.spolky-csvts.cz\/svcr\/wp-json\/wp\/v2\/pages"}],"about":[{"href":"http:\/\/www.spolky-csvts.cz\/svcr\/wp-json\/wp\/v2\/types\/page"}],"author":[{"embeddable":true,"href":"http:\/\/www.spolky-csvts.cz\/svcr\/wp-json\/wp\/v2\/users\/1"}],"replies":[{"embeddable":true,"href":"http:\/\/www.spolky-csvts.cz\/svcr\/wp-json\/wp\/v2\/comments?post=46"}],"version-history":[{"count":6,"href":"http:\/\/www.spolky-csvts.cz\/svcr\/wp-json\/wp\/v2\/pages\/46\/revisions"}],"predecessor-version":[{"id":247,"href":"http:\/\/www.spolky-csvts.cz\/svcr\/wp-json\/wp\/v2\/pages\/46\/revisions\/247"}],"wp:attachment":[{"href":"http:\/\/www.spolky-csvts.cz\/svcr\/wp-json\/wp\/v2\/media?parent=46"}],"curies":[{"name":"wp","href":"https:\/\/api.w.org\/{rel}","templated":true}]}}