{"id":64,"date":"2020-06-24T16:11:22","date_gmt":"2020-06-24T14:11:22","guid":{"rendered":"http:\/\/spolky.csvts.cz\/svcr\/?page_id=64"},"modified":"2020-06-25T08:38:36","modified_gmt":"2020-06-25T06:38:36","slug":"oblasti","status":"publish","type":"page","link":"http:\/\/www.spolky-csvts.cz\/svcr\/oblasti\/","title":{"rendered":"Pobo\u010dn\u00e9 spolky"},"content":{"rendered":"<h2><strong>Sdru\u017een\u00ed vodohospod\u00e1\u0159\u016f \u010cR, z. s. oblast Praha a St\u0159edn\u00ed \u010cechy<\/strong><\/h2>\n<p>Novotn\u00e9ho l\u00e1vka 200\/5<\/p>\n<p>Star\u00e9 M\u011bsto<\/p>\n<p>110 00 Praha<\/p>\n<p>&nbsp;<\/p>\n<h2><strong>Sdru\u017een\u00ed vodohospod\u00e1\u0159\u016f \u010cR, z. s. oblast Kutn\u00e1 Hora<\/strong><\/h2>\n<p>V\u00edt\u011bzn\u00e1 425<\/p>\n<p>Sedlec<\/p>\n<p>284 03 Kutn\u00e1 Hora<\/p>\n<p><a href=\"http:\/\/www.vodakh.cz\">www. vodakh.cz<\/a><\/p>\n<p>&nbsp;<\/p>\n<h2><strong>Sdru\u017een\u00ed vodohospod\u00e1\u0159\u016f \u010cR, z. s. oblast Morava<\/strong><\/h2>\n<p>Mal\u00fd R\u016f\u017eenec 698\/8<\/p>\n<p>Sob\u011b\u0161ice<\/p>\n<p>644 00 Brno<\/p>\n<blockquote class=\"wp-embedded-content\" data-secret=\"GbiCCk4rbt\"><p><a href=\"https:\/\/www.vodakh.cz\/\"><\/a><\/p><\/blockquote>\n<p><iframe class=\"wp-embedded-content\" sandbox=\"allow-scripts\" security=\"restricted\" style=\"position: absolute; clip: rect(1px, 1px, 1px, 1px);\" title=\"&#8222;&#8220; &#8212; KUTN\u00c1 HORA\" src=\"https:\/\/www.vodakh.cz\/embed\/#?secret=GbiCCk4rbt\" data-secret=\"GbiCCk4rbt\" width=\"600\" height=\"338\" frameborder=\"0\" marginwidth=\"0\" marginheight=\"0\" scrolling=\"no\"><\/iframe><\/p>\n","protected":false},"excerpt":{"rendered":"<p>Sdru\u017een\u00ed vodohospod\u00e1\u0159\u016f \u010cR, z. s. oblast Praha a St\u0159edn\u00ed \u010cechy Novotn\u00e9ho l\u00e1vka 200\/5 Star\u00e9 M\u011bsto 110 00 Praha &nbsp; Sdru\u017een\u00ed vodohospod\u00e1\u0159\u016f \u010cR, z. s. oblast Kutn\u00e1 Hora V\u00edt\u011bzn\u00e1 425 Sedlec 284 03 Kutn\u00e1 Hora www. vodakh.cz &nbsp; Sdru\u017een\u00ed vodohospod\u00e1\u0159\u016f \u010cR, z. s. oblast Morava Mal\u00fd R\u016f\u017eenec 698\/8 Sob\u011b\u0161ice 644 00 Brno<\/p>\n","protected":false},"author":1,"featured_media":0,"parent":0,"menu_order":0,"comment_status":"closed","ping_status":"closed","template":"","meta":{"footnotes":""},"class_list":["post-64","page","type-page","status-publish","hentry"],"_links":{"self":[{"href":"http:\/\/www.spolky-csvts.cz\/svcr\/wp-json\/wp\/v2\/pages\/64","targetHints":{"allow":["GET"]}}],"collection":[{"href":"http:\/\/www.spolky-csvts.cz\/svcr\/wp-json\/wp\/v2\/pages"}],"about":[{"href":"http:\/\/www.spolky-csvts.cz\/svcr\/wp-json\/wp\/v2\/types\/page"}],"author":[{"embeddable":true,"href":"http:\/\/www.spolky-csvts.cz\/svcr\/wp-json\/wp\/v2\/users\/1"}],"replies":[{"embeddable":true,"href":"http:\/\/www.spolky-csvts.cz\/svcr\/wp-json\/wp\/v2\/comments?post=64"}],"version-history":[{"count":5,"href":"http:\/\/www.spolky-csvts.cz\/svcr\/wp-json\/wp\/v2\/pages\/64\/revisions"}],"predecessor-version":[{"id":83,"href":"http:\/\/www.spolky-csvts.cz\/svcr\/wp-json\/wp\/v2\/pages\/64\/revisions\/83"}],"wp:attachment":[{"href":"http:\/\/www.spolky-csvts.cz\/svcr\/wp-json\/wp\/v2\/media?parent=64"}],"curies":[{"name":"wp","href":"https:\/\/api.w.org\/{rel}","templated":true}]}}