{"id":2,"date":"2011-03-11T11:58:20","date_gmt":"2011-03-11T11:58:20","guid":{"rendered":"http:\/\/www.csvts.cz\/cps\/?page_id=2"},"modified":"2022-09-21T12:13:21","modified_gmt":"2022-09-21T10:13:21","slug":"neco-o-me","status":"publish","type":"page","link":"https:\/\/www.spolky-csvts.cz\/cps\/","title":{"rendered":"O n\u00e1s"},"content":{"rendered":"<p>\u010cesk\u00e1 potravin\u00e1\u0159sk\u00e1 spole\u010dnost (\u010cPS) je dobrovoln\u00e9 sdru\u017een\u00ed odborn\u00edk\u016f z r\u016fzn\u00fdch obor\u016f potravin\u00e1\u0159sk\u00e9ho pr\u016fmyslu, pracovn\u00edk\u016f z potravin\u00e1\u0159sk\u00fdch v\u00fdzkumn\u00fdch \u00fastav\u016f, vysok\u00fdch \u0161kol, z\u00e1stupc\u016f dozorov\u00fdch org\u00e1n\u016f, hygienik\u016f, veterin\u00e1\u0159\u016f, zdravotn\u00edk\u016f a dal\u0161\u00ed z\u00e1jemc\u016f o problematiku v\u00fdroby a spot\u0159eby potravin.<\/p>\n<p>\u010cPS svoji \u010dinnost zabezpe\u010duje vytv\u00e1\u0159en\u00edm pracovn\u00edch skupin ad hoc ze sv\u00fdch \u010dlen\u016f i dal\u0161\u00edch expert\u016f na \u0159e\u0161en\u00ed konkr\u00e9tn\u00edch \u00fakol\u016f.<\/p>\n<p><a href=\"\/cps\/wp-content\/uploads\/2011\/03\/zp2010.doc\">Zpr\u00e1va o \u010dinnosti za rok 2010<\/a><\/p>\n<p><a href=\"\/cps\/wp-content\/uploads\/2011\/03\/zp2011.docx\">Zpr\u00e1va o \u010dinnosti za rok 2011<\/a><\/p>\n<p><a href=\"\/cps\/wp-content\/uploads\/2011\/03\/zp2012.doc\">Zpr\u00e1va o \u010dinnosti za rok 2012<\/a><\/p>\n<p><a href=\"\/cps\/wp-content\/uploads\/2011\/03\/zp2013.doc\">Zpr\u00e1va o \u010dinnosti za rok 2013<\/a><\/p>\n<p><a href=\"\/cps\/wp-content\/uploads\/2011\/03\/zp2014.doc\">Zpr\u00e1va o \u010dinnosti za rok 2014<\/a><\/p>\n<p><a href=\"\/cps\/wp-content\/uploads\/2011\/03\/zp2015.docx\">Zpr\u00e1va o \u010dinnosti za rok 2015<\/a><\/p>\n<p><span style=\"text-decoration: underline;\"><span style=\"color: #0000ff; text-decoration: underline;\"><a href=\"\/cps\/wp-content\/uploads\/2011\/03\/zp2016.doc\">Zpr\u00e1va o \u010dinnosti za rok 2016<\/a><\/span><\/span><\/p>\n<p><a href=\"\/cps\/wp-content\/uploads\/2019\/06\/zp2017.docx\">Zpr\u00e1va o \u010dinnosti za rok 2017<\/a><\/p>\n<p><a href=\"\/cps\/wp-content\/uploads\/2019\/06\/zp2018.docx\">Zpr\u00e1va o \u010dinnosti za rok 2018<\/a><\/p>\n<p><a href=\"http:\/\/www.spolky-csvts.cz\/cps\/wp-content\/uploads\/2022\/09\/zp2019.docx\">Zpr\u00e1va o \u010dinnosti za rok 2019<\/a><\/p>\n<p><a href=\"http:\/\/www.spolky-csvts.cz\/cps\/wp-content\/uploads\/2022\/09\/zp2020.docx\">Zpr\u00e1va o \u010dinnosti za rok 2020<\/a><\/p>\n<p><a href=\"http:\/\/www.spolky-csvts.cz\/cps\/wp-content\/uploads\/2022\/09\/zp2021.docx\">Zpr\u00e1va o \u010dinnosti za rok 2021<\/a><\/p>\n<h3>Potravin\u00e1\u0159sk\u00e9 \u00faterky<\/h3>\n<p>\u010cPS organizuje prost\u0159ednictv\u00edm sv\u00e9 Odborn\u00e9 skupiny pro nov\u00e9 sm\u011bry v potravin\u00e1\u0159sk\u00e9m pr\u016fmyslu pravideln\u00e9 odborn\u00e9 akce konan\u00e9 jednou m\u011bs\u00ed\u010dn\u011b (s v\u00fdjimkou \u010dervence, srpna a prosince) nazvan\u00e9 \u201e potravin\u00e1\u0159sk\u00e9 \u00faterky.\u201c<br \/>\nUveden\u00e9 akce sest\u00e1vaj\u00ed obvykle z jedno a\u017e jedno a p\u016fl hodinov\u00e9 p\u0159edn\u00e1\u0161ky a cca hodinov\u00e9 diskuse. V sou\u010dasn\u00e9 dob\u011b m\u00e1 tato forma odborn\u00fdch akc\u00ed troj\u00ed zam\u011b\u0159en\u00ed:<br \/>\n1. nov\u00e9 poznatky v oblasti potravin\u00e1\u0159sk\u00e9 v\u011bdy a techniky ,<br \/>\n2. potravin\u00e1\u0159sk\u00e9 asociace, spole\u010denstva a sdru\u017een\u00ed \u2013 jejich sou\u010dasn\u00fd stav a dal\u0161\u00ed v\u00fdvoj v oboru jejich p\u016fsobnosti,<br \/>\n3. p\u0159edstaven\u00ed p\u0159edn\u00ed potravin\u00e1\u0159sk\u00fdch podnik\u016f<br \/>\nVedle vlastn\u00edho sd\u011blen\u00ed se klade d\u016fraz na diskusi, kde mnohdy vznikaj\u00ed podn\u011btn\u00e9 n\u00e1vrhy na dal\u0161\u00ed postup \u010di \u0159e\u0161en\u00ed v dan\u00e9 oblasti. Potravin\u00e1\u0159sk\u00e9 \u00faterky vedle odborn\u00e9ho zm\u011b\u0159en\u00ed umo\u017e\u0148uj\u00ed i navazovat \u010detn\u00e9 odborn\u00e9 kontakty a pln\u00ed i roli klubov\u00fdch setk\u00e1n\u00ed \u010dlen\u016f \u010cSP.<\/p>\n<h3>Expertizn\u00ed \u010dinnost pro potravin\u00e1\u0159sk\u00e9 podniky<\/h3>\n<p>Odborn\u00e9 skupiny \u010cPS na vy\u017e\u00e1d\u00e1n\u00ed jsou schopny p\u0159ipravovat marketingov\u00e9 podklady pro uv\u00e1d\u011bn\u00ed potravin\u00e1\u0159sk\u00fdch v\u00fdrobk\u016f na trh, vyhodnocovat jejich nutri\u010dn\u00ed p\u0159\u00ednosy a reagovat na populistick\u00e9 projevy a m\u00fdty o potravin\u00e1ch.<\/p>\n<h3>Po\u017eadavky z\u00e1kona o potravin\u00e1ch<\/h3>\n<p>\u010cPS spolupracuje se st\u00e1tn\u00edmi org\u00e1ny \u010cR v oblasti zabezpe\u010den\u00ed problematiky zdravotn\u00ed nez\u00e1vadnosti (bezpe\u010dnosti potravin) z pohledu dozorov\u00e9 \u010dinnosti a aspekt\u016f mezin\u00e1rodn\u00ed spolupr\u00e1ce prost\u0159ednictv\u00edm speci\u00e1ln\u011b vytvo\u0159en\u00e9 pracovn\u00ed skupiny.<\/p>\n<h3>Potravin\u00e1\u0159sk\u00fd pr\u016fmysl \u2013 progn\u00f3zy a v\u00fdkonnost<\/h3>\n<p>V t\u00e9to oblasti se anga\u017euje skupina \u010dlen\u016f \u010cPS a spolupracuje na ofici\u00e1ln\u00edch materi\u00e1lech MZe a PK \u010cR k tomuto t\u00e9matu.<\/p>\n","protected":false},"excerpt":{"rendered":"<p>\u010cesk\u00e1 potravin\u00e1\u0159sk\u00e1 spole\u010dnost (\u010cPS) je dobrovoln\u00e9 sdru\u017een\u00ed odborn\u00edk\u016f z r\u016fzn\u00fdch obor\u016f potravin\u00e1\u0159sk\u00e9ho pr\u016fmyslu, pracovn\u00edk\u016f z potravin\u00e1\u0159sk\u00fdch v\u00fdzkumn\u00fdch \u00fastav\u016f, vysok\u00fdch [&hellip;]<\/p>\n","protected":false},"author":1,"featured_media":0,"parent":0,"menu_order":5,"comment_status":"closed","ping_status":"open","template":"","meta":{"footnotes":""},"class_list":["post-2","page","type-page","status-publish","hentry"],"_links":{"self":[{"href":"https:\/\/www.spolky-csvts.cz\/cps\/wp-json\/wp\/v2\/pages\/2","targetHints":{"allow":["GET"]}}],"collection":[{"href":"https:\/\/www.spolky-csvts.cz\/cps\/wp-json\/wp\/v2\/pages"}],"about":[{"href":"https:\/\/www.spolky-csvts.cz\/cps\/wp-json\/wp\/v2\/types\/page"}],"author":[{"embeddable":true,"href":"https:\/\/www.spolky-csvts.cz\/cps\/wp-json\/wp\/v2\/users\/1"}],"replies":[{"embeddable":true,"href":"https:\/\/www.spolky-csvts.cz\/cps\/wp-json\/wp\/v2\/comments?post=2"}],"version-history":[{"count":41,"href":"https:\/\/www.spolky-csvts.cz\/cps\/wp-json\/wp\/v2\/pages\/2\/revisions"}],"predecessor-version":[{"id":8898,"href":"https:\/\/www.spolky-csvts.cz\/cps\/wp-json\/wp\/v2\/pages\/2\/revisions\/8898"}],"wp:attachment":[{"href":"https:\/\/www.spolky-csvts.cz\/cps\/wp-json\/wp\/v2\/media?parent=2"}],"curies":[{"name":"wp","href":"https:\/\/api.w.org\/{rel}","templated":true}]}}