{"id":9,"date":"2011-03-11T13:21:08","date_gmt":"2011-03-11T12:21:08","guid":{"rendered":"http:\/\/www.csvts.cz\/cps\/?page_id=9"},"modified":"2019-06-19T13:51:41","modified_gmt":"2019-06-19T11:51:41","slug":"kontakt","status":"publish","type":"page","link":"https:\/\/www.spolky-csvts.cz\/cps\/kontakt\/","title":{"rendered":"Kontakt"},"content":{"rendered":"<p>P\u0159edsedkyn\u011b: Prof.Ing.Jana Dost\u00e1lov\u00e1, CSc.,&nbsp;jana.dostalova@vscht.cz<br \/>\nTajemnice:&nbsp;Ing. Inka Laudov\u00e1, <a href=\"mailto:inka.laudova@seznam.cz\">inka.laudova@seznam.cz<\/a><\/p>\n","protected":false},"excerpt":{"rendered":"<p>P\u0159edsedkyn\u011b: Prof.Ing.Jana Dost\u00e1lov\u00e1, CSc.,&nbsp;jana.dostalova@vscht.cz Tajemnice:&nbsp;Ing. Inka Laudov\u00e1, inka.laudova@seznam.cz<\/p>\n","protected":false},"author":1,"featured_media":0,"parent":0,"menu_order":30,"comment_status":"closed","ping_status":"open","template":"","meta":{"footnotes":""},"class_list":["post-9","page","type-page","status-publish","hentry"],"_links":{"self":[{"href":"https:\/\/www.spolky-csvts.cz\/cps\/wp-json\/wp\/v2\/pages\/9","targetHints":{"allow":["GET"]}}],"collection":[{"href":"https:\/\/www.spolky-csvts.cz\/cps\/wp-json\/wp\/v2\/pages"}],"about":[{"href":"https:\/\/www.spolky-csvts.cz\/cps\/wp-json\/wp\/v2\/types\/page"}],"author":[{"embeddable":true,"href":"https:\/\/www.spolky-csvts.cz\/cps\/wp-json\/wp\/v2\/users\/1"}],"replies":[{"embeddable":true,"href":"https:\/\/www.spolky-csvts.cz\/cps\/wp-json\/wp\/v2\/comments?post=9"}],"version-history":[{"count":16,"href":"https:\/\/www.spolky-csvts.cz\/cps\/wp-json\/wp\/v2\/pages\/9\/revisions"}],"predecessor-version":[{"id":2094,"href":"https:\/\/www.spolky-csvts.cz\/cps\/wp-json\/wp\/v2\/pages\/9\/revisions\/2094"}],"wp:attachment":[{"href":"https:\/\/www.spolky-csvts.cz\/cps\/wp-json\/wp\/v2\/media?parent=9"}],"curies":[{"name":"wp","href":"https:\/\/api.w.org\/{rel}","templated":true}]}}